{"id":28202,"date":"2023-08-22T11:36:04","date_gmt":"2023-08-22T09:36:04","guid":{"rendered":"https:\/\/umrajgrod.pl\/ogolne-dane-o-gminie\/"},"modified":"2023-09-29T11:58:38","modified_gmt":"2023-09-29T09:58:38","slug":"ogolne-dane-o-gminie","status":"publish","type":"page","link":"https:\/\/umrajgrod.pl\/en\/ogolne-dane-o-gminie\/","title":{"rendered":"General data about the commune"},"content":{"rendered":"\n<p>Nad brzegiem&nbsp;<strong>Jeziora Rajgrodzkiego<\/strong>, na wzg\u00f3rzu znajduj\u0105cym si\u0119 na rozleg\u0142ym cyplu, Ja\u0107wi\u0119gowie za\u0142o\u017cyli gr\u00f3d warowny. Raj zosta\u0142 zniszczony w po\u0142owie XIII wieku przez mazowiecko\u2013rusk\u0105 wypraw\u0119 odwetow\u0105.<br>W 1360 r. Kazimierz Wielki poleci\u0142 kasztelanowi wiskiemu wybudowa\u0107 warowny zamek w Rajgrodzie. Nie dopu\u015bcili do tego Krzy\u017cacy. Po1422 r. Rajgr\u00f3d sta\u0142 si\u0119 grodem litewskim. W tym czasie otrzyma\u0142 prawa miejskie i powsta\u0142a tu parafia.<br>Na pocz\u0105tku XVI wieku ksi\u0105\u017c\u0119 Miko\u0142aj Radziwi\u0142\u0142 z d\u00f3br goni\u0105dzko-rajgrodzkich uczyni\u0142 \u201eprywatne pa\u0144stwo\u201d.&nbsp;<strong>Anna Kiszczyna w 1568 r. nada\u0142a Rajgrodowi prawa miejskie magdeburskie.<\/strong>&nbsp;Od unii lubelskiej (1569 r.) wojew\u00f3dztwo podlaskie, a wi\u0119c i Rajgr\u00f3d, wesz\u0142o do Korony. Od 1571 r. do trzeciego rozbioru Polski Rajgr\u00f3d by\u0142 miastem kr\u00f3lewskim i siedzib\u0105 powiatu. 10 lipca 1794 r. pod Rajgrodem prusacy rozbili pospolite ruszenie i z\u0142amali op\u00f3r mieszczan. 29 maja 1831 r. pod Rajgrodem mia\u0142a miejsce zwyci\u0119ska bitwa wojsk polskich z Rosjanami. W szar\u017cy u\u0142an\u00f3w pozna\u0144skich poleg\u0142 mjr hr. Franciszek Mycielski. Po powstaniu styczniowym Rajgr\u00f3d utraci\u0142 prawa miejskie, kt\u00f3re przywr\u00f3cono w 1924 r. W okresie okupacji sowieckiej i hitlerowskiej miejscow\u0105 konspiracj\u0105 dowodzi\u0142 por. Andrzej Sobolewski ps. \u201eLis\u201d, kt\u00f3ry walczy\u0142 na Grz\u0119dach dowodz\u0105c 6. szwadronem 9. psk AK.<br><strong>Gmina Rajgr\u00f3d ma charakter rolniczo-turystyczny.<\/strong>&nbsp;Powierzchnia gminy wynosi 20 716 ha, w tym 5879 ha stanowi\u0105 lasy, a 1254 ha \u2013 wody.<br>Jezioro Rajgrodzkie o powierzchni 1514 ha, a tak\u017ce jeziora: Dre\u0144stwo i Tajno, bezpo\u015brednie s\u0105siedztwo z Biebrza\u0144skim Parkiem Narodowym, a zw\u0142aszcza unikalnym kompleksem bagienno-torfowym Czerwonego Bagna, kompleks le\u015bny \u2013 to wybitne walory przyrodnicze i turystyczne. Nad jeziorami znajduje si\u0119 10 o\u015brodk\u00f3w wczasowych. W gminie rozwija si\u0119 agroturystyka.<br>Grunty u\u017cytkowane rolniczo zajmuj\u0105 58% og\u00f3lnej powierzchni gminy. Wi\u0119kszo\u015b\u0107 gleb u\u017cytkowanych rolniczo zakwalifikowana jest do IV (45%) i V (23%) klasy bonitacyjnej. Powa\u017cny odsetek stanowi\u0105 gleby V i VI klasy &#8211; 28% powierzchni gminy.<br>Lasy, kt\u00f3re stanowi\u0105 28,37% powierzchni gminy, zar\u00f3wno pa\u0144stwowe jak i prywatne, zarz\u0105dzane i nadzorowane s\u0105 przez Nadle\u015bnictwo Rajgr\u00f3d. Od po\u0142udniowego-wschodu gmina graniczy z kompleksem le\u015bnym&nbsp;<strong>Biebrza\u0144skiego Parku Narodowego<\/strong>.<br>Nieco ponad 6% powierzchni gminy zajmuj\u0105 wody; g\u0142\u00f3wnie s\u0105 to powierzchnie zwi\u0105zane z Jeziorem Rajgrodzkim i rzek\u0105 Jegrzni\u0105. Przez Jezioro Rajgrodzkie, o og\u00f3lnej powierzchni 1514 ha, przebiega granica wojew\u00f3dztw i w granicach gminy Rajgr\u00f3d znajduje si\u0119 1000 ha jego powierzchni. W granicach admimistracyjnych gminy znajduje si\u0119 w ca\u0142o\u015bci zatoka wschodnia, cz\u0119\u015b\u0107 zbiornika g\u0142\u00f3wnego (tu znajduje si\u0119 najwi\u0119ksza g\u0142\u0119bia \u2013 52 m) oraz wi\u0119kszo\u015b\u0107 malowniczo po\u0142o\u017conej zatoki po\u0142udniowej. Z zatoki wschodniej wyp\u0142ywa rzeka Jegrznia, kt\u00f3ra po licznych meandrach wp\u0142ywa do jeziora Dr\u0119stwo (jezioro to nie le\u017cy w gminie, granica z s\u0105siedni\u0105 gmin\u0105 Barg\u0142\u00f3w Ko\u015bcielny przebiega po cz\u0119\u015bci linni brzegowej), nast\u0119pnie z niego wyp\u0142ywa i wpada na rozleg\u0142y teren&nbsp;<strong>Czerwonego Bagna<\/strong>. Natomiast z zatoki po\u0142udniowej bierze sw\u00f3j pocz\u0105tek Kana\u0142 Kuwasy, kt\u00f3ry wraz z mniejszymi kana\u0142ami i rowami melioracyjnymi tworzy sie\u0107 w\u00f3d powierzchniowych na rolniczej cz\u0119\u015bci gminy.<br>Siedzib\u0105 w\u0142adz gminy jest miasto Rajgr\u00f3d, po\u0142o\u017cone nad wschodni\u0105 zatok\u0105 Jeziora Rajgrodzkiego. Nazwa miasta sk\u0142ada si\u0119 z dw\u00f3ch cz\u0142on\u00f3w: \u201eRaj\u201d \u2013 pochodzenia ja\u0107wieskiego i \u201egr\u00f3d\u201d \u2013 pochodzenia s\u0142owia\u0144skiego.<br>W gminie mieszka 5969 os\u00f3b, w samym Rajgrodzie 1799. Poza Rajgrodem w sk\u0142ad gminy wchodz\u0105 wsie: Be\u0142da, Biebrza, Bukowo, Czarna Wie\u015b, Ciszewo, Danowo, Karczewo, Ko\u0142aki, Kosi\u0142y, Kos\u00f3wka, Koz\u0142\u00f3wka, Kuligi, \u0141azarze, Miecze, Orzech\u00f3wka, Pie\u0144czykowo, Pie\u0144czyk\u00f3wek, Przestrzele, Rybczyzna, Rydzewo, Skrodzkie, So\u0142ki, Stoczek, Turczyn, Tworki, Wojdy, Wo\u017anawie\u015b, W\u00f3lka Ma\u0142a, W\u00f3lka Piotrowska.<br><strong>Szko\u0142y w gminie:<\/strong>&nbsp;Gimnazjum im. Ks. J\u00f3zefa Radwa\u0144skiego w Rajgrodzie, Szko\u0142a Podstawowa im. Henryka Sienkiewicza w Rajgrodzie, Szko\u0142a Podstawowa w Wo\u017anejwsi z siedzib\u0105 w Karczewie oraz szko\u0142y podstawowe w: Be\u0142dzie i Rydzewie. Pod patronatem Domu Kultury dzia\u0142a orkiestra d\u0119ta. Towarzystwo Mi\u0142o\u015bnik\u00f3w Rajgrodu wydaje ksi\u0105\u017cki i miesi\u0119cznik \u201eRajgrodzkie Echa\u201d.<br>Do najwi\u0119kszych przedsi\u0119biorstw na terenie gminy zaliczamy: Zak\u0142ad Przemys\u0142u Mi\u0119snego \u201eEuropa\u201d, Przedsi\u0119biorstwo Handlowo Us\u0142ugowe \u201eJ\u0119dru\u015b\u201d, piekarni\u0119 oraz pieczarkarni\u0119.<br>W gminie s\u0105 trzy oczyszczalnie \u015bciek\u00f3w, nowoczesne wysypisko odpad\u00f3w sta\u0142ych i si\u0119\u0107 wodoci\u0105gowa ze stacj\u0105 uzdatniania wody. Gmina buduje wodoci\u0105gi i kolektory sanitarne. Inwestycje gminne ostatnich lat to: gimnazjum z hal\u0105 sportow\u0105, sieci wodoci\u0105gowe Miecze-Biebrza oraz Kosi\u0142y-Rydzewo-Kos\u00f3wka i boisko ze sztuczn\u0105 nawierzchni\u0105.<\/p>\n\n\n\n<p><strong>Pliki do pobrania:<\/strong><\/p>\n\n\n\n<div class=\"wp-block-file\"><a id=\"wp-block-file--media-c82d9942-017d-4a6a-827f-870ac367d161\" href=\"https:\/\/umrajgrod.pl\/wp-content\/uploads\/2023\/08\/5696296222fcd-SKM-283-UM-16011309010.pdf\">Statut Gminy<\/a><a href=\"https:\/\/umrajgrod.pl\/wp-content\/uploads\/2023\/08\/5696296222fcd-SKM-283-UM-16011309010.pdf\" class=\"wp-block-file__button wp-element-button\" download aria-describedby=\"wp-block-file--media-c82d9942-017d-4a6a-827f-870ac367d161\">Pobierz<\/a><\/div>\n\n\n\n<div class=\"wp-block-file\"><a id=\"wp-block-file--media-48838a07-fb65-408b-8e2f-287e837271d0\" href=\"https:\/\/umrajgrod.pl\/wp-content\/uploads\/2023\/08\/56962a250aa6b-aktualizacja_programu_ochrony_srodowiska.pdf\">Program Ochrony \u015arodowiska<\/a><a href=\"https:\/\/umrajgrod.pl\/wp-content\/uploads\/2023\/08\/56962a250aa6b-aktualizacja_programu_ochrony_srodowiska.pdf\" class=\"wp-block-file__button wp-element-button\" download aria-describedby=\"wp-block-file--media-48838a07-fb65-408b-8e2f-287e837271d0\">Pobierz<\/a><\/div>\n\n\n\n<div class=\"wp-block-file\"><a id=\"wp-block-file--media-a62576a3-5b72-4020-bc78-35aa016f76d6\" href=\"https:\/\/umrajgrod.pl\/wp-content\/uploads\/2023\/08\/56962b92e2bf5-1.pdf\">Gospodarka niskoemisyjna dla Gminy Rajgr\u00f3d<\/a><a href=\"https:\/\/umrajgrod.pl\/wp-content\/uploads\/2023\/08\/56962b92e2bf5-1.pdf\" class=\"wp-block-file__button wp-element-button\" download aria-describedby=\"wp-block-file--media-a62576a3-5b72-4020-bc78-35aa016f76d6\">Pobierz<\/a><\/div>\n\n\n\n<div class=\"wp-block-file\"><a id=\"wp-block-file--media-97bfb0c0-ccaa-4948-be9b-c22f0ccdb515\" href=\"https:\/\/umrajgrod.pl\/wp-content\/uploads\/2023\/08\/56962c3a9d150-12.pdf\">Za\u0142o\u017cenia do planu zaopatrzenia w ciep\u0142o, energi\u0119 elektryczn\u0105 i paliwa gazowe dla Gminy Rajgr\u00f3d na lata 2015-2030<\/a><a href=\"https:\/\/umrajgrod.pl\/wp-content\/uploads\/2023\/08\/56962c3a9d150-12.pdf\" class=\"wp-block-file__button wp-element-button\" download aria-describedby=\"wp-block-file--media-97bfb0c0-ccaa-4948-be9b-c22f0ccdb515\">Pobierz<\/a><\/div>\n","protected":false},"excerpt":{"rendered":"<p>Nad brzegiem&nbsp;Jeziora Rajgrodzkiego, na wzg\u00f3rzu znajduj\u0105cym si\u0119 na rozleg\u0142ym cyplu, Ja\u0107wi\u0119gowie za\u0142o\u017cyli gr\u00f3d warowny. Raj zosta\u0142 zniszczony w po\u0142owie XIII [&hellip;]<\/p>\n","protected":false},"author":4,"featured_media":0,"parent":0,"menu_order":0,"comment_status":"closed","ping_status":"closed","template":"","meta":{"inline_featured_image":false,"site-sidebar-layout":"default","site-content-layout":"","ast-site-content-layout":"default","site-content-style":"default","site-sidebar-style":"default","ast-global-header-display":"","ast-banner-title-visibility":"","ast-main-header-display":"","ast-hfb-above-header-display":"","ast-hfb-below-header-display":"","ast-hfb-mobile-header-display":"","site-post-title":"","ast-breadcrumbs-content":"","ast-featured-img":"","footer-sml-layout":"","ast-disable-related-posts":"","theme-transparent-header-meta":"","adv-header-id-meta":"","stick-header-meta":"","header-above-stick-meta":"","header-main-stick-meta":"","header-below-stick-meta":"","astra-migrate-meta-layouts":"set","ast-page-background-enabled":"default","ast-page-background-meta":{"desktop":{"background-color":"var(--ast-global-color-4)","background-image":"","background-repeat":"repeat","background-position":"center center","background-size":"auto","background-attachment":"scroll","background-type":"","background-media":"","overlay-type":"","overlay-color":"","overlay-opacity":"","overlay-gradient":""},"tablet":{"background-color":"","background-image":"","background-repeat":"repeat","background-position":"center center","background-size":"auto","background-attachment":"scroll","background-type":"","background-media":"","overlay-type":"","overlay-color":"","overlay-opacity":"","overlay-gradient":""},"mobile":{"background-color":"","background-image":"","background-repeat":"repeat","background-position":"center center","background-size":"auto","background-attachment":"scroll","background-type":"","background-media":"","overlay-type":"","overlay-color":"","overlay-opacity":"","overlay-gradient":""}},"ast-content-background-meta":{"desktop":{"background-color":"var(--ast-global-color-5)","background-image":"","background-repeat":"repeat","background-position":"center center","background-size":"auto","background-attachment":"scroll","background-type":"","background-media":"","overlay-type":"","overlay-color":"","overlay-opacity":"","overlay-gradient":""},"tablet":{"background-color":"var(--ast-global-color-5)","background-image":"","background-repeat":"repeat","background-position":"center center","background-size":"auto","background-attachment":"scroll","background-type":"","background-media":"","overlay-type":"","overlay-color":"","overlay-opacity":"","overlay-gradient":""},"mobile":{"background-color":"var(--ast-global-color-5)","background-image":"","background-repeat":"repeat","background-position":"center center","background-size":"auto","background-attachment":"scroll","background-type":"","background-media":"","overlay-type":"","overlay-color":"","overlay-opacity":"","overlay-gradient":""}},"footnotes":""},"class_list":["post-28202","page","type-page","status-publish","hentry"],"_links":{"self":[{"href":"https:\/\/umrajgrod.pl\/en\/wp-json\/wp\/v2\/pages\/28202","targetHints":{"allow":["GET"]}}],"collection":[{"href":"https:\/\/umrajgrod.pl\/en\/wp-json\/wp\/v2\/pages"}],"about":[{"href":"https:\/\/umrajgrod.pl\/en\/wp-json\/wp\/v2\/types\/page"}],"author":[{"embeddable":true,"href":"https:\/\/umrajgrod.pl\/en\/wp-json\/wp\/v2\/users\/4"}],"replies":[{"embeddable":true,"href":"https:\/\/umrajgrod.pl\/en\/wp-json\/wp\/v2\/comments?post=28202"}],"version-history":[{"count":1,"href":"https:\/\/umrajgrod.pl\/en\/wp-json\/wp\/v2\/pages\/28202\/revisions"}],"predecessor-version":[{"id":28205,"href":"https:\/\/umrajgrod.pl\/en\/wp-json\/wp\/v2\/pages\/28202\/revisions\/28205"}],"wp:attachment":[{"href":"https:\/\/umrajgrod.pl\/en\/wp-json\/wp\/v2\/media?parent=28202"}],"curies":[{"name":"wp","href":"https:\/\/api.w.org\/{rel}","templated":true}]}}