{"id":28208,"date":"2023-07-20T09:45:39","date_gmt":"2023-07-20T07:45:39","guid":{"rendered":"https:\/\/umrajgrod.pl\/atrakcje-turystyczne-i-zabytki\/"},"modified":"2023-09-29T12:51:29","modified_gmt":"2023-09-29T10:51:29","slug":"atrakcje-turystyczne-i-zabytki","status":"publish","type":"page","link":"https:\/\/umrajgrod.pl\/en\/atrakcje-turystyczne-i-zabytki\/","title":{"rendered":"Tourist attractions and monuments"},"content":{"rendered":"\n<div class=\"wp-block-columns are-vertically-aligned-center is-layout-flex wp-container-core-columns-is-layout-28f84493 wp-block-columns-is-layout-flex\">\n<div class=\"wp-block-column is-layout-flow wp-block-column-is-layout-flow\">\n<h2 class=\"wp-block-heading\">M\u0142yn na Wojdach<\/h2>\n\n\n\n<p>M\u0142yn wodny nad rzek\u0105 Jegrzni\u0105 w Wojdach wzniesiony w 1911 r. przez Wac\u0142awa Mo\u015bcickiego &#8211; ostatniego w\u0142a\u015bciciela maj\u0105tku Wojdy, w kt\u00f3rym znajdowa\u0142o si\u0119 ponad 100 ha staw\u00f3w rybnych.<\/p>\n<\/div>\n\n\n\n<div class=\"wp-block-column is-layout-flow wp-block-column-is-layout-flow\">\n<figure class=\"wp-block-image aligncenter size-full\"><img loading=\"lazy\" decoding=\"async\" width=\"314\" height=\"235\" src=\"https:\/\/umrajgrod.pl\/wp-content\/uploads\/2023\/07\/569640f71d345-152975.jpg\" alt=\"\" class=\"wp-image-20903\" srcset=\"https:\/\/umrajgrod.pl\/wp-content\/uploads\/2023\/07\/569640f71d345-152975.jpg 314w, https:\/\/umrajgrod.pl\/wp-content\/uploads\/2023\/07\/569640f71d345-152975-300x225.jpg 300w\" sizes=\"auto, (max-width: 314px) 100vw, 314px\" \/><\/figure>\n<\/div>\n<\/div>\n\n\n\n<div class=\"wp-block-columns is-layout-flex wp-container-core-columns-is-layout-28f84493 wp-block-columns-is-layout-flex\">\n<div class=\"wp-block-column is-vertically-aligned-top is-layout-flow wp-block-column-is-layout-flow\">\n<h2 class=\"wp-block-heading\">Ko\u015bci\u00f3\u0142 Parafialny pw. \u015bw. Wojciecha w Rydzewie<\/h2>\n\n\n\n<p>Drewniany, zbudowany w latach sze\u015b\u0107dziesi\u0105tych XIX wieku na planie prostok\u0105ta. Wewn\u0105trz&nbsp;<strong>zabytkowe organy<\/strong>.<\/p>\n<\/div>\n\n\n\n<div class=\"wp-block-column is-vertically-aligned-center is-layout-flow wp-block-column-is-layout-flow\">\n<figure class=\"wp-block-image aligncenter size-full is-resized\"><img loading=\"lazy\" decoding=\"async\" src=\"https:\/\/umrajgrod.pl\/wp-content\/uploads\/2023\/07\/569641862e09e-rydzewo1.jpg\" alt=\"\" class=\"wp-image-20909\" style=\"width:314px;height:176px\" width=\"314\" height=\"176\" srcset=\"https:\/\/umrajgrod.pl\/wp-content\/uploads\/2023\/07\/569641862e09e-rydzewo1.jpg 314w, https:\/\/umrajgrod.pl\/wp-content\/uploads\/2023\/07\/569641862e09e-rydzewo1-300x168.jpg 300w\" sizes=\"auto, (max-width: 314px) 100vw, 314px\" \/><\/figure>\n<\/div>\n<\/div>\n\n\n\n<div class=\"wp-block-columns are-vertically-aligned-center is-layout-flex wp-container-core-columns-is-layout-28f84493 wp-block-columns-is-layout-flex\">\n<div class=\"wp-block-column is-vertically-aligned-center is-layout-flow wp-block-column-is-layout-flow\">\n<h2 class=\"wp-block-heading\">Multimedialny Przewodnik po Gminie Rajgr\u00f3d<\/h2>\n\n\n\n<p>Serdecznie zapraszamy do obejrzenia wirtualnego spaceru po Gminie Rajgr\u00f3d<\/p>\n\n\n\n<p><a href=\"https:\/\/centelnetturystyka.pl\/GminaRajgrod\/spacer.html\" target=\"_blank\" rel=\"noopener\">Gmina Rajgr\u00f3d &#8211; wirtualny spacer<\/a><\/p>\n<\/div>\n\n\n\n<div class=\"wp-block-column is-vertically-aligned-center is-layout-flow wp-block-column-is-layout-flow\">\n<figure class=\"wp-block-image aligncenter size-full is-resized\"><img loading=\"lazy\" decoding=\"async\" src=\"https:\/\/umrajgrod.pl\/wp-content\/uploads\/2023\/07\/569df1375f154-Prezentacja1.jpg\" alt=\"\" class=\"wp-image-20915\" style=\"width:326px;height:204px\" width=\"326\" height=\"204\" srcset=\"https:\/\/umrajgrod.pl\/wp-content\/uploads\/2023\/07\/569df1375f154-Prezentacja1.jpg 800w, https:\/\/umrajgrod.pl\/wp-content\/uploads\/2023\/07\/569df1375f154-Prezentacja1-300x188.jpg 300w, https:\/\/umrajgrod.pl\/wp-content\/uploads\/2023\/07\/569df1375f154-Prezentacja1-768x480.jpg 768w\" sizes=\"auto, (max-width: 326px) 100vw, 326px\" \/><\/figure>\n<\/div>\n<\/div>\n\n\n\n<div class=\"wp-block-columns are-vertically-aligned-center is-layout-flex wp-container-core-columns-is-layout-28f84493 wp-block-columns-is-layout-flex\">\n<div class=\"wp-block-column is-vertically-aligned-center is-layout-flow wp-block-column-is-layout-flow\">\n<h2 class=\"wp-block-heading\">Rajgr\u00f3d &#8211; wirtualna wycieczka<\/h2>\n\n\n\n<p>Projekt &#8220;Rewitalizacja zabytkowego centrum miejscowo\u015bci Rajgr\u00f3d poprzez remont chodnik\u00f3w i parking\u00f3w, jako obszaru zale\u017cnego od rybactwa&#8221;<\/p>\n\n\n\n<p><a href=\"https:\/\/powiatgrajewski.wkraj.pl\/\" target=\"_blank\" rel=\"noopener\">RAJGR\u00d3D &#8211; wirtualna wycieczka<\/a><\/p>\n<\/div>\n\n\n\n<div class=\"wp-block-column is-vertically-aligned-center is-layout-flow wp-block-column-is-layout-flow\">\n<figure class=\"wp-block-image aligncenter size-full is-resized\"><img loading=\"lazy\" decoding=\"async\" src=\"https:\/\/umrajgrod.pl\/wp-content\/uploads\/2023\/07\/569df36bbd73b-Prezentacja2.jpg\" alt=\"\" class=\"wp-image-20921\" style=\"width:327px;height:204px\" width=\"327\" height=\"204\" srcset=\"https:\/\/umrajgrod.pl\/wp-content\/uploads\/2023\/07\/569df36bbd73b-Prezentacja2.jpg 800w, https:\/\/umrajgrod.pl\/wp-content\/uploads\/2023\/07\/569df36bbd73b-Prezentacja2-300x188.jpg 300w, https:\/\/umrajgrod.pl\/wp-content\/uploads\/2023\/07\/569df36bbd73b-Prezentacja2-768x480.jpg 768w\" sizes=\"auto, (max-width: 327px) 100vw, 327px\" \/><\/figure>\n<\/div>\n<\/div>\n\n\n\n<div class=\"wp-block-columns are-vertically-aligned-center is-layout-flex wp-container-core-columns-is-layout-28f84493 wp-block-columns-is-layout-flex\">\n<div class=\"wp-block-column is-vertically-aligned-center is-layout-flow wp-block-column-is-layout-flow\">\n<h2 class=\"wp-block-heading\">G\u00f3ra Zamkowa w Rajgrodzie<\/h2>\n\n\n\n<p>Wzniesienie o stromych zboczach si\u0119gaj\u0105ce do 15 m. nad poziom wody, znajduj\u0105ce si\u0119 na p\u00f3\u0142wyspie Jeziora Rajgrodzkiego najstarsza cz\u0119\u015b\u0107 Rajgrodu. W przesz\u0142o\u015bci by\u0142o to grodzisko ja\u0107wieskie, nast\u0119pnie gr\u00f3d ksi\u0105\u017c\u0119cy, a od 1571 do ko\u0144ca XVIII wieku dw\u00f3r starosty rajgrodzkiego. Obecnie z wierzcho\u0142ka g\u00f3ry podziwia\u0107 mo\u017cna panoram\u0119 jeziora i okolice; na zboczu g\u00f3ry estrada, a u jej podn\u00f3\u017ca pla\u017ca miejska.<\/p>\n<\/div>\n\n\n\n<div class=\"wp-block-column is-vertically-aligned-center is-layout-flow wp-block-column-is-layout-flow\">\n<figure class=\"wp-block-image aligncenter size-full is-resized\"><img loading=\"lazy\" decoding=\"async\" src=\"https:\/\/umrajgrod.pl\/wp-content\/uploads\/2023\/07\/569634ad16ff8-10503-151-rajgrod-2012-wrzesien.jpg\" alt=\"\" class=\"wp-image-20927\" style=\"width:326px;height:244px\" width=\"326\" height=\"244\" srcset=\"https:\/\/umrajgrod.pl\/wp-content\/uploads\/2023\/07\/569634ad16ff8-10503-151-rajgrod-2012-wrzesien.jpg 314w, https:\/\/umrajgrod.pl\/wp-content\/uploads\/2023\/07\/569634ad16ff8-10503-151-rajgrod-2012-wrzesien-300x225.jpg 300w\" sizes=\"auto, (max-width: 326px) 100vw, 326px\" \/><\/figure>\n<\/div>\n<\/div>\n\n\n\n<div class=\"wp-block-columns are-vertically-aligned-center is-layout-flex wp-container-core-columns-is-layout-28f84493 wp-block-columns-is-layout-flex\">\n<div class=\"wp-block-column is-vertically-aligned-center is-layout-flow wp-block-column-is-layout-flow\">\n<h2 class=\"wp-block-heading\">Ko\u015bci\u00f3\u0142 Parafialny pw. Narodzenia Naj\u015bwi\u0119tszej Marii Panny w Rajgrodzie.<\/h2>\n\n\n\n<p>Zbudowany z czerwonej ceg\u0142y w stylu neogotyckim, w latach 1906-12; tr\u00f3jnawowy, z transeptem. W nawach bocznych witra\u017ce. W o\u0142tarzu g\u0142\u00f3wnym XVII wieczny obraz Matki Boskiej Rajgrodzkiej &#8211; w opinii wiernych uznawany za cudowny. Parafia w Rajgrodzie erygowana zosta\u0142a w 1519 r. przez Miko\u0142aja Radziwi\u0142\u0142a.<\/p>\n<\/div>\n\n\n\n<div class=\"wp-block-column is-vertically-aligned-center is-layout-flow wp-block-column-is-layout-flow\">\n<figure class=\"wp-block-image aligncenter size-full is-resized\"><img loading=\"lazy\" decoding=\"async\" src=\"https:\/\/umrajgrod.pl\/wp-content\/uploads\/2023\/07\/5696355fbd786-Kosciol_Narodzenia_Najswietszej_Maryi_Panny_w_Rajgrodzie.jpg\" alt=\"\" class=\"wp-image-20933\" style=\"width:246px;height:328px\" width=\"246\" height=\"328\" srcset=\"https:\/\/umrajgrod.pl\/wp-content\/uploads\/2023\/07\/5696355fbd786-Kosciol_Narodzenia_Najswietszej_Maryi_Panny_w_Rajgrodzie.jpg 235w, https:\/\/umrajgrod.pl\/wp-content\/uploads\/2023\/07\/5696355fbd786-Kosciol_Narodzenia_Najswietszej_Maryi_Panny_w_Rajgrodzie-225x300.jpg 225w\" sizes=\"auto, (max-width: 246px) 100vw, 246px\" \/><\/figure>\n<\/div>\n<\/div>\n\n\n\n<div class=\"wp-block-columns are-vertically-aligned-center is-layout-flex wp-container-core-columns-is-layout-28f84493 wp-block-columns-is-layout-flex\">\n<div class=\"wp-block-column is-vertically-aligned-center is-layout-flow wp-block-column-is-layout-flow\">\n<h2 class=\"wp-block-heading\">Rajgrodzki rynek<\/h2>\n\n\n\n<p>Obecnie Plac 1000-lecia, kt\u00f3ry po ostatniej wojnie zasadzony zosta\u0142 drzewami. Zachowa\u0142 jednak tr\u00f3jk\u0105tny kszta\u0142t, poniewa\u017c powsta\u0142 przy rozwidleniu drogi wychodz\u0105cej z rajgrodzkiego dworu; jedna kierowa\u0142a si\u0119 ku Mazowszu, a druga na Litw\u0119. Przy rynku znajduje si\u0119 szereg kamieniczek z ko\u0144ca XIX wieku i pierwszych lat wieku XX. Cz\u0119\u015b\u0107 z nich jest typow\u0105 po\u017cydowsk\u0105 architektur\u0105<\/p>\n<\/div>\n\n\n\n<div class=\"wp-block-column is-vertically-aligned-center is-layout-flow wp-block-column-is-layout-flow\">\n<figure class=\"wp-block-image aligncenter size-full is-resized\"><img loading=\"lazy\" decoding=\"async\" src=\"https:\/\/umrajgrod.pl\/wp-content\/uploads\/2023\/07\/5696365736f39-szkola-henryka.jpg\" alt=\"\" class=\"wp-image-20939\" style=\"width:322px;height:190px\" width=\"322\" height=\"190\" srcset=\"https:\/\/umrajgrod.pl\/wp-content\/uploads\/2023\/07\/5696365736f39-szkola-henryka.jpg 314w, https:\/\/umrajgrod.pl\/wp-content\/uploads\/2023\/07\/5696365736f39-szkola-henryka-300x177.jpg 300w\" sizes=\"auto, (max-width: 322px) 100vw, 322px\" \/><\/figure>\n<\/div>\n<\/div>\n\n\n\n<div class=\"wp-block-columns are-vertically-aligned-center is-layout-flex wp-container-core-columns-is-layout-28f84493 wp-block-columns-is-layout-flex\">\n<div class=\"wp-block-column is-vertically-aligned-center is-layout-flow wp-block-column-is-layout-flow\">\n<h2 class=\"wp-block-heading\">Dworek organist\u00f3w (Konieck\u00f3w i Kurpiewskich)<\/h2>\n\n\n\n<p>XIX wieczny dworek znajduj\u0105cy si\u0119 w Rajgrodzie przy ulicy Warszawskiej, posiadaj\u0105cy charakterystyczny ganek z zadaszeniem wspartym na kolumnach.<\/p>\n<\/div>\n\n\n\n<div class=\"wp-block-column is-vertically-aligned-center is-layout-flow wp-block-column-is-layout-flow\">\n<figure class=\"wp-block-image aligncenter size-full is-resized\"><img loading=\"lazy\" decoding=\"async\" src=\"https:\/\/umrajgrod.pl\/wp-content\/uploads\/2023\/07\/569637b87e076-szkola-henryka.jpg\" alt=\"\" class=\"wp-image-20945\" style=\"width:317px;height:219px\" width=\"317\" height=\"219\" srcset=\"https:\/\/umrajgrod.pl\/wp-content\/uploads\/2023\/07\/569637b87e076-szkola-henryka.jpg 314w, https:\/\/umrajgrod.pl\/wp-content\/uploads\/2023\/07\/569637b87e076-szkola-henryka-300x207.jpg 300w\" sizes=\"auto, (max-width: 317px) 100vw, 317px\" \/><\/figure>\n<\/div>\n<\/div>\n\n\n\n<div class=\"wp-block-columns are-vertically-aligned-center is-layout-flex wp-container-core-columns-is-layout-28f84493 wp-block-columns-is-layout-flex\">\n<div class=\"wp-block-column is-vertically-aligned-center is-layout-flow wp-block-column-is-layout-flow\">\n<h2 class=\"wp-block-heading\">Kapliczka przydro\u017cna<\/h2>\n\n\n\n<p>Przy ulicy Warszawskiej w Rajgrodzie znajduje si\u0119 drewniana kapliczka z po\u0142owy XIX wieku. Wewn\u0105trz du\u017cy krzy\u017c z rze\u017ab\u0105 Chrystusa Ukrzy\u017cowanego &#8211; z pierwszej po\u0142owy XVII wieku.<\/p>\n<\/div>\n\n\n\n<div class=\"wp-block-column is-vertically-aligned-center is-layout-flow wp-block-column-is-layout-flow\">\n<figure class=\"wp-block-image aligncenter size-full is-resized\"><img loading=\"lazy\" decoding=\"async\" src=\"https:\/\/umrajgrod.pl\/wp-content\/uploads\/2023\/07\/569638e429f61-szkola-henryka.jpg\" alt=\"\" class=\"wp-image-20951\" style=\"width:311px;height:290px\" width=\"311\" height=\"290\"\/><\/figure>\n<\/div>\n<\/div>\n\n\n\n<div class=\"wp-block-columns are-vertically-aligned-center is-layout-flex wp-container-core-columns-is-layout-28f84493 wp-block-columns-is-layout-flex\">\n<div class=\"wp-block-column is-vertically-aligned-center is-layout-flow wp-block-column-is-layout-flow\">\n<h2 class=\"wp-block-heading\">Kaplica na cmentarzu<\/h2>\n\n\n\n<p>W Rajgrodzie na cmentarzu grzebalnym (naprzeciw ko\u015bcio\u0142a) znajduje si\u0119 murowana kaplica grobowa wzniesiona w 1826r. w stylu klasycystycznym<\/p>\n<\/div>\n\n\n\n<div class=\"wp-block-column is-vertically-aligned-center is-layout-flow wp-block-column-is-layout-flow\">\n<figure class=\"wp-block-image aligncenter size-full is-resized\"><img loading=\"lazy\" decoding=\"async\" src=\"https:\/\/umrajgrod.pl\/wp-content\/uploads\/2023\/07\/56963f72ccbf8-Cmentarz_rzymkat_z_kaplica_z_XIX_w.jpg\" alt=\"\" class=\"wp-image-20957\" style=\"width:321px;height:214px\" width=\"321\" height=\"214\" srcset=\"https:\/\/umrajgrod.pl\/wp-content\/uploads\/2023\/07\/56963f72ccbf8-Cmentarz_rzymkat_z_kaplica_z_XIX_w.jpg 314w, https:\/\/umrajgrod.pl\/wp-content\/uploads\/2023\/07\/56963f72ccbf8-Cmentarz_rzymkat_z_kaplica_z_XIX_w-300x200.jpg 300w\" sizes=\"auto, (max-width: 321px) 100vw, 321px\" \/><\/figure>\n<\/div>\n<\/div>\n\n\n\n<div class=\"wp-block-columns are-vertically-aligned-center is-layout-flex wp-container-core-columns-is-layout-28f84493 wp-block-columns-is-layout-flex\">\n<div class=\"wp-block-column is-vertically-aligned-center is-layout-flow wp-block-column-is-layout-flow\">\n<h2 class=\"wp-block-heading\">Dworek w Opartowie<\/h2>\n\n\n\n<p>XIX wieczny dworek, murowany, wzniesiony nad brzegiem Jeziora Rajgrodzkiego przez Nied\u017awieckich &#8211; by\u0142ych w\u0142a\u015bcicieli Opartowa.<\/p>\n<\/div>\n\n\n\n<div class=\"wp-block-column is-vertically-aligned-center is-layout-flow wp-block-column-is-layout-flow\">\n<figure class=\"wp-block-image aligncenter size-full is-resized\"><img loading=\"lazy\" decoding=\"async\" src=\"https:\/\/umrajgrod.pl\/wp-content\/uploads\/2023\/07\/5696405d41159-1280px-Rajgrod_zespol_dworski_Opartowo_dwor_-_widok_z_tylu.jpg\" alt=\"\" class=\"wp-image-20963\" style=\"width:318px;height:238px\" width=\"318\" height=\"238\" srcset=\"https:\/\/umrajgrod.pl\/wp-content\/uploads\/2023\/07\/5696405d41159-1280px-Rajgrod_zespol_dworski_Opartowo_dwor_-_widok_z_tylu.jpg 314w, https:\/\/umrajgrod.pl\/wp-content\/uploads\/2023\/07\/5696405d41159-1280px-Rajgrod_zespol_dworski_Opartowo_dwor_-_widok_z_tylu-300x225.jpg 300w\" sizes=\"auto, (max-width: 318px) 100vw, 318px\" \/><\/figure>\n<\/div>\n<\/div>\n","protected":false},"excerpt":{"rendered":"<p>M\u0142yn na Wojdach M\u0142yn wodny nad rzek\u0105 Jegrzni\u0105 w Wojdach wzniesiony w 1911 r. przez Wac\u0142awa Mo\u015bcickiego &#8211; ostatniego w\u0142a\u015bciciela [&hellip;]<\/p>\n","protected":false},"author":5,"featured_media":0,"parent":0,"menu_order":0,"comment_status":"closed","ping_status":"closed","template":"","meta":{"inline_featured_image":false,"site-sidebar-layout":"default","site-content-layout":"","ast-site-content-layout":"default","site-content-style":"default","site-sidebar-style":"default","ast-global-header-display":"","ast-banner-title-visibility":"","ast-main-header-display":"","ast-hfb-above-header-display":"","ast-hfb-below-header-display":"","ast-hfb-mobile-header-display":"","site-post-title":"","ast-breadcrumbs-content":"","ast-featured-img":"","footer-sml-layout":"","ast-disable-related-posts":"","theme-transparent-header-meta":"","adv-header-id-meta":"","stick-header-meta":"","header-above-stick-meta":"","header-main-stick-meta":"","header-below-stick-meta":"","astra-migrate-meta-layouts":"set","ast-page-background-enabled":"default","ast-page-background-meta":{"desktop":{"background-color":"var(--ast-global-color-4)","background-image":"","background-repeat":"repeat","background-position":"center center","background-size":"auto","background-attachment":"scroll","background-type":"","background-media":"","overlay-type":"","overlay-color":"","overlay-opacity":"","overlay-gradient":""},"tablet":{"background-color":"","background-image":"","background-repeat":"repeat","background-position":"center center","background-size":"auto","background-attachment":"scroll","background-type":"","background-media":"","overlay-type":"","overlay-color":"","overlay-opacity":"","overlay-gradient":""},"mobile":{"background-color":"","background-image":"","background-repeat":"repeat","background-position":"center center","background-size":"auto","background-attachment":"scroll","background-type":"","background-media":"","overlay-type":"","overlay-color":"","overlay-opacity":"","overlay-gradient":""}},"ast-content-background-meta":{"desktop":{"background-color":"var(--ast-global-color-5)","background-image":"","background-repeat":"repeat","background-position":"center center","background-size":"auto","background-attachment":"scroll","background-type":"","background-media":"","overlay-type":"","overlay-color":"","overlay-opacity":"","overlay-gradient":""},"tablet":{"background-color":"var(--ast-global-color-5)","background-image":"","background-repeat":"repeat","background-position":"center center","background-size":"auto","background-attachment":"scroll","background-type":"","background-media":"","overlay-type":"","overlay-color":"","overlay-opacity":"","overlay-gradient":""},"mobile":{"background-color":"var(--ast-global-color-5)","background-image":"","background-repeat":"repeat","background-position":"center center","background-size":"auto","background-attachment":"scroll","background-type":"","background-media":"","overlay-type":"","overlay-color":"","overlay-opacity":"","overlay-gradient":""}},"footnotes":""},"class_list":["post-28208","page","type-page","status-publish","hentry"],"_links":{"self":[{"href":"https:\/\/umrajgrod.pl\/en\/wp-json\/wp\/v2\/pages\/28208","targetHints":{"allow":["GET"]}}],"collection":[{"href":"https:\/\/umrajgrod.pl\/en\/wp-json\/wp\/v2\/pages"}],"about":[{"href":"https:\/\/umrajgrod.pl\/en\/wp-json\/wp\/v2\/types\/page"}],"author":[{"embeddable":true,"href":"https:\/\/umrajgrod.pl\/en\/wp-json\/wp\/v2\/users\/5"}],"replies":[{"embeddable":true,"href":"https:\/\/umrajgrod.pl\/en\/wp-json\/wp\/v2\/comments?post=28208"}],"version-history":[{"count":1,"href":"https:\/\/umrajgrod.pl\/en\/wp-json\/wp\/v2\/pages\/28208\/revisions"}],"predecessor-version":[{"id":28211,"href":"https:\/\/umrajgrod.pl\/en\/wp-json\/wp\/v2\/pages\/28208\/revisions\/28211"}],"wp:attachment":[{"href":"https:\/\/umrajgrod.pl\/en\/wp-json\/wp\/v2\/media?parent=28208"}],"curies":[{"name":"wp","href":"https:\/\/api.w.org\/{rel}","templated":true}]}}