{"id":28214,"date":"2023-07-20T11:15:15","date_gmt":"2023-07-20T09:15:15","guid":{"rendered":"https:\/\/umrajgrod.pl\/piesze\/"},"modified":"2023-07-20T11:15:15","modified_gmt":"2023-07-20T09:15:15","slug":"piesze","status":"publish","type":"page","link":"https:\/\/umrajgrod.pl\/en\/piesze\/","title":{"rendered":"Szlaki turystyczne &#8211; Piesze"},"content":{"rendered":"\n<div class=\"wp-block-media-text is-stacked-on-mobile\" style=\"grid-template-columns:40% auto\"><figure class=\"wp-block-media-text__media\"><img loading=\"lazy\" decoding=\"async\" width=\"314\" height=\"235\" src=\"https:\/\/umrajgrod.pl\/wp-content\/uploads\/2023\/07\/569743ded8a18-rzeka6.jpg\" alt=\"\" class=\"wp-image-21233 size-full\" srcset=\"https:\/\/umrajgrod.pl\/wp-content\/uploads\/2023\/07\/569743ded8a18-rzeka6.jpg 314w, https:\/\/umrajgrod.pl\/wp-content\/uploads\/2023\/07\/569743ded8a18-rzeka6-300x225.jpg 300w\" sizes=\"auto, (max-width: 314px) 100vw, 314px\" \/><\/figure><div class=\"wp-block-media-text__content\">\n<h2 class=\"wp-block-heading\">Szlaki turystyczne Biebrza\u0144skiego Parku Narodowego: PL-2541-y \u017c\u00f3\u0142ty<\/h2>\n\n\n\n<p>TAMA &#8211; Kuligi &#8211; Orzech\u00f3wka -w\u0119ze\u0142 szlak\u00f3w &#8220;TAJENKO&#8221; &#8211; 20,3km Dost\u0119pny dla turystyki rowerowej na odcinku Tama &#8211; Woznawie\u015b (skraj wsi) i Orzech\u00f3wka &#8211; w\u0119ze\u0142 szlak\u00f3w &#8220;TAJENKO&#8221;<\/p>\n\n\n\n<p>Szlak rozpoczyna si\u0119 na przystanku PKS w Tamie i biegnie przez lasy w kierunku wsi Wo\u017anawie\u015b, na 3 km skr\u0119ca w drog\u0119 le\u015bn\u0105 do wsi Kuligi, mija t\u0119 wie\u015b i na 10 km dochodzi do granic BPN, przecina rzek\u0119 Jegrzni\u0119 i dalej drog\u0105 le\u015bn\u0105 dochodzi do grobli \u0142\u0105cz\u0105cej Wo\u017anawie\u015b z budynkiem Terenowego O\u015brodka Edukacyjnego Grz\u0119dy i szlaku czerwonego Rajgr\u00f3d &#8211; Grz\u0119dy. Szlak biegnie dalej skrajem &#8220;Czerwonego Bagna&#8221;, przez Orzech\u00f3wk\u0119 i ko\u0144czy sw\u00f3j bieg na rozje\u017adzie dr\u00f3g &#8211; W\u0119ze\u0142 szlak\u00f3w &#8220;Tajenko&#8221;.<\/p>\n<\/div><\/div>\n\n\n\n<div style=\"height:50px\" aria-hidden=\"true\" class=\"wp-block-spacer\"><\/div>\n\n\n\n<div class=\"wp-block-media-text is-stacked-on-mobile\" style=\"grid-template-columns:40% auto\"><figure class=\"wp-block-media-text__media\"><img loading=\"lazy\" decoding=\"async\" width=\"314\" height=\"216\" src=\"https:\/\/umrajgrod.pl\/wp-content\/uploads\/2023\/07\/5697562dac9b3-Twierdza_Osowiec._Fort_I-tunel_zach.jpg\" alt=\"\" class=\"wp-image-21239 size-full\" srcset=\"https:\/\/umrajgrod.pl\/wp-content\/uploads\/2023\/07\/5697562dac9b3-Twierdza_Osowiec._Fort_I-tunel_zach.jpg 314w, https:\/\/umrajgrod.pl\/wp-content\/uploads\/2023\/07\/5697562dac9b3-Twierdza_Osowiec._Fort_I-tunel_zach-300x206.jpg 300w\" sizes=\"auto, (max-width: 314px) 100vw, 314px\" \/><\/figure><div class=\"wp-block-media-text__content\">\n<h2 class=\"wp-block-heading\">Szlaki turystyczne Biebrza\u0144skiego Parku Narodowego: PL-2547-z zielony<\/h2>\n\n\n\n<p>OSOWIEC-TWIERDZA &#8211; Przechody &#8211; Ciszewo &#8211; KULIGI &#8211; 37,7 km<\/p>\n\n\n\n<p>Szlak wiosn\u0105 mo\u017ce by\u0107 na niekt\u00f3rych odcinkach bardzo trudny lub nawet nie do przej\u015bcia, zale\u017cnie od stanu w\u00f3d. Bardzo typowy dla biebrza\u0144skich bagien.<\/p>\n<\/div><\/div>\n\n\n\n<div style=\"height:50px\" aria-hidden=\"true\" class=\"wp-block-spacer\"><\/div>\n\n\n\n<div class=\"wp-block-media-text is-stacked-on-mobile\" style=\"grid-template-columns:40% auto\"><figure class=\"wp-block-media-text__media\"><img loading=\"lazy\" decoding=\"async\" width=\"314\" height=\"209\" src=\"https:\/\/umrajgrod.pl\/wp-content\/uploads\/2023\/07\/56974473bd76e-bagno.jpg\" alt=\"\" class=\"wp-image-21245 size-full\" srcset=\"https:\/\/umrajgrod.pl\/wp-content\/uploads\/2023\/07\/56974473bd76e-bagno.jpg 314w, https:\/\/umrajgrod.pl\/wp-content\/uploads\/2023\/07\/56974473bd76e-bagno-300x200.jpg 300w\" sizes=\"auto, (max-width: 314px) 100vw, 314px\" \/><\/figure><div class=\"wp-block-media-text__content\">\n<h2 class=\"wp-block-heading has-text-align-left\">Szlaki turystyczne Biebrza\u0144skiego Parku Narodowego: PL-2540-c czerwony<\/h2>\n\n\n\n<p>RAJGR\u00d3D &#8211; Okoni\u00f3wek &#8211; Rybczyzna &#8211; Wo\u017anawie\u015b &#8211; le\u015bnicz\u00f3wka Grz\u0119dy -&#8220;Nowy \u015awiat&#8221; -&#8220;Wilcza G\u00f3ra&#8221; &#8211; &#8220;Kapli Do\u0142ek&#8221; -&#8220;Dzia\u0142 Kumkowskiego&#8221; &#8211; w\u0119ze\u0142 szlak\u00f3w &#8211; 41.6 km &#8211; szlak \u0142atwy, okresowo podmok\u0142y<\/p>\n\n\n\n<p>Szlak wiosn\u0105 mo\u017ce by\u0107 na niekt\u00f3rych odcinkach bardzo trudny lub nawet nie do przej\u015bcia, zale\u017cnie od stanu w\u00f3d. Bardzo typowy dla biebrza\u0144skich bagien.<\/p>\n<\/div><\/div>\n\n\n\n<div style=\"height:50px\" aria-hidden=\"true\" class=\"wp-block-spacer\"><\/div>\n\n\n\n<div class=\"wp-block-media-text is-stacked-on-mobile\" style=\"grid-template-columns:40% auto\"><figure class=\"wp-block-media-text__media\"><img loading=\"lazy\" decoding=\"async\" width=\"314\" height=\"209\" src=\"https:\/\/umrajgrod.pl\/wp-content\/uploads\/2023\/07\/56974570cc59c-12_konik-polski.jpg\" alt=\"\" class=\"wp-image-21251 size-full\" srcset=\"https:\/\/umrajgrod.pl\/wp-content\/uploads\/2023\/07\/56974570cc59c-12_konik-polski.jpg 314w, https:\/\/umrajgrod.pl\/wp-content\/uploads\/2023\/07\/56974570cc59c-12_konik-polski-300x200.jpg 300w\" sizes=\"auto, (max-width: 314px) 100vw, 314px\" \/><\/figure><div class=\"wp-block-media-text__content\">\n<h2 class=\"wp-block-heading\">Szlaki turystyczne Biebrza\u0144skiego Parku Narodowego: PL-2543-z zielony<\/h2>\n\n\n\n<p>LE\u015aNICZ\u00d3WKA GRZ\u0118DY- &#8220;Solistowska G\u00f3ra&#8221; &#8211; &#8220;\u0141\u0105giew&#8221; &#8211; W\u0119ze\u0142 szlak\u00f3w (wodop\u00f3j w zagrodzie hodowli zachowawczej konika polskiego) &#8211; 7 km &#8211; szlak \u0142atwy, okresowo podmok\u0142y<\/p>\n\n\n\n<p>Rozpoczyna si\u0119 przy le\u015bnicz\u00f3wce Grz\u0119dy, prowadzi grobl\u0105 w kierunku wschodnim, w\u015br\u00f3d lasu mieszanego skr\u0119ca w dr\u00f3\u017ck\u0119 le\u015bn\u0105 na wydmy, Solistowsk\u0105 G\u00f3r\u0119 (miejsce strace\u0144 dawnych mieszka\u0144c\u00f3w wsi Grz\u0119dy w 1943 roku), przy zagrodzie konika polskiego wchodzi na tereny bagienne (biegnie wzd\u0142u\u017c ogrodzenia), dochodzi do Dzia\u0142u Kumkowskiego i wydmami prowadzi na \u0141\u0105giew. Dalszy odcinek prowadzi przy ogrodzeniu hodowli zachowawczej konika polskiego. Po 1 km ko\u0144czy sw\u00f3j bieg, nieopodal wodopoju, na w\u0119\u017ale szlak\u00f3w (koniec szlaku czerwonego).<\/p>\n<\/div><\/div>\n\n\n\n<div style=\"height:50px\" aria-hidden=\"true\" class=\"wp-block-spacer\"><\/div>\n\n\n\n<div class=\"wp-block-media-text is-stacked-on-mobile\" style=\"grid-template-columns:40% auto\"><figure class=\"wp-block-media-text__media\"><img loading=\"lazy\" decoding=\"async\" width=\"314\" height=\"225\" src=\"https:\/\/umrajgrod.pl\/wp-content\/uploads\/2023\/07\/569746868be2b-jeziror.jpg\" alt=\"\" class=\"wp-image-21257 size-full\" srcset=\"https:\/\/umrajgrod.pl\/wp-content\/uploads\/2023\/07\/569746868be2b-jeziror.jpg 314w, https:\/\/umrajgrod.pl\/wp-content\/uploads\/2023\/07\/569746868be2b-jeziror-300x215.jpg 300w\" sizes=\"auto, (max-width: 314px) 100vw, 314px\" \/><\/figure><div class=\"wp-block-media-text__content\">\n<h2 class=\"wp-block-heading\">Szlaki turystyczne Biebrza\u0144skiego Parku Narodowego: PL-2542-n niebieski<\/h2>\n\n\n\n<p>LE\u015aNICZ\u00d3WKA GRZ\u0118DY- &#8220;II i III Grz\u0119da&#8221; &#8211; &#8220;KAPLICZKA&#8221; &#8211; 7,5 km &#8211; szlak \u0142atwy<\/p>\n\n\n\n<p>Szlak zaczyna si\u0119 przy jeziorze Rajgrodzkim, nast\u0119pnie biegnie obok jeziora Dre\u0144stwo. Dalej trasa wiedzie przez lasy Rajgrodzkie, przechodzi przez wsie: Wo\u017anawie\u015b i Kuligi, przecina rzek\u0119 Jegrzni\u0119, wchodzi w granice BPN i ko\u0144czy si\u0119 przy le\u015bnicz\u00f3wce Grz\u0119dy.<\/p>\n<\/div><\/div>\n","protected":false},"excerpt":{"rendered":"<p>Szlaki turystyczne Biebrza\u0144skiego Parku Narodowego: PL-2541-y \u017c\u00f3\u0142ty TAMA &#8211; Kuligi &#8211; Orzech\u00f3wka -w\u0119ze\u0142 szlak\u00f3w &#8220;TAJENKO&#8221; &#8211; 20,3km Dost\u0119pny dla turystyki [&hellip;]<\/p>\n","protected":false},"author":5,"featured_media":0,"parent":0,"menu_order":0,"comment_status":"closed","ping_status":"closed","template":"","meta":{"inline_featured_image":false,"site-sidebar-layout":"default","site-content-layout":"","ast-site-content-layout":"default","site-content-style":"default","site-sidebar-style":"default","ast-global-header-display":"","ast-banner-title-visibility":"","ast-main-header-display":"","ast-hfb-above-header-display":"","ast-hfb-below-header-display":"","ast-hfb-mobile-header-display":"","site-post-title":"","ast-breadcrumbs-content":"","ast-featured-img":"","footer-sml-layout":"","ast-disable-related-posts":"","theme-transparent-header-meta":"","adv-header-id-meta":"","stick-header-meta":"","header-above-stick-meta":"","header-main-stick-meta":"","header-below-stick-meta":"","astra-migrate-meta-layouts":"set","ast-page-background-enabled":"default","ast-page-background-meta":{"desktop":{"background-color":"var(--ast-global-color-4)","background-image":"","background-repeat":"repeat","background-position":"center center","background-size":"auto","background-attachment":"scroll","background-type":"","background-media":"","overlay-type":"","overlay-color":"","overlay-opacity":"","overlay-gradient":""},"tablet":{"background-color":"","background-image":"","background-repeat":"repeat","background-position":"center center","background-size":"auto","background-attachment":"scroll","background-type":"","background-media":"","overlay-type":"","overlay-color":"","overlay-opacity":"","overlay-gradient":""},"mobile":{"background-color":"","background-image":"","background-repeat":"repeat","background-position":"center center","background-size":"auto","background-attachment":"scroll","background-type":"","background-media":"","overlay-type":"","overlay-color":"","overlay-opacity":"","overlay-gradient":""}},"ast-content-background-meta":{"desktop":{"background-color":"var(--ast-global-color-5)","background-image":"","background-repeat":"repeat","background-position":"center center","background-size":"auto","background-attachment":"scroll","background-type":"","background-media":"","overlay-type":"","overlay-color":"","overlay-opacity":"","overlay-gradient":""},"tablet":{"background-color":"var(--ast-global-color-5)","background-image":"","background-repeat":"repeat","background-position":"center center","background-size":"auto","background-attachment":"scroll","background-type":"","background-media":"","overlay-type":"","overlay-color":"","overlay-opacity":"","overlay-gradient":""},"mobile":{"background-color":"var(--ast-global-color-5)","background-image":"","background-repeat":"repeat","background-position":"center center","background-size":"auto","background-attachment":"scroll","background-type":"","background-media":"","overlay-type":"","overlay-color":"","overlay-opacity":"","overlay-gradient":""}},"footnotes":""},"class_list":["post-28214","page","type-page","status-publish","hentry"],"_links":{"self":[{"href":"https:\/\/umrajgrod.pl\/en\/wp-json\/wp\/v2\/pages\/28214","targetHints":{"allow":["GET"]}}],"collection":[{"href":"https:\/\/umrajgrod.pl\/en\/wp-json\/wp\/v2\/pages"}],"about":[{"href":"https:\/\/umrajgrod.pl\/en\/wp-json\/wp\/v2\/types\/page"}],"author":[{"embeddable":true,"href":"https:\/\/umrajgrod.pl\/en\/wp-json\/wp\/v2\/users\/5"}],"replies":[{"embeddable":true,"href":"https:\/\/umrajgrod.pl\/en\/wp-json\/wp\/v2\/comments?post=28214"}],"version-history":[{"count":0,"href":"https:\/\/umrajgrod.pl\/en\/wp-json\/wp\/v2\/pages\/28214\/revisions"}],"wp:attachment":[{"href":"https:\/\/umrajgrod.pl\/en\/wp-json\/wp\/v2\/media?parent=28214"}],"curies":[{"name":"wp","href":"https:\/\/api.w.org\/{rel}","templated":true}]}}