{"id":28217,"date":"2023-07-20T11:34:31","date_gmt":"2023-07-20T09:34:31","guid":{"rendered":"https:\/\/umrajgrod.pl\/rowerowe\/"},"modified":"2025-01-10T12:06:59","modified_gmt":"2025-01-10T11:06:59","slug":"rowerowe","status":"publish","type":"page","link":"https:\/\/umrajgrod.pl\/en\/rowerowe\/","title":{"rendered":"Szlaki turystyczne &#8211; Rowerowe"},"content":{"rendered":"\n<div style=\"height:50px\" aria-hidden=\"true\" class=\"wp-block-spacer\"><\/div>\n\n\n\n<div class=\"wp-block-media-text is-stacked-on-mobile\" style=\"grid-template-columns:40% auto\"><figure class=\"wp-block-media-text__media\"><img loading=\"lazy\" decoding=\"async\" width=\"1024\" height=\"768\" src=\"https:\/\/umrajgrod.pl\/wp-content\/uploads\/2025\/01\/Wokol-Rajgrodzkiego-foto-02.jpg\" alt=\"\" class=\"wp-image-64378 size-full\" srcset=\"https:\/\/umrajgrod.pl\/wp-content\/uploads\/2025\/01\/Wokol-Rajgrodzkiego-foto-02.jpg 1024w, https:\/\/umrajgrod.pl\/wp-content\/uploads\/2025\/01\/Wokol-Rajgrodzkiego-foto-02-300x225.jpg 300w, https:\/\/umrajgrod.pl\/wp-content\/uploads\/2025\/01\/Wokol-Rajgrodzkiego-foto-02-768x576.jpg 768w, https:\/\/umrajgrod.pl\/wp-content\/uploads\/2025\/01\/Wokol-Rajgrodzkiego-foto-02-50x38.jpg 50w\" sizes=\"auto, (max-width: 1024px) 100vw, 1024px\" \/><\/figure><div class=\"wp-block-media-text__content\">\n<h2 class=\"wp-block-heading\">TRASA KRAJOZNAWCZA WOK\u00d3\u0141 JEZIORA RAJGRODZKIEGO<\/h2>\n\n\n\n<p>Wszystkich wielbicieli d\u0142u\u017cszych wycieczek rowerowych zach\u0119cam do wybrania si\u0119 na niesamowit\u0105 przygod\u0119 &#8211; rajd wok\u00f3\u0142 Jeziora Rajgrodzkiego. Trasa jest naprawd\u0119 przepi\u0119kna. Proponuj\u0119 jednodniow\u0105 wypraw\u0119 rowerow\u0105.<\/p>\n\n\n\n<p>D\u0142ugo\u015b\u0107 szlaku: 60 km<\/p>\n\n\n\n<div class=\"wp-block-buttons is-layout-flex wp-block-buttons-is-layout-flex\">\n<div class=\"wp-block-button\"><a class=\"wp-block-button__link wp-element-button\" href=\"https:\/\/umrajgrod.pl\/szlaki-turystyczne-biebrzanskiego-parku-narodowego-trasa-krajoznawcza-wokol-jeziora-rajgrodzkiego\/\">Zobacz wi\u0119cej<\/a><\/div>\n<\/div>\n<\/div><\/div>\n\n\n\n<div style=\"height:50px\" aria-hidden=\"true\" class=\"wp-block-spacer\"><\/div>\n\n\n\n<div class=\"wp-block-media-text is-stacked-on-mobile\" style=\"grid-template-columns:40% auto\"><figure class=\"wp-block-media-text__media\"><img loading=\"lazy\" decoding=\"async\" width=\"1024\" height=\"768\" src=\"https:\/\/umrajgrod.pl\/wp-content\/uploads\/2024\/06\/Szlak-rowerowy-33.jpg\" alt=\"szlak rowerowy\" class=\"wp-image-49786 size-full\" srcset=\"https:\/\/umrajgrod.pl\/wp-content\/uploads\/2024\/06\/Szlak-rowerowy-33.jpg 1024w, https:\/\/umrajgrod.pl\/wp-content\/uploads\/2024\/06\/Szlak-rowerowy-33-300x225.jpg 300w, https:\/\/umrajgrod.pl\/wp-content\/uploads\/2024\/06\/Szlak-rowerowy-33-768x576.jpg 768w, https:\/\/umrajgrod.pl\/wp-content\/uploads\/2024\/06\/Szlak-rowerowy-33-50x38.jpg 50w\" sizes=\"auto, (max-width: 1024px) 100vw, 1024px\" \/><\/figure><div class=\"wp-block-media-text__content\">\n<h2 class=\"wp-block-heading\">Szlak pieszo-rowerowy \u201cbrzegiem Jeziora Rajgrodzkiego\u201d<\/h2>\n\n\n\n<p>D\u0142ugo\u015b\u0107 szlaku: 16 km<\/p>\n\n\n\n<p>Wyj\u0105tkowo widokowy szlak zaczyna si\u0119 w parku miejskim w Rajgrodzie, nast\u0119pnie biegnie \u015bcie\u017ck\u0105 wok\u00f3\u0142 G\u00f3ry Zamkowej oraz wzd\u0142u\u017c brzeg\u00f3w Jeziora Rajgrodzkiego a\u017c do miejscowo\u015bci Tama, sk\u0105d nast\u0119puje powr\u00f3t do Rajgrodu \u015bcie\u017ck\u0105 pieszo-rowerow\u0105 przy drodze wojew\u00f3dzkiej 665.<\/p>\n\n\n\n<div class=\"wp-block-buttons is-layout-flex wp-block-buttons-is-layout-flex\">\n<div class=\"wp-block-button\"><a class=\"wp-block-button__link wp-element-button\" href=\"https:\/\/umrajgrod.pl\/szlak-pieszo-rowerowy-brzegiem-jeziora-rajgrodzkiego\/\">Zobacz wi\u0119cej<\/a><\/div>\n<\/div>\n<\/div><\/div>\n\n\n\n<div style=\"height:50px\" aria-hidden=\"true\" class=\"wp-block-spacer\"><\/div>\n\n\n\n<div class=\"wp-block-media-text is-stacked-on-mobile\" style=\"grid-template-columns:40% auto\"><figure class=\"wp-block-media-text__media\"><img loading=\"lazy\" decoding=\"async\" width=\"314\" height=\"225\" src=\"https:\/\/umrajgrod.pl\/wp-content\/uploads\/2023\/07\/569746868be2b-jeziror-1.jpg\" alt=\"\" class=\"wp-image-21353 size-full\" srcset=\"https:\/\/umrajgrod.pl\/wp-content\/uploads\/2023\/07\/569746868be2b-jeziror-1.jpg 314w, https:\/\/umrajgrod.pl\/wp-content\/uploads\/2023\/07\/569746868be2b-jeziror-1-300x215.jpg 300w\" sizes=\"auto, (max-width: 314px) 100vw, 314px\" \/><\/figure><div class=\"wp-block-media-text__content\">\n<h2 class=\"wp-block-heading\">Szlaki turystyczne Biebrza\u0144skiego Parku Narodowego: LO -7001 y &#8211; \u017c\u00f3\u0142ty<\/h2>\n\n\n\n<p>RAJGR\u00d3D- Wojdy &#8211; Rybczyzna &#8211; Wo\u017anawie\u015b &#8211; Kuligi &#8211; LE\u015aNICZ\u00d3WKA GRZ\u0118DY<\/p>\n\n\n\n<p>19,5 km. <\/p>\n\n\n\n<p>Szlak \u0142atwy.<\/p>\n\n\n\n<p>Szlak zaczyna si\u0119 przy jeziorze Rajgrodzkim, nast\u0119pnie biegnie obok jeziora Dre\u0144stwo. Dalej trasa wiedzie przez lasy Rajgrodzkie, przechodzi przez wsie: Wo\u017anawie\u015b i Kuligi, przecina rzek\u0119 Jegrzni\u0119, wchodzi w granice BPN i ko\u0144czy si\u0119 przy le\u015bnicz\u00f3wce Grz\u0119dy.<\/p>\n<\/div><\/div>\n\n\n\n<div style=\"height:50px\" aria-hidden=\"true\" class=\"wp-block-spacer\"><\/div>\n\n\n\n<div class=\"wp-block-media-text is-stacked-on-mobile\" style=\"grid-template-columns:40% auto\"><figure class=\"wp-block-media-text__media\"><img loading=\"lazy\" decoding=\"async\" width=\"314\" height=\"212\" src=\"https:\/\/umrajgrod.pl\/wp-content\/uploads\/2023\/07\/569748c0dd2e5-Chalupa_Woznawies.jpg\" alt=\"\" class=\"wp-image-21359 size-full\" srcset=\"https:\/\/umrajgrod.pl\/wp-content\/uploads\/2023\/07\/569748c0dd2e5-Chalupa_Woznawies.jpg 314w, https:\/\/umrajgrod.pl\/wp-content\/uploads\/2023\/07\/569748c0dd2e5-Chalupa_Woznawies-300x203.jpg 300w\" sizes=\"auto, (max-width: 314px) 100vw, 314px\" \/><\/figure><div class=\"wp-block-media-text__content\">\n<h2 class=\"wp-block-heading\">Szlaki turystyczne Biebrza\u0144skiego Parku Narodowego: R -11 EURO Velo &#8211; zielony<\/h2>\n\n\n\n<p>Odcinek: WIZNA Burzyn -Brzostowo &#8211; Radzi\u0142\u00f3w &#8211; Klimaszewnica -Bia\u0142aszewo &#8211; Ok\u00f3\u0142 -Ruda &#8211; Modzel\u00f3wka &#8211; Pie\u0144czyk\u00f3wek &#8211; Stoczek &#8211; Ciszewo &#8211; Kuligi &#8211; &#8220;Las Grz\u0119dy&#8221; -Wo\u017anawie\u015b &#8211; Orzech\u00f3wka &#8211; Tajenko &#8211; \u015aLUZA SOSNOWO<\/p>\n\n\n\n<p>106,4 km<\/p>\n<\/div><\/div>\n\n\n\n<div style=\"height:50px\" aria-hidden=\"true\" class=\"wp-block-spacer\"><\/div>\n\n\n\n<div class=\"wp-block-media-text is-stacked-on-mobile\" style=\"grid-template-columns:40% auto\"><figure class=\"wp-block-media-text__media\"><img loading=\"lazy\" decoding=\"async\" width=\"314\" height=\"235\" src=\"https:\/\/umrajgrod.pl\/wp-content\/uploads\/2023\/07\/56975904c9009-rzeka6.jpg\" alt=\"\" class=\"wp-image-21365 size-full\" srcset=\"https:\/\/umrajgrod.pl\/wp-content\/uploads\/2023\/07\/56975904c9009-rzeka6.jpg 314w, https:\/\/umrajgrod.pl\/wp-content\/uploads\/2023\/07\/56975904c9009-rzeka6-300x225.jpg 300w\" sizes=\"auto, (max-width: 314px) 100vw, 314px\" \/><\/figure><div class=\"wp-block-media-text__content\">\n<h2 class=\"wp-block-heading\">Szlaki turystyczne Biebrza\u0144skiego Parku Narodowego: PL-2541-y \u017c\u00f3\u0142ty<\/h2>\n\n\n\n<p>TAMA &#8211; Kuligi &#8211; Orzech\u00f3wka -w\u0119ze\u0142 szlak\u00f3w &#8220;TAJENKO&#8221;<\/p>\n\n\n\n<p>20,3km <\/p>\n\n\n\n<p>Dost\u0119pny dla turystyki rowerowej na odcinku Tama &#8211; Wo\u017anawie\u015b (skraj wsi) i Orzech\u00f3wka &#8211; w\u0119ze\u0142 szlak\u00f3w &#8220;TAJENKO&#8221;<\/p>\n\n\n\n<p>Szlak rozpoczyna si\u0119 na przystanku PKS w Tamie i biegnie przez lasy w kierunku wsi Wo\u017anawie\u015b, na 3 km skr\u0119ca w drog\u0119 le\u015bn\u0105 do wsi Kuligi, mija t\u0119 wie\u015b i na 10 km dochodzi do granic BPN, przecina rzek\u0119 Jegrzni\u0119 i dalej drog\u0105 le\u015bn\u0105 dochodzi do grobli \u0142\u0105cz\u0105cej Wo\u017anawie\u015b z le\u015bnicz\u00f3wk\u0105 Grz\u0119dy i szlaku czerwonego Rajgr\u00f3d &#8211; Grz\u0119dy. Szlak biegnie dalej skrajem &#8220;Czerwonego Bagna&#8221;, przez Orzech\u00f3wk\u0119 i ko\u0144czy sw\u00f3j bieg na rozje\u017adzie dr\u00f3g &#8211; W\u0119ze\u0142 szlak\u00f3w &#8220;Tajenko&#8221;.<\/p>\n<\/div><\/div>\n\n\n\n<div style=\"height:50px\" aria-hidden=\"true\" class=\"wp-block-spacer\"><\/div>\n\n\n\n<div class=\"wp-block-media-text is-stacked-on-mobile\" style=\"grid-template-columns:40% auto\"><figure class=\"wp-block-media-text__media\"><img loading=\"lazy\" decoding=\"async\" width=\"314\" height=\"209\" src=\"https:\/\/umrajgrod.pl\/wp-content\/uploads\/2023\/07\/5697593dcb615-bagno.jpg\" alt=\"\" class=\"wp-image-21371 size-full\" srcset=\"https:\/\/umrajgrod.pl\/wp-content\/uploads\/2023\/07\/5697593dcb615-bagno.jpg 314w, https:\/\/umrajgrod.pl\/wp-content\/uploads\/2023\/07\/5697593dcb615-bagno-300x200.jpg 300w\" sizes=\"auto, (max-width: 314px) 100vw, 314px\" \/><\/figure><div class=\"wp-block-media-text__content\">\n<h2 class=\"wp-block-heading\">Szlaki turystyczne Biebrza\u0144skiego Parku Narodowego: PL-2540-c czerwony<\/h2>\n\n\n\n<p>RAJGR\u00d3D &#8211; Okoni\u00f3wek &#8211; Rybczyzna &#8211; Wo\u017anawie\u015b &#8211; le\u015bnicz\u00f3wka Grz\u0119dy &#8211; &#8220;Nowy \u015awiat&#8221; &#8211; &#8220;Wilcza G\u00f3ra&#8221; &#8211; &#8220;Kapli Do\u0142ek&#8221; &#8211; &#8220;Dzia\u0142 Kumkowskiego&#8221; &#8211; w\u0119ze\u0142 szlak\u00f3w<\/p>\n\n\n\n<p>41.6 km <\/p>\n\n\n\n<p>szlak \u0142atwy, okresowo podmok\u0142y<\/p>\n\n\n\n<p>Dost\u0119pny dla turystyki rowerowej na odcinku Rajgr\u00f3d -Nowy \u015awiat. Rozpoczyna si\u0119 w Rajgrodzie u st\u00f3p G\u00f3ry Zamkowej (grodzisko ja\u0107wieskie z XII wieku) i skrajem Jeziora Rajgrodzkiego biegnie do szosy August\u00f3w Grajewo, przecina j\u0105 i drog\u0105 le\u015bn\u0105 poprzez lasy dochodzi do wsi Rybczyzna nad Jeziorem Dre\u0144stwo. Dalej skrajem tego jeziora szlak dochodzi do wsi Wo\u017anawie\u015b, za ni\u0105 wchodzi w granic\u0119 Biebrza\u0144skiego Parku Narodowego i obszaru ochrony \u015bcis\u0142ej: &#8220;Czerwone Bagno&#8221;. Od Le\u015bnicz\u00f3wki Grz\u0119dy biegnie drog\u0105 le\u015bn\u0105 do uroczyska Nowy \u015awiat, dalej wiedzie poprzez Wilcz\u0105 G\u00f3r\u0119, Tch\u00f3rze Grz\u0119dy (wie\u017ca widokowa z widokiem na otwarte turzycowiska), nast\u0119pnie prowadzi poprzez torfowiska na tzw. &#8220;Kapli Do\u0142ek&#8221; (w prawo odchodzi szlak \u0142\u0105cznikowy czarny), przebiega na przemian przez wydmy i tereny bagienne: Dzia\u0142 Grabowskiego, Dzia\u0142 Kumkowskiego i na ko\u0144cu wydmy nieopodal wodopoju, ko\u0144czy sw\u00f3j bieg przy w\u0119\u017ale szlak\u00f3w (koniec szlaku zielonego).<\/p>\n<\/div><\/div>\n\n\n\n<div style=\"height:50px\" aria-hidden=\"true\" class=\"wp-block-spacer\"><\/div>\n\n\n\n<div style=\"height:50px\" aria-hidden=\"true\" class=\"wp-block-spacer\"><\/div>\n","protected":false},"excerpt":{"rendered":"<p>Szlaki turystyczne Biebrza\u0144skiego Parku Narodowego: LO -7001 y &#8211; \u017c\u00f3\u0142ty RAJGR\u00d3D- Wojdy &#8211; Rybczyzna &#8211; Wo\u017anawie\u015b &#8211; Kuligi &#8211; LE\u015aNICZ\u00d3WKA [&hellip;]<\/p>\n","protected":false},"author":5,"featured_media":0,"parent":0,"menu_order":0,"comment_status":"closed","ping_status":"closed","template":"","meta":{"inline_featured_image":false,"site-sidebar-layout":"default","site-content-layout":"","ast-site-content-layout":"default","site-content-style":"default","site-sidebar-style":"default","ast-global-header-display":"","ast-banner-title-visibility":"","ast-main-header-display":"","ast-hfb-above-header-display":"","ast-hfb-below-header-display":"","ast-hfb-mobile-header-display":"","site-post-title":"","ast-breadcrumbs-content":"","ast-featured-img":"","footer-sml-layout":"","ast-disable-related-posts":"","theme-transparent-header-meta":"","adv-header-id-meta":"","stick-header-meta":"","header-above-stick-meta":"","header-main-stick-meta":"","header-below-stick-meta":"","astra-migrate-meta-layouts":"set","ast-page-background-enabled":"default","ast-page-background-meta":{"desktop":{"background-color":"var(--ast-global-color-4)","background-image":"","background-repeat":"repeat","background-position":"center center","background-size":"auto","background-attachment":"scroll","background-type":"","background-media":"","overlay-type":"","overlay-color":"","overlay-opacity":"","overlay-gradient":""},"tablet":{"background-color":"","background-image":"","background-repeat":"repeat","background-position":"center center","background-size":"auto","background-attachment":"scroll","background-type":"","background-media":"","overlay-type":"","overlay-color":"","overlay-opacity":"","overlay-gradient":""},"mobile":{"background-color":"","background-image":"","background-repeat":"repeat","background-position":"center center","background-size":"auto","background-attachment":"scroll","background-type":"","background-media":"","overlay-type":"","overlay-color":"","overlay-opacity":"","overlay-gradient":""}},"ast-content-background-meta":{"desktop":{"background-color":"var(--ast-global-color-5)","background-image":"","background-repeat":"repeat","background-position":"center center","background-size":"auto","background-attachment":"scroll","background-type":"","background-media":"","overlay-type":"","overlay-color":"","overlay-opacity":"","overlay-gradient":""},"tablet":{"background-color":"var(--ast-global-color-5)","background-image":"","background-repeat":"repeat","background-position":"center center","background-size":"auto","background-attachment":"scroll","background-type":"","background-media":"","overlay-type":"","overlay-color":"","overlay-opacity":"","overlay-gradient":""},"mobile":{"background-color":"var(--ast-global-color-5)","background-image":"","background-repeat":"repeat","background-position":"center center","background-size":"auto","background-attachment":"scroll","background-type":"","background-media":"","overlay-type":"","overlay-color":"","overlay-opacity":"","overlay-gradient":""}},"footnotes":""},"class_list":["post-28217","page","type-page","status-publish","hentry"],"_links":{"self":[{"href":"https:\/\/umrajgrod.pl\/en\/wp-json\/wp\/v2\/pages\/28217","targetHints":{"allow":["GET"]}}],"collection":[{"href":"https:\/\/umrajgrod.pl\/en\/wp-json\/wp\/v2\/pages"}],"about":[{"href":"https:\/\/umrajgrod.pl\/en\/wp-json\/wp\/v2\/types\/page"}],"author":[{"embeddable":true,"href":"https:\/\/umrajgrod.pl\/en\/wp-json\/wp\/v2\/users\/5"}],"replies":[{"embeddable":true,"href":"https:\/\/umrajgrod.pl\/en\/wp-json\/wp\/v2\/comments?post=28217"}],"version-history":[{"count":5,"href":"https:\/\/umrajgrod.pl\/en\/wp-json\/wp\/v2\/pages\/28217\/revisions"}],"predecessor-version":[{"id":64387,"href":"https:\/\/umrajgrod.pl\/en\/wp-json\/wp\/v2\/pages\/28217\/revisions\/64387"}],"wp:attachment":[{"href":"https:\/\/umrajgrod.pl\/en\/wp-json\/wp\/v2\/media?parent=28217"}],"curies":[{"name":"wp","href":"https:\/\/api.w.org\/{rel}","templated":true}]}}