{"id":28220,"date":"2023-07-20T11:39:24","date_gmt":"2023-07-20T09:39:24","guid":{"rendered":"https:\/\/umrajgrod.pl\/wodne\/"},"modified":"2023-07-20T11:39:24","modified_gmt":"2023-07-20T09:39:24","slug":"wodne","status":"publish","type":"page","link":"https:\/\/umrajgrod.pl\/en\/wodne\/","title":{"rendered":"Szlaki turystyczne &#8211; Wodne"},"content":{"rendered":"\n<h2 class=\"wp-block-heading has-text-align-left\">Szlak kajakowy rzek\u0105 Jegrzni\u0105<\/h2>\n\n\n\n<div class=\"wp-block-media-text has-media-on-the-right is-stacked-on-mobile\" style=\"grid-template-columns:auto 40%\"><div class=\"wp-block-media-text__content\">\n<p><strong>Szlak trudny.<\/strong><\/p>\n\n\n\n<h5 class=\"wp-block-heading\">Jegrznia, E\u0142k, Biebrza<\/h5>\n\n\n\n<p><strong>km<\/strong><br><strong>0,0&nbsp;<\/strong>&#8211; Rajgr\u00f3d, uj\u015bcie rzeki Jegrznia z jeziora Rajgrodzkiego<br><strong>2,5<\/strong>&nbsp;&#8211; Wojdy &#8211; m\u0142yn wodny ( przenoska lewym brzegiem)<br><strong>6,5&nbsp;<\/strong>&#8211; uj\u015bcie Jegrzni do jeziora Dre\u0144stwo<br><strong>7,8<\/strong>&nbsp;&#8211; wyj\u015bcie Jegrzni z jeziora Dre\u0144stwo<br><strong>10,5<\/strong>&nbsp;&#8211; Wo\u017anawie\u015b most betonowy<br><strong>12,9&nbsp;<\/strong>&#8211; Wo\u017anawie\u015b most drewniany<br><strong>15,9<\/strong>&nbsp;&#8211; Kuligi most betonowy &#8211; granica BPN<br><strong>17,8<\/strong>&nbsp;&#8211; z lewej pocz\u0105tek Kana\u0142u Wo\u017anawiejskiego<br><strong>19,1<\/strong>&nbsp;&#8211; Kuligi most drewniany<br><strong>23,3<\/strong>&nbsp;&#8211; Ciszewo most drewniany<br><strong>28,3<\/strong>&nbsp;&#8211; wp\u0142yw Jegrzni do rzeki E\u0142k<br><strong>36,0<\/strong>&nbsp;&#8211; z prawej ( ma\u0142o widoczny) Kana\u0142 \u0141\u0119g<br><strong>38,6<\/strong>&nbsp;&#8211; resztki starego mostku na rzece E\u0142k<br><strong>47,3<\/strong>&nbsp;&#8211; uj\u015bcie Kana\u0142u Wo\u017anawiejskiego<br><strong>56,5<\/strong>&nbsp;&#8211; uj\u015bcie rzeki E\u0142k do Biebrzy<br><strong>60,7<\/strong>&nbsp;&#8211; wie\u015b Dawidowizna na lewym brzegu<br><strong>64,5<\/strong>&nbsp;&#8211; Goni\u0105dz pole namiotowe na lewym brzegu za mostem<br><strong>66,8<\/strong>&nbsp;&#8211; wie\u015b Szafranki na lewym brzegu<br><strong>71,4<\/strong>&nbsp;&#8211; Osowiec &#8211; Twierdza drewniany most drogowy<br><strong>71,5<\/strong>&nbsp;&#8211; z lewej wp\u0142yw w kana\u0142 doprowadzaj\u0105cy do pola namiotowego<br><strong>72,0<\/strong>&nbsp;&#8211; pole namiotowe &#8220;B\u00d3BR&#8221; BPN w Osowcu &#8211; Twierdzy<\/p>\n<\/div><figure class=\"wp-block-media-text__media\"><img loading=\"lazy\" decoding=\"async\" width=\"314\" height=\"235\" src=\"https:\/\/umrajgrod.pl\/wp-content\/uploads\/2023\/07\/56974993ccdcf-jegrznia.jpg\" alt=\"\" class=\"wp-image-21383 size-full\" srcset=\"https:\/\/umrajgrod.pl\/wp-content\/uploads\/2023\/07\/56974993ccdcf-jegrznia.jpg 314w, https:\/\/umrajgrod.pl\/wp-content\/uploads\/2023\/07\/56974993ccdcf-jegrznia-300x225.jpg 300w\" sizes=\"auto, (max-width: 314px) 100vw, 314px\" \/><\/figure><\/div>\n","protected":false},"excerpt":{"rendered":"<p>Szlak kajakowy rzek\u0105 Jegrzni\u0105 Szlak trudny. Jegrznia, E\u0142k, Biebrza km0,0&nbsp;&#8211; Rajgr\u00f3d, uj\u015bcie rzeki Jegrznia z jeziora Rajgrodzkiego2,5&nbsp;&#8211; Wojdy &#8211; m\u0142yn [&hellip;]<\/p>\n","protected":false},"author":5,"featured_media":0,"parent":0,"menu_order":0,"comment_status":"closed","ping_status":"closed","template":"","meta":{"inline_featured_image":false,"site-sidebar-layout":"default","site-content-layout":"","ast-site-content-layout":"default","site-content-style":"default","site-sidebar-style":"default","ast-global-header-display":"","ast-banner-title-visibility":"","ast-main-header-display":"","ast-hfb-above-header-display":"","ast-hfb-below-header-display":"","ast-hfb-mobile-header-display":"","site-post-title":"","ast-breadcrumbs-content":"","ast-featured-img":"","footer-sml-layout":"","ast-disable-related-posts":"","theme-transparent-header-meta":"","adv-header-id-meta":"","stick-header-meta":"","header-above-stick-meta":"","header-main-stick-meta":"","header-below-stick-meta":"","astra-migrate-meta-layouts":"set","ast-page-background-enabled":"default","ast-page-background-meta":{"desktop":{"background-color":"var(--ast-global-color-4)","background-image":"","background-repeat":"repeat","background-position":"center center","background-size":"auto","background-attachment":"scroll","background-type":"","background-media":"","overlay-type":"","overlay-color":"","overlay-opacity":"","overlay-gradient":""},"tablet":{"background-color":"","background-image":"","background-repeat":"repeat","background-position":"center center","background-size":"auto","background-attachment":"scroll","background-type":"","background-media":"","overlay-type":"","overlay-color":"","overlay-opacity":"","overlay-gradient":""},"mobile":{"background-color":"","background-image":"","background-repeat":"repeat","background-position":"center center","background-size":"auto","background-attachment":"scroll","background-type":"","background-media":"","overlay-type":"","overlay-color":"","overlay-opacity":"","overlay-gradient":""}},"ast-content-background-meta":{"desktop":{"background-color":"var(--ast-global-color-5)","background-image":"","background-repeat":"repeat","background-position":"center center","background-size":"auto","background-attachment":"scroll","background-type":"","background-media":"","overlay-type":"","overlay-color":"","overlay-opacity":"","overlay-gradient":""},"tablet":{"background-color":"var(--ast-global-color-5)","background-image":"","background-repeat":"repeat","background-position":"center center","background-size":"auto","background-attachment":"scroll","background-type":"","background-media":"","overlay-type":"","overlay-color":"","overlay-opacity":"","overlay-gradient":""},"mobile":{"background-color":"var(--ast-global-color-5)","background-image":"","background-repeat":"repeat","background-position":"center center","background-size":"auto","background-attachment":"scroll","background-type":"","background-media":"","overlay-type":"","overlay-color":"","overlay-opacity":"","overlay-gradient":""}},"footnotes":""},"class_list":["post-28220","page","type-page","status-publish","hentry"],"_links":{"self":[{"href":"https:\/\/umrajgrod.pl\/en\/wp-json\/wp\/v2\/pages\/28220","targetHints":{"allow":["GET"]}}],"collection":[{"href":"https:\/\/umrajgrod.pl\/en\/wp-json\/wp\/v2\/pages"}],"about":[{"href":"https:\/\/umrajgrod.pl\/en\/wp-json\/wp\/v2\/types\/page"}],"author":[{"embeddable":true,"href":"https:\/\/umrajgrod.pl\/en\/wp-json\/wp\/v2\/users\/5"}],"replies":[{"embeddable":true,"href":"https:\/\/umrajgrod.pl\/en\/wp-json\/wp\/v2\/comments?post=28220"}],"version-history":[{"count":0,"href":"https:\/\/umrajgrod.pl\/en\/wp-json\/wp\/v2\/pages\/28220\/revisions"}],"wp:attachment":[{"href":"https:\/\/umrajgrod.pl\/en\/wp-json\/wp\/v2\/media?parent=28220"}],"curies":[{"name":"wp","href":"https:\/\/api.w.org\/{rel}","templated":true}]}}