{"id":28223,"date":"2023-07-20T11:41:01","date_gmt":"2023-07-20T09:41:01","guid":{"rendered":"https:\/\/umrajgrod.pl\/konne\/"},"modified":"2023-07-20T11:41:01","modified_gmt":"2023-07-20T09:41:01","slug":"konne","status":"publish","type":"page","link":"https:\/\/umrajgrod.pl\/en\/konne\/","title":{"rendered":"Szlaki turystyczne &#8211; Konne"},"content":{"rendered":"\n<h2 class=\"wp-block-heading has-text-align-left\">SZLAK KONNY PUSZCZY AUGUSTOWSKIEJ I MAZUR<\/h2>\n\n\n\n<div class=\"wp-block-media-text has-media-on-the-right is-stacked-on-mobile\" style=\"grid-template-columns:auto 41%\"><div class=\"wp-block-media-text__content\">\n<p>Szlak Konny Puszczy Augustowskiej i Mazur do niedawna najd\u0142u\u017cszy w Polsce, bo ok. 400 kilometrowy, nizinny szlak je\u017adziecki.<\/p>\n\n\n\n<p>Rozci\u0105ga si\u0119 od le\u015bnicz\u00f3wki Lipniak w Wigierskim Parku Narodowym (na p\u00f3\u0142noc od Suwa\u0142k) przez Nadle\u015bnictwa: Suwa\u0142ki, Szczebra, P\u0142aska, August\u00f3w, Biebrza\u0144ski Park Narodowy, Nadle\u015bnictwo Rajgr\u00f3d, Nadle\u015bnictwo E\u0142k i Nadle\u015bnictwo Dryga\u0142y po jezioro Orzysz. Boczne rozga\u0142\u0119zienia docieraj\u0105 do tak urokliwych miejsc jak m.in. \u015aluza Kurzyniec na polsko-bia\u0142oruskiej granicy czy uroczysko Grz\u0119dy w Parku Biebrza\u0144skim.&nbsp;Trasy oznakowano emblematem kawaleryjskiego proporczyka w kolorze zielonym zar\u00f3wno na terenach Las\u00f3w Pa\u0144stwowych, Park\u00f3w Narodowych, las\u00f3w prywatnych, jak i wzd\u0142u\u017c gminnych dr\u00f3g, kt\u00f3rych nie spos\u00f3b omin\u0105\u0107 gdy chce si\u0119 po\u0142\u0105czy\u0107 rozproszone kompleksy le\u015bne.&nbsp;Szlak \u017cyje i ci\u0105gle trwaj\u0105 prace nad modyfikacj\u0105 i przed\u0142u\u017ceniem tras. Nadle\u015bniczowie i dyrektorzy park\u00f3w narodowych ustanowili jeden wsp\u00f3lny regulamin Szlaku maj\u0105cy zapobiega\u0107 konfliktom z innymi u\u017cytkownikami lasu i minimalizowa\u0107 uci\u0105\u017cliwo\u015b\u0107 ruchu konnego dla \u015brodowiska.&nbsp;3 wrze\u015bnia 2011 r.na terenie Nadle\u015bnictwa Rajgr\u00f3d dokonano uroczystego otwarcia pierwszego miejsca popasowego na szlaku, nosz\u0105cego imi\u0119 Nadle\u015bniczego Nadle\u015bnictwa Rajgr\u00f3d majora Wojsk Polskich J\u00f3zefa Sienkiewicza. Miejsce to pozwala je\u017ad\u017acom i ich wierzchowcom na chwil\u0119 odpoczynku w urokliwym zak\u0105tku po\u015br\u00f3d rajgrodzkich las\u00f3w nad jeziorem Dre\u0144stwo.&nbsp;Sk\u0142adaj\u0105 si\u0119 na nie zagrody dla zwierz\u0105t, stylowa wiata, wytyczone miejsce pojenia i p\u0142awienia koni, miejsce palenia ognia oraz drobna infrastruktura, u\u0142atwiaj\u0105ca je\u017ad\u017acom wypoczynek. Wszystko z my\u015bl\u0105 o tym, by zach\u0119ci\u0107 pasjonat\u00f3w turystyki konnej do przemierzenia Szlaku Konnego Puszczy Augustowskiej i Mazur.<\/p>\n<\/div><figure class=\"wp-block-media-text__media\"><img loading=\"lazy\" decoding=\"async\" width=\"314\" height=\"235\" src=\"https:\/\/umrajgrod.pl\/wp-content\/uploads\/2023\/07\/56975a8dd81c4-article.jpg\" alt=\"\" class=\"wp-image-21395 size-full\" srcset=\"https:\/\/umrajgrod.pl\/wp-content\/uploads\/2023\/07\/56975a8dd81c4-article.jpg 314w, https:\/\/umrajgrod.pl\/wp-content\/uploads\/2023\/07\/56975a8dd81c4-article-300x225.jpg 300w\" sizes=\"auto, (max-width: 314px) 100vw, 314px\" \/><\/figure><\/div>\n","protected":false},"excerpt":{"rendered":"<p>SZLAK KONNY PUSZCZY AUGUSTOWSKIEJ I MAZUR Szlak Konny Puszczy Augustowskiej i Mazur do niedawna najd\u0142u\u017cszy w Polsce, bo ok. 400 [&hellip;]<\/p>\n","protected":false},"author":5,"featured_media":0,"parent":0,"menu_order":0,"comment_status":"closed","ping_status":"closed","template":"","meta":{"inline_featured_image":false,"site-sidebar-layout":"default","site-content-layout":"","ast-site-content-layout":"default","site-content-style":"default","site-sidebar-style":"default","ast-global-header-display":"","ast-banner-title-visibility":"","ast-main-header-display":"","ast-hfb-above-header-display":"","ast-hfb-below-header-display":"","ast-hfb-mobile-header-display":"","site-post-title":"","ast-breadcrumbs-content":"","ast-featured-img":"","footer-sml-layout":"","ast-disable-related-posts":"","theme-transparent-header-meta":"","adv-header-id-meta":"","stick-header-meta":"","header-above-stick-meta":"","header-main-stick-meta":"","header-below-stick-meta":"","astra-migrate-meta-layouts":"set","ast-page-background-enabled":"default","ast-page-background-meta":{"desktop":{"background-color":"var(--ast-global-color-4)","background-image":"","background-repeat":"repeat","background-position":"center center","background-size":"auto","background-attachment":"scroll","background-type":"","background-media":"","overlay-type":"","overlay-color":"","overlay-opacity":"","overlay-gradient":""},"tablet":{"background-color":"","background-image":"","background-repeat":"repeat","background-position":"center center","background-size":"auto","background-attachment":"scroll","background-type":"","background-media":"","overlay-type":"","overlay-color":"","overlay-opacity":"","overlay-gradient":""},"mobile":{"background-color":"","background-image":"","background-repeat":"repeat","background-position":"center center","background-size":"auto","background-attachment":"scroll","background-type":"","background-media":"","overlay-type":"","overlay-color":"","overlay-opacity":"","overlay-gradient":""}},"ast-content-background-meta":{"desktop":{"background-color":"var(--ast-global-color-5)","background-image":"","background-repeat":"repeat","background-position":"center center","background-size":"auto","background-attachment":"scroll","background-type":"","background-media":"","overlay-type":"","overlay-color":"","overlay-opacity":"","overlay-gradient":""},"tablet":{"background-color":"var(--ast-global-color-5)","background-image":"","background-repeat":"repeat","background-position":"center center","background-size":"auto","background-attachment":"scroll","background-type":"","background-media":"","overlay-type":"","overlay-color":"","overlay-opacity":"","overlay-gradient":""},"mobile":{"background-color":"var(--ast-global-color-5)","background-image":"","background-repeat":"repeat","background-position":"center center","background-size":"auto","background-attachment":"scroll","background-type":"","background-media":"","overlay-type":"","overlay-color":"","overlay-opacity":"","overlay-gradient":""}},"footnotes":""},"class_list":["post-28223","page","type-page","status-publish","hentry"],"_links":{"self":[{"href":"https:\/\/umrajgrod.pl\/en\/wp-json\/wp\/v2\/pages\/28223","targetHints":{"allow":["GET"]}}],"collection":[{"href":"https:\/\/umrajgrod.pl\/en\/wp-json\/wp\/v2\/pages"}],"about":[{"href":"https:\/\/umrajgrod.pl\/en\/wp-json\/wp\/v2\/types\/page"}],"author":[{"embeddable":true,"href":"https:\/\/umrajgrod.pl\/en\/wp-json\/wp\/v2\/users\/5"}],"replies":[{"embeddable":true,"href":"https:\/\/umrajgrod.pl\/en\/wp-json\/wp\/v2\/comments?post=28223"}],"version-history":[{"count":0,"href":"https:\/\/umrajgrod.pl\/en\/wp-json\/wp\/v2\/pages\/28223\/revisions"}],"wp:attachment":[{"href":"https:\/\/umrajgrod.pl\/en\/wp-json\/wp\/v2\/media?parent=28223"}],"curies":[{"name":"wp","href":"https:\/\/api.w.org\/{rel}","templated":true}]}}