{"id":28226,"date":"2023-08-22T14:53:25","date_gmt":"2023-08-22T12:53:25","guid":{"rendered":"https:\/\/umrajgrod.pl\/organizacje-i-stowarzyszenia\/"},"modified":"2024-08-30T19:32:30","modified_gmt":"2024-08-30T17:32:30","slug":"organizacje-i-stowarzyszenia","status":"publish","type":"page","link":"https:\/\/umrajgrod.pl\/en\/organizacje-i-stowarzyszenia\/","title":{"rendered":"ORGANIZACJE I STOWARZYSZENIA"},"content":{"rendered":"\n<div class=\"wp-block-columns is-layout-flex wp-container-core-columns-is-layout-28f84493 wp-block-columns-is-layout-flex\">\n<div class=\"wp-block-column is-layout-flow wp-block-column-is-layout-flow\" style=\"flex-basis:66.66%\">\n<h2 class=\"wp-block-heading\">4. Rajgrodzka Dru\u017cyna Harcerska &#8220;Ora et labora&#8221; im. b\u0142. ks. phm. Stefana Wincentego Frelichowskiego<\/h2>\n\n\n\n<p>ul. Szkolna 24, 19-206 Rajgr\u00f3d<br><br><strong>Dru\u017cynowy 4. RDH \u201eOra et labora\u201d:<\/strong> <br><strong>pwd. Kacper Bu\u0107ko HO<\/strong><br>telefon: 500 036 213<br>e-mail: kacper.bucko@zhp.net.pl<\/p>\n\n\n\n<p style=\"text-align: center\"><strong><a href=\"https:\/\/umrajgrod.pl\/4-rajgrodzka-druzyna-harcerska-ora-et-labora\/\">czytaj wi\u0119cej<\/a><\/strong><\/p>\n<\/div>\n\n\n\n<div class=\"wp-block-column is-layout-flow wp-block-column-is-layout-flow\" style=\"flex-basis:33.33%\">\n<figure class=\"wp-block-image aligncenter size-full\"><img loading=\"lazy\" decoding=\"async\" width=\"1071\" height=\"1043\" src=\"https:\/\/umrajgrod.pl\/wp-content\/uploads\/2024\/08\/zhp.jpg\" alt=\"\" class=\"wp-image-56389\" srcset=\"https:\/\/umrajgrod.pl\/wp-content\/uploads\/2024\/08\/zhp.jpg 1071w, https:\/\/umrajgrod.pl\/wp-content\/uploads\/2024\/08\/zhp-300x292.jpg 300w, https:\/\/umrajgrod.pl\/wp-content\/uploads\/2024\/08\/zhp-1024x997.jpg 1024w, https:\/\/umrajgrod.pl\/wp-content\/uploads\/2024\/08\/zhp-768x748.jpg 768w, https:\/\/umrajgrod.pl\/wp-content\/uploads\/2024\/08\/zhp-50x49.jpg 50w\" sizes=\"auto, (max-width: 1071px) 100vw, 1071px\" \/><\/figure>\n<\/div>\n<\/div>\n\n\n\n<div class=\"wp-block-columns is-layout-flex wp-container-core-columns-is-layout-bd57bc0e wp-block-columns-is-layout-flex\" style=\"padding-bottom:70px\">\n<div class=\"wp-block-column is-layout-flow wp-block-column-is-layout-flow\" style=\"flex-basis:66.66%\">\n<h2 class=\"wp-block-heading\">Towarzystwo Mi\u0142o\u015bnik\u00f3w Rajgrodu<\/h2>\n\n\n\n<p>ul. Warszawska 32\/22,19 \u2013 206 Rajgr\u00f3d <br>e\u2013mail: tmr@rajgrod.pl<br><a href=\"http:\/\/rajgrod.pl\" data-type=\"link\" data-id=\"rajgrod.pl\" target=\"_blank\" rel=\"noopener\">www.rajgrod.pl<\/a><\/p>\n<\/div>\n\n\n\n<div class=\"wp-block-column is-layout-flow wp-block-column-is-layout-flow\" style=\"flex-basis:33.33%\">\n<figure class=\"wp-block-gallery aligncenter has-nested-images columns-default is-cropped wp-block-gallery-1 is-layout-flex wp-block-gallery-is-layout-flex\">\n<figure class=\"wp-block-image size-full\"><img loading=\"lazy\" decoding=\"async\" width=\"269\" height=\"265\" data-id=\"56410\" src=\"https:\/\/umrajgrod.pl\/wp-content\/uploads\/2024\/08\/Zrzut-ekranu-26.png\" alt=\"\" class=\"wp-image-56410\" srcset=\"https:\/\/umrajgrod.pl\/wp-content\/uploads\/2024\/08\/Zrzut-ekranu-26.png 269w, https:\/\/umrajgrod.pl\/wp-content\/uploads\/2024\/08\/Zrzut-ekranu-26-50x49.png 50w\" sizes=\"auto, (max-width: 269px) 100vw, 269px\" \/><\/figure>\n<\/figure>\n<\/div>\n<\/div>\n\n\n\n<div class=\"wp-block-columns is-layout-flex wp-container-core-columns-is-layout-28f84493 wp-block-columns-is-layout-flex\">\n<div class=\"wp-block-column is-layout-flow wp-block-column-is-layout-flow\" style=\"flex-basis:66.66%\">\n<h2 class=\"wp-block-heading\">Yacht Club ARCUS<\/h2>\n\n\n\n<p>Yacht Club \u201eArcus\u201d w \u0141om\u017cy powsta\u0142 w 1984 r., a jego celem by\u0142a praca spo\u0142eczno-wychowawcza na rzecz profilaktyki dot. patologii spo\u0142ecznej oraz rehabilitacji psychicznej i fizycznej os\u00f3b niepe\u0142nosprawnych.<\/p>\n\n\n\n<div class=\"wp-block-buttons is-layout-flex wp-block-buttons-is-layout-flex\">\n<div class=\"wp-block-button\"><a class=\"wp-block-button__link wp-element-button\" href=\"https:\/\/umrajgrod.pl\/yacht-club-arcus\/\">Czytaj wi\u0119cej<\/a><\/div>\n<\/div>\n<\/div>\n\n\n\n<div class=\"wp-block-column is-layout-flow wp-block-column-is-layout-flow\" style=\"flex-basis:33.33%\">\n<figure class=\"wp-block-image aligncenter size-full\"><img loading=\"lazy\" decoding=\"async\" width=\"150\" height=\"150\" src=\"https:\/\/umrajgrod.pl\/wp-content\/uploads\/2023\/07\/5693970081b11-ARCUS.jpg\" alt=\"\" class=\"wp-image-20636\" \/><\/figure>\n<\/div>\n<\/div>\n\n\n\n<div class=\"wp-block-columns is-layout-flex wp-container-core-columns-is-layout-28f84493 wp-block-columns-is-layout-flex\">\n<div class=\"wp-block-column is-layout-flow wp-block-column-is-layout-flow\" style=\"flex-basis:66.66%\">\n<h2 class=\"wp-block-heading\">Stowarzyszenie Na Rzecz Rozwoju i Wspomagania Wsi \u201eMediator\u201d w Kos\u00f3wce<\/h2>\n\n\n\n<p>Kos\u00f3wka 42 19-206 Rajgr\u00f3d<\/p>\n<\/div>\n\n\n\n<div class=\"wp-block-column is-layout-flow wp-block-column-is-layout-flow\" style=\"flex-basis:33.33%\">\n<figure class=\"wp-block-image aligncenter size-full is-resized\"><img loading=\"lazy\" decoding=\"async\" width=\"751\" height=\"531\" src=\"https:\/\/umrajgrod.pl\/wp-content\/uploads\/2023\/07\/Logo-promocyjne.jpg\" alt=\"\" class=\"wp-image-890\" style=\"width:236px;height:167px\" srcset=\"https:\/\/umrajgrod.pl\/wp-content\/uploads\/2023\/07\/Logo-promocyjne.jpg 751w, https:\/\/umrajgrod.pl\/wp-content\/uploads\/2023\/07\/Logo-promocyjne-300x212.jpg 300w\" sizes=\"auto, (max-width: 751px) 100vw, 751px\" \/><\/figure>\n<\/div>\n<\/div>\n\n\n\n<div class=\"wp-block-columns is-layout-flex wp-container-core-columns-is-layout-28f84493 wp-block-columns-is-layout-flex\">\n<div class=\"wp-block-column is-layout-flow wp-block-column-is-layout-flow\" style=\"flex-basis:66.66%\">\n<h2 class=\"wp-block-heading\">Stowarzyszenie Rozwoju Wsi \u201ePrzysz\u0142o\u015b\u0107\u201d<\/h2>\n\n\n\n<p>Miecze 18 19 \u2013 206 Rajgr\u00f3d<\/p>\n<\/div>\n\n\n\n<div class=\"wp-block-column is-layout-flow wp-block-column-is-layout-flow\" style=\"flex-basis:33.33%\">\n<figure class=\"wp-block-image aligncenter size-full is-resized\"><img loading=\"lazy\" decoding=\"async\" width=\"751\" height=\"531\" src=\"https:\/\/umrajgrod.pl\/wp-content\/uploads\/2023\/07\/Logo-promocyjne.jpg\" alt=\"\" class=\"wp-image-890\" style=\"width:236px;height:167px\" srcset=\"https:\/\/umrajgrod.pl\/wp-content\/uploads\/2023\/07\/Logo-promocyjne.jpg 751w, https:\/\/umrajgrod.pl\/wp-content\/uploads\/2023\/07\/Logo-promocyjne-300x212.jpg 300w\" sizes=\"auto, (max-width: 751px) 100vw, 751px\" \/><\/figure>\n<\/div>\n<\/div>\n\n\n\n<div class=\"wp-block-columns is-layout-flex wp-container-core-columns-is-layout-28f84493 wp-block-columns-is-layout-flex\">\n<div class=\"wp-block-column is-layout-flow wp-block-column-is-layout-flow\" style=\"flex-basis:66.66%\">\n<h2 class=\"wp-block-heading\">Stowarzyszenie \u201eNad Jegrzni\u0105\u201d<\/h2>\n\n\n\n<p>Wo\u017anawie\u015b 85 19-206 Rajgr\u00f3d<\/p>\n<\/div>\n\n\n\n<div class=\"wp-block-column is-layout-flow wp-block-column-is-layout-flow\" style=\"flex-basis:33.33%\">\n<figure class=\"wp-block-image aligncenter size-full is-resized\"><img loading=\"lazy\" decoding=\"async\" width=\"751\" height=\"531\" src=\"https:\/\/umrajgrod.pl\/wp-content\/uploads\/2023\/07\/Logo-promocyjne.jpg\" alt=\"\" class=\"wp-image-890\" style=\"width:236px;height:167px\" srcset=\"https:\/\/umrajgrod.pl\/wp-content\/uploads\/2023\/07\/Logo-promocyjne.jpg 751w, https:\/\/umrajgrod.pl\/wp-content\/uploads\/2023\/07\/Logo-promocyjne-300x212.jpg 300w\" sizes=\"auto, (max-width: 751px) 100vw, 751px\" \/><\/figure>\n<\/div>\n<\/div>\n\n\n\n<div class=\"wp-block-columns is-layout-flex wp-container-core-columns-is-layout-28f84493 wp-block-columns-is-layout-flex\">\n<div class=\"wp-block-column is-layout-flow wp-block-column-is-layout-flow\" style=\"flex-basis:66.66%\">\n<h2 class=\"wp-block-heading\">Stowarzyszenie Na Rzecz Rozwoju Wsi Biebrza<\/h2>\n\n\n\n<p>ul. Lipowa 21\/16, Biebrza 19-206 Rajgr\u00f3d<\/p>\n<\/div>\n\n\n\n<div class=\"wp-block-column is-layout-flow wp-block-column-is-layout-flow\" style=\"flex-basis:33.33%\">\n<figure class=\"wp-block-image aligncenter size-full is-resized\"><img loading=\"lazy\" decoding=\"async\" width=\"751\" height=\"531\" src=\"https:\/\/umrajgrod.pl\/wp-content\/uploads\/2023\/07\/Logo-promocyjne.jpg\" alt=\"\" class=\"wp-image-890\" style=\"width:236px;height:167px\" srcset=\"https:\/\/umrajgrod.pl\/wp-content\/uploads\/2023\/07\/Logo-promocyjne.jpg 751w, https:\/\/umrajgrod.pl\/wp-content\/uploads\/2023\/07\/Logo-promocyjne-300x212.jpg 300w\" sizes=\"auto, (max-width: 751px) 100vw, 751px\" \/><\/figure>\n<\/div>\n<\/div>\n","protected":false},"excerpt":{"rendered":"<p>4. Rajgrodzka Dru\u017cyna Harcerska &#8220;Ora et labora&#8221; im. b\u0142. ks. phm. Stefana Wincentego Frelichowskiego ul. Szkolna 24, 19-206 Rajgr\u00f3d Dru\u017cynowy [&hellip;]<\/p>\n","protected":false},"author":4,"featured_media":0,"parent":0,"menu_order":0,"comment_status":"closed","ping_status":"closed","template":"","meta":{"inline_featured_image":false,"site-sidebar-layout":"default","site-content-layout":"","ast-site-content-layout":"default","site-content-style":"default","site-sidebar-style":"default","ast-global-header-display":"","ast-banner-title-visibility":"","ast-main-header-display":"","ast-hfb-above-header-display":"","ast-hfb-below-header-display":"","ast-hfb-mobile-header-display":"","site-post-title":"","ast-breadcrumbs-content":"","ast-featured-img":"","footer-sml-layout":"","ast-disable-related-posts":"","theme-transparent-header-meta":"","adv-header-id-meta":"","stick-header-meta":"","header-above-stick-meta":"","header-main-stick-meta":"","header-below-stick-meta":"","astra-migrate-meta-layouts":"set","ast-page-background-enabled":"default","ast-page-background-meta":{"desktop":{"background-color":"var(--ast-global-color-4)","background-image":"","background-repeat":"repeat","background-position":"center center","background-size":"auto","background-attachment":"scroll","background-type":"","background-media":"","overlay-type":"","overlay-color":"","overlay-opacity":"","overlay-gradient":""},"tablet":{"background-color":"","background-image":"","background-repeat":"repeat","background-position":"center center","background-size":"auto","background-attachment":"scroll","background-type":"","background-media":"","overlay-type":"","overlay-color":"","overlay-opacity":"","overlay-gradient":""},"mobile":{"background-color":"","background-image":"","background-repeat":"repeat","background-position":"center center","background-size":"auto","background-attachment":"scroll","background-type":"","background-media":"","overlay-type":"","overlay-color":"","overlay-opacity":"","overlay-gradient":""}},"ast-content-background-meta":{"desktop":{"background-color":"var(--ast-global-color-5)","background-image":"","background-repeat":"repeat","background-position":"center center","background-size":"auto","background-attachment":"scroll","background-type":"","background-media":"","overlay-type":"","overlay-color":"","overlay-opacity":"","overlay-gradient":""},"tablet":{"background-color":"var(--ast-global-color-5)","background-image":"","background-repeat":"repeat","background-position":"center center","background-size":"auto","background-attachment":"scroll","background-type":"","background-media":"","overlay-type":"","overlay-color":"","overlay-opacity":"","overlay-gradient":""},"mobile":{"background-color":"var(--ast-global-color-5)","background-image":"","background-repeat":"repeat","background-position":"center center","background-size":"auto","background-attachment":"scroll","background-type":"","background-media":"","overlay-type":"","overlay-color":"","overlay-opacity":"","overlay-gradient":""}},"footnotes":""},"class_list":["post-28226","page","type-page","status-publish","hentry"],"_links":{"self":[{"href":"https:\/\/umrajgrod.pl\/en\/wp-json\/wp\/v2\/pages\/28226","targetHints":{"allow":["GET"]}}],"collection":[{"href":"https:\/\/umrajgrod.pl\/en\/wp-json\/wp\/v2\/pages"}],"about":[{"href":"https:\/\/umrajgrod.pl\/en\/wp-json\/wp\/v2\/types\/page"}],"author":[{"embeddable":true,"href":"https:\/\/umrajgrod.pl\/en\/wp-json\/wp\/v2\/users\/4"}],"replies":[{"embeddable":true,"href":"https:\/\/umrajgrod.pl\/en\/wp-json\/wp\/v2\/comments?post=28226"}],"version-history":[{"count":13,"href":"https:\/\/umrajgrod.pl\/en\/wp-json\/wp\/v2\/pages\/28226\/revisions"}],"predecessor-version":[{"id":56638,"href":"https:\/\/umrajgrod.pl\/en\/wp-json\/wp\/v2\/pages\/28226\/revisions\/56638"}],"wp:attachment":[{"href":"https:\/\/umrajgrod.pl\/en\/wp-json\/wp\/v2\/media?parent=28226"}],"curies":[{"name":"wp","href":"https:\/\/api.w.org\/{rel}","templated":true}]}}