{"id":28229,"date":"2023-07-19T16:17:28","date_gmt":"2023-07-19T14:17:28","guid":{"rendered":"https:\/\/umrajgrod.pl\/referaty-i-stanowiska\/"},"modified":"2025-11-13T09:29:17","modified_gmt":"2025-11-13T08:29:17","slug":"referaty-i-stanowiska","status":"publish","type":"page","link":"https:\/\/umrajgrod.pl\/en\/referaty-i-stanowiska\/","title":{"rendered":"Referaty i stanowiska"},"content":{"rendered":"\n<p class=\"has-text-align-center\"><strong>W\u0142adze gminy<\/strong><\/p>\n\n\n\n<figure class=\"wp-block-table\"><table class=\"has-fixed-layout\" style=\"border-style:none;border-width:0px\"><tbody><tr><td class=\"has-text-align-right\" data-align=\"right\">Burmistrz Rajgrodu &#8211; Adrian Arasimowicz<\/td><td class=\"has-text-align-left\" data-align=\"left\"><\/td><\/tr><tr><td class=\"has-text-align-right\" data-align=\"right\">Zast\u0119pca Burmistrza &#8211; Beata Kotarska<\/td><td class=\"has-text-align-left\" data-align=\"left\"><\/td><\/tr><tr><td class=\"has-text-align-right\" data-align=\"right\">Skarbnik Gminy &#8211; Aneta Kimszal<br><br>Sekretarz Gminy &#8211; Krzysztof Bronakowski<\/td><td class=\"has-text-align-left\" data-align=\"left\"><\/td><\/tr><\/tbody><\/table><\/figure>\n\n\n\n<hr class=\"wp-block-separator has-alpha-channel-opacity\" \/>\n\n\n\n<p class=\"has-text-align-center\"><strong>Struktura Organizacyjna<\/strong><\/p>\n\n\n\n<figure class=\"wp-block-table\"><table><tbody><tr><td class=\"has-text-align-center\" data-align=\"center\" colspan=\"4\"><strong>REFERAT ORGANIZACYJNY<\/strong><\/td><\/tr><tr><td class=\"has-text-align-center\" data-align=\"center\">Krzysztof Bronakowski&nbsp;<\/td><td>Sekretarz Gminy<\/td><td>86&nbsp;272 19 43<\/td><td>Pok\u00f3j nr 12<\/td><\/tr><tr><td class=\"has-text-align-center\" data-align=\"center\">Ewa Borkowska<\/td><td>Stanowisko ds. kancelaryjno \u2013 technicznych<\/td><td>86&nbsp;272 19 40<\/td><td>Pok\u00f3j nr 11<\/td><\/tr><tr><td class=\"has-text-align-center\" data-align=\"center\">&#8211;<\/td><td>Stanowisko ds. kadrowych, organizacyjnych i o\u015bwiatowych<\/td><td>86&nbsp;272 19 20<\/td><td>Pok\u00f3j nr 1A<\/td><\/tr><tr><td class=\"has-text-align-center\" data-align=\"center\">Agata Siedzik<\/td><td>Stanowisko ds. obs\u0142ugi rady <\/td><td>86&nbsp;272 19 48<\/td><td>Pok\u00f3j nr 5<\/td><\/tr><tr><td class=\"has-text-align-center\" data-align=\"center\">Anna Rutkowska<\/td><td>Stanowisko ds. zarz\u0105dzania kryzysowego<\/td><td>86&nbsp;272 19 55<\/td><td>Pok\u00f3j nr 1<\/td><\/tr><tr><td class=\"has-text-align-center\" data-align=\"center\">Marcin Wielencej<\/td><td>Stanowisko ds. dzia\u0142alno\u015bci gospodarczej, sportu i wsp\u00f3\u0142pracy z organizacjami pozarz\u0105dowymi<\/td><td>86&nbsp;272 19 57<\/td><td>Pok\u00f3j nr 23<\/td><\/tr><tr><td class=\"has-text-align-center\" data-align=\"center\">Piotr Hubert Matysiewicz<\/td><td>Informatyk<\/td><td>86&nbsp;272 19 57<\/td><td>Pok\u00f3j nr 23<\/td><\/tr><\/tbody><\/table><\/figure>\n\n\n\n<figure class=\"wp-block-table\"><table><tbody><tr><td class=\"has-text-align-center\" data-align=\"center\" colspan=\"4\"><strong>REFERAT FINANSOWY<\/strong><\/td><\/tr><tr><td class=\"has-text-align-center\" data-align=\"center\">Aneta Kimszal<\/td><td>Skarbnik Gminy<\/td><td>86&nbsp;272 19 44<\/td><td>Pok\u00f3j nr 8<\/td><\/tr><tr><td class=\"has-text-align-center\" data-align=\"center\">Barbara \u0141epkowska<\/td><td>G\u0142\u00f3wny Ksi\u0119gowy Plac\u00f3wek O\u015bwiaty<\/td><td>86&nbsp;272 19 53<\/td><td>Pok\u00f3j nr 17<\/td><\/tr><tr><td class=\"has-text-align-center\" data-align=\"center\">Ewa Bia\u0142ogrodzka<\/td><td>Stanowisko ds. ksi\u0119gowo\u015bci bud\u017cetowej<\/td><td>86&nbsp;272 19 45<\/td><td>Pok\u00f3j nr 13<\/td><\/tr><tr><td class=\"has-text-align-center\" data-align=\"center\">Jakub Gadzi\u0144ski<\/td><td>Stanowisko ds. ksi\u0119gowo\u015bci bud\u017cetowej<\/td><td>86&nbsp;272 19 45<\/td><td>Pok\u00f3j nr 13<\/td><\/tr><tr><td class=\"has-text-align-center\" data-align=\"center\">Gra\u017cyna Kostrzewska<\/td><td>Stanowisko ds. naliczania i rozliczania p\u0142ac<\/td><td>86&nbsp;272 19 46<\/td><td>Pok\u00f3j nr 14<\/td><\/tr><tr><td class=\"has-text-align-center\" data-align=\"center\">Agnieszka Leplawa<\/td><td>Stanowisko ds. wymiaru podatk\u00f3w<\/td><td>86&nbsp;272 19 50<\/td><td>Pok\u00f3j nr 15<\/td><\/tr><tr><td class=\"has-text-align-center\" data-align=\"center\">Katarzyna Kujkowska<\/td><td>Stanowisko ds. ksi\u0119gowo\u015bci podatkowej<\/td><td>86&nbsp;272 19 50<\/td><td>Pok\u00f3j nr 15<\/td><\/tr><\/tbody><\/table><\/figure>\n\n\n\n<figure class=\"wp-block-table\"><table><tbody><tr><td class=\"has-text-align-center\" data-align=\"center\" colspan=\"4\"><strong>REFERAT INWESTYCJI I ROZWOJU<\/strong><\/td><\/tr><tr><td class=\"has-text-align-center\" data-align=\"center\">Ewelina Ajdyn<\/td><td>Kierownik Referatu\/ Stanowisko ds. inwestycji i projekt\u00f3w unijnych<\/td><td>86&nbsp;272 19 21<\/td><td>Pok\u00f3j nr 18A<\/td><\/tr><tr><td class=\"has-text-align-center\" data-align=\"center\">Urszula \u015awierbutowska<\/td><td>Stanowisko ds. zam\u00f3wie\u0144 publicznych i inwestycji<\/td><td>86&nbsp;272 19 56<\/td><td>Pok\u00f3j nr 18<\/td><\/tr><tr><td class=\"has-text-align-center\" data-align=\"center\">Pawe\u0142 Zadworny<\/td><td>Stanowisko ds. inwestycji i funduszu so\u0142eckiego<\/td><td>86&nbsp;272 19 56<\/td><td>Pok\u00f3j nr 18<\/td><\/tr><tr><td class=\"has-text-align-center\" data-align=\"center\">Ewa Kisielewska<\/td><td>Animator ds. bior\u00f3\u017cnorodno\u015bci<\/td><td>86&nbsp;272 19 56<\/td><td>Pok\u00f3j nr 18<\/td><\/tr><tr><td class=\"has-text-align-center\" data-align=\"center\">Anna Bukowska<\/td><td>Stanowisko ds. zam\u00f3wie\u0144 publicznych<\/td><td>86&nbsp;272 19 56<\/td><td>Pok\u00f3j nr 18<\/td><\/tr><\/tbody><\/table><\/figure>\n\n\n\n<figure class=\"wp-block-table\"><table><tbody><tr><td class=\"has-text-align-center\" data-align=\"center\" colspan=\"4\"><strong><strong>REFERAT KOMUNALNY<\/strong><\/strong><\/td><\/tr><tr><td class=\"has-text-align-center\" data-align=\"center\">El\u017cbieta Karwowska<\/td><td>Kierownik Referatu\/ Stanowisko ds. gospodarki nieruchomo\u015bciami<\/td><td>86\u00a0272 19 51<\/td><td>Pok\u00f3j nr 19<\/td><\/tr><tr><td class=\"has-text-align-center\" data-align=\"center\">Krzysztof Ko\u0142akowski<\/td><td>Stanowisko ds. komunalnych<\/td><td>86\u00a0272 19 51<\/td><td>Pok\u00f3j nr 19<\/td><\/tr><tr><td class=\"has-text-align-center\" data-align=\"center\">Sylwia Aleksiejew<\/td><td>Stanowisko ds. drogownictwa<\/td><td>86\u00a0272 19 49<\/td><td>Pok\u00f3j nr 21<\/td><\/tr><tr><td class=\"has-text-align-center\" data-align=\"center\">Iwona Boli\u0144ska<\/td><td>Stanowisko ds. ochrony \u015brodowiska<\/td><td>86\u00a0272 19 49<\/td><td>Pok\u00f3j nr 21<\/td><\/tr><tr><td class=\"has-text-align-center\" data-align=\"center\">Beata Mariola \u0141apszys<\/td><td>Stanowisko ds. gospodarki komunalnej<\/td><td>86\u00a0272 19 47<\/td><td>Pok\u00f3j nr 6<\/td><\/tr><tr><td class=\"has-text-align-center\" data-align=\"center\">Pawe\u0142 Marcin Policha<\/td><td>Stanowisko ds. gospodarki komunalnej<\/td><td>86\u00a0272 19 59<\/td><td>Pok\u00f3j nr 3<\/td><\/tr><\/tbody><\/table><\/figure>\n\n\n\n<figure class=\"wp-block-table\"><table><tbody><tr><td class=\"has-text-align-center\" data-align=\"center\" colspan=\"4\"><strong>URZ\u0104D STANU CYWILNEGO<\/strong><\/td><\/tr><tr><td class=\"has-text-align-center\" data-align=\"center\">Agnieszka Citkowska<\/td><td>Kierownik Urz\u0119du Stanu Cywilnego<\/td><td>86&nbsp;272 19 54<\/td><td>Pok\u00f3j nr 2<\/td><\/tr><\/tbody><\/table><\/figure>\n\n\n\n<figure class=\"wp-block-table\"><table><tbody><tr><td class=\"has-text-align-center\" data-align=\"center\" colspan=\"4\"><strong>SAMODZIELNE STANOWISKA PRACY<\/strong><\/td><\/tr><tr><td class=\"has-text-align-center\" data-align=\"center\">Dorota Masiewicz<\/td><td>Stanowisko ds. planowania przestrzennego<\/td><td>86&nbsp;272 19 58<\/td><td>Pok\u00f3j nr 22<\/td><\/tr><tr><td class=\"has-text-align-center\" data-align=\"center\">Beata Kotarska<\/td><td>Stanowisko ds. planowania przestrzennego<\/td><td>86&nbsp;272 19 52<\/td><td>Pok\u00f3j nr 7<\/td><\/tr><\/tbody><\/table><\/figure>\n","protected":false},"excerpt":{"rendered":"<p>W\u0142adze gminy Burmistrz Rajgrodu &#8211; Adrian Arasimowicz Zast\u0119pca Burmistrza &#8211; Beata Kotarska Skarbnik Gminy &#8211; Aneta Kimszal Sekretarz Gminy &#8211; [&hellip;]<\/p>\n","protected":false},"author":5,"featured_media":0,"parent":0,"menu_order":0,"comment_status":"closed","ping_status":"closed","template":"","meta":{"inline_featured_image":false,"site-sidebar-layout":"default","site-content-layout":"","ast-site-content-layout":"default","site-content-style":"default","site-sidebar-style":"default","ast-global-header-display":"","ast-banner-title-visibility":"","ast-main-header-display":"","ast-hfb-above-header-display":"","ast-hfb-below-header-display":"","ast-hfb-mobile-header-display":"","site-post-title":"","ast-breadcrumbs-content":"","ast-featured-img":"","footer-sml-layout":"","ast-disable-related-posts":"","theme-transparent-header-meta":"","adv-header-id-meta":"","stick-header-meta":"","header-above-stick-meta":"","header-main-stick-meta":"","header-below-stick-meta":"","astra-migrate-meta-layouts":"set","ast-page-background-enabled":"default","ast-page-background-meta":{"desktop":{"background-color":"var(--ast-global-color-4)","background-image":"","background-repeat":"repeat","background-position":"center center","background-size":"auto","background-attachment":"scroll","background-type":"","background-media":"","overlay-type":"","overlay-color":"","overlay-opacity":"","overlay-gradient":""},"tablet":{"background-color":"","background-image":"","background-repeat":"repeat","background-position":"center center","background-size":"auto","background-attachment":"scroll","background-type":"","background-media":"","overlay-type":"","overlay-color":"","overlay-opacity":"","overlay-gradient":""},"mobile":{"background-color":"","background-image":"","background-repeat":"repeat","background-position":"center center","background-size":"auto","background-attachment":"scroll","background-type":"","background-media":"","overlay-type":"","overlay-color":"","overlay-opacity":"","overlay-gradient":""}},"ast-content-background-meta":{"desktop":{"background-color":"var(--ast-global-color-5)","background-image":"","background-repeat":"repeat","background-position":"center center","background-size":"auto","background-attachment":"scroll","background-type":"","background-media":"","overlay-type":"","overlay-color":"","overlay-opacity":"","overlay-gradient":""},"tablet":{"background-color":"var(--ast-global-color-5)","background-image":"","background-repeat":"repeat","background-position":"center center","background-size":"auto","background-attachment":"scroll","background-type":"","background-media":"","overlay-type":"","overlay-color":"","overlay-opacity":"","overlay-gradient":""},"mobile":{"background-color":"var(--ast-global-color-5)","background-image":"","background-repeat":"repeat","background-position":"center center","background-size":"auto","background-attachment":"scroll","background-type":"","background-media":"","overlay-type":"","overlay-color":"","overlay-opacity":"","overlay-gradient":""}},"footnotes":""},"class_list":["post-28229","page","type-page","status-publish","hentry"],"_links":{"self":[{"href":"https:\/\/umrajgrod.pl\/en\/wp-json\/wp\/v2\/pages\/28229","targetHints":{"allow":["GET"]}}],"collection":[{"href":"https:\/\/umrajgrod.pl\/en\/wp-json\/wp\/v2\/pages"}],"about":[{"href":"https:\/\/umrajgrod.pl\/en\/wp-json\/wp\/v2\/types\/page"}],"author":[{"embeddable":true,"href":"https:\/\/umrajgrod.pl\/en\/wp-json\/wp\/v2\/users\/5"}],"replies":[{"embeddable":true,"href":"https:\/\/umrajgrod.pl\/en\/wp-json\/wp\/v2\/comments?post=28229"}],"version-history":[{"count":20,"href":"https:\/\/umrajgrod.pl\/en\/wp-json\/wp\/v2\/pages\/28229\/revisions"}],"predecessor-version":[{"id":80596,"href":"https:\/\/umrajgrod.pl\/en\/wp-json\/wp\/v2\/pages\/28229\/revisions\/80596"}],"wp:attachment":[{"href":"https:\/\/umrajgrod.pl\/en\/wp-json\/wp\/v2\/media?parent=28229"}],"curies":[{"name":"wp","href":"https:\/\/api.w.org\/{rel}","templated":true}]}}