{"id":28238,"date":"2023-07-19T15:15:44","date_gmt":"2023-07-19T13:15:44","guid":{"rendered":"https:\/\/umrajgrod.pl\/komisje-rady\/"},"modified":"2025-07-10T10:47:15","modified_gmt":"2025-07-10T08:47:15","slug":"komisje-rady","status":"publish","type":"page","link":"https:\/\/umrajgrod.pl\/en\/komisje-rady\/","title":{"rendered":"Komisje Rady"},"content":{"rendered":"\n<div class=\"wp-block-columns is-layout-flex wp-container-core-columns-is-layout-28f84493 wp-block-columns-is-layout-flex\">\n<div class=\"wp-block-column is-layout-flow wp-block-column-is-layout-flow\">\n<h2 class=\"wp-block-heading\">Komisja Skarg Wniosk\u00f3w i Petycji<\/h2>\n\n\n\n<p>Cz\u0142onkowie:<\/p>\n\n\n\n<ol class=\"wp-block-list\">\n<li>Ewa Cebeli\u0144ska \u2013 Przewodnicz\u0105ca<\/li>\n\n\n\n<li>Mateusz Nied\u017awiecki \u2013 Zast\u0119pca Przewodnicz\u0105cego<\/li>\n\n\n\n<li>Marek Ostapowicz \u2013 cz\u0142onek <\/li>\n<\/ol>\n<\/div>\n\n\n\n<div class=\"wp-block-column is-layout-flow wp-block-column-is-layout-flow\">\n<figure class=\"wp-block-image aligncenter size-full is-resized\"><img loading=\"lazy\" decoding=\"async\" width=\"2560\" height=\"1707\" src=\"https:\/\/umrajgrod.pl\/wp-content\/uploads\/2024\/05\/Komisja-Skarg-Wnioskow-i-Petycji-scaled.jpg\" alt=\"\" class=\"wp-image-44203\" style=\"width:512px\" srcset=\"https:\/\/umrajgrod.pl\/wp-content\/uploads\/2024\/05\/Komisja-Skarg-Wnioskow-i-Petycji-scaled.jpg 2560w, https:\/\/umrajgrod.pl\/wp-content\/uploads\/2024\/05\/Komisja-Skarg-Wnioskow-i-Petycji-300x200.jpg 300w, https:\/\/umrajgrod.pl\/wp-content\/uploads\/2024\/05\/Komisja-Skarg-Wnioskow-i-Petycji-1024x683.jpg 1024w, https:\/\/umrajgrod.pl\/wp-content\/uploads\/2024\/05\/Komisja-Skarg-Wnioskow-i-Petycji-768x512.jpg 768w, https:\/\/umrajgrod.pl\/wp-content\/uploads\/2024\/05\/Komisja-Skarg-Wnioskow-i-Petycji-1536x1024.jpg 1536w, https:\/\/umrajgrod.pl\/wp-content\/uploads\/2024\/05\/Komisja-Skarg-Wnioskow-i-Petycji-2048x1365.jpg 2048w, https:\/\/umrajgrod.pl\/wp-content\/uploads\/2024\/05\/Komisja-Skarg-Wnioskow-i-Petycji-50x33.jpg 50w, https:\/\/umrajgrod.pl\/wp-content\/uploads\/2024\/05\/Komisja-Skarg-Wnioskow-i-Petycji-1600x1067.jpg 1600w\" sizes=\"auto, (max-width: 2560px) 100vw, 2560px\" \/><\/figure>\n<\/div>\n<\/div>\n\n\n\n<div class=\"wp-block-columns is-layout-flex wp-container-core-columns-is-layout-28f84493 wp-block-columns-is-layout-flex\">\n<div class=\"wp-block-column is-layout-flow wp-block-column-is-layout-flow\">\n<h2 class=\"wp-block-heading\">Komisja Finans\u00f3w i Rolnictwa<\/h2>\n\n\n\n<p>Cz\u0142onkowie:<\/p>\n\n\n\n<ol class=\"wp-block-list\">\n<li>Bogus\u0142aw Kuczy\u0144ski \u2013 Przewodnicz\u0105cy<\/li>\n\n\n\n<li>Jan Duda &#8211; Zast\u0119pca Przewodnicz\u0105cego<\/li>\n\n\n\n<li>Magdalena Gryczan \u2013 cz\u0142onek <\/li>\n<\/ol>\n<\/div>\n\n\n\n<div class=\"wp-block-column is-layout-flow wp-block-column-is-layout-flow\">\n<figure class=\"wp-block-image aligncenter size-full is-resized\"><img loading=\"lazy\" decoding=\"async\" width=\"2560\" height=\"1707\" src=\"https:\/\/umrajgrod.pl\/wp-content\/uploads\/2024\/05\/Komisja-Finansow-i-Rolnictwa-scaled.jpg\" alt=\"\" class=\"wp-image-44263\" style=\"width:512px\" srcset=\"https:\/\/umrajgrod.pl\/wp-content\/uploads\/2024\/05\/Komisja-Finansow-i-Rolnictwa-scaled.jpg 2560w, https:\/\/umrajgrod.pl\/wp-content\/uploads\/2024\/05\/Komisja-Finansow-i-Rolnictwa-300x200.jpg 300w, https:\/\/umrajgrod.pl\/wp-content\/uploads\/2024\/05\/Komisja-Finansow-i-Rolnictwa-1024x683.jpg 1024w, https:\/\/umrajgrod.pl\/wp-content\/uploads\/2024\/05\/Komisja-Finansow-i-Rolnictwa-768x512.jpg 768w, https:\/\/umrajgrod.pl\/wp-content\/uploads\/2024\/05\/Komisja-Finansow-i-Rolnictwa-1536x1024.jpg 1536w, https:\/\/umrajgrod.pl\/wp-content\/uploads\/2024\/05\/Komisja-Finansow-i-Rolnictwa-2048x1365.jpg 2048w, https:\/\/umrajgrod.pl\/wp-content\/uploads\/2024\/05\/Komisja-Finansow-i-Rolnictwa-50x33.jpg 50w, https:\/\/umrajgrod.pl\/wp-content\/uploads\/2024\/05\/Komisja-Finansow-i-Rolnictwa-1600x1067.jpg 1600w\" sizes=\"auto, (max-width: 2560px) 100vw, 2560px\" \/><\/figure>\n<\/div>\n<\/div>\n\n\n\n<div class=\"wp-block-columns is-layout-flex wp-container-core-columns-is-layout-28f84493 wp-block-columns-is-layout-flex\">\n<div class=\"wp-block-column is-layout-flow wp-block-column-is-layout-flow\">\n<h2 class=\"wp-block-heading\">Komisja O\u015bwiaty i Spraw Spo\u0142ecznych<\/h2>\n\n\n\n<p>Cz\u0142onkowie:<\/p>\n\n\n\n<ol class=\"wp-block-list\">\n<li>Waldemar Pere\u0142ka \u2013 Przewodnicz\u0105cy<\/li>\n\n\n\n<li>Helena Chwali\u0144ska \u2013 Zast\u0119pca Przewodnicz\u0105cego<\/li>\n\n\n\n<li>Grzegorz Sikorski \u2013 cz\u0142onek <\/li>\n\n\n\n<li>Artur Nikonowicz \u2013 cz\u0142onek <\/li>\n<\/ol>\n<\/div>\n\n\n\n<div class=\"wp-block-column is-layout-flow wp-block-column-is-layout-flow\">\n<figure class=\"wp-block-image aligncenter size-full is-resized\"><img loading=\"lazy\" decoding=\"async\" width=\"2560\" height=\"1707\" src=\"https:\/\/umrajgrod.pl\/wp-content\/uploads\/2024\/05\/Komisja-Oswiaty-i-Spraw-Spolecznych-scaled.jpg\" alt=\"\" class=\"wp-image-44269\" style=\"width:512px\" srcset=\"https:\/\/umrajgrod.pl\/wp-content\/uploads\/2024\/05\/Komisja-Oswiaty-i-Spraw-Spolecznych-scaled.jpg 2560w, https:\/\/umrajgrod.pl\/wp-content\/uploads\/2024\/05\/Komisja-Oswiaty-i-Spraw-Spolecznych-300x200.jpg 300w, https:\/\/umrajgrod.pl\/wp-content\/uploads\/2024\/05\/Komisja-Oswiaty-i-Spraw-Spolecznych-1024x683.jpg 1024w, https:\/\/umrajgrod.pl\/wp-content\/uploads\/2024\/05\/Komisja-Oswiaty-i-Spraw-Spolecznych-768x512.jpg 768w, https:\/\/umrajgrod.pl\/wp-content\/uploads\/2024\/05\/Komisja-Oswiaty-i-Spraw-Spolecznych-1536x1024.jpg 1536w, https:\/\/umrajgrod.pl\/wp-content\/uploads\/2024\/05\/Komisja-Oswiaty-i-Spraw-Spolecznych-2048x1365.jpg 2048w, https:\/\/umrajgrod.pl\/wp-content\/uploads\/2024\/05\/Komisja-Oswiaty-i-Spraw-Spolecznych-50x33.jpg 50w, https:\/\/umrajgrod.pl\/wp-content\/uploads\/2024\/05\/Komisja-Oswiaty-i-Spraw-Spolecznych-1600x1067.jpg 1600w\" sizes=\"auto, (max-width: 2560px) 100vw, 2560px\" \/><\/figure>\n<\/div>\n<\/div>\n\n\n\n<div class=\"wp-block-columns is-layout-flex wp-container-core-columns-is-layout-28f84493 wp-block-columns-is-layout-flex\">\n<div class=\"wp-block-column is-layout-flow wp-block-column-is-layout-flow\">\n<h2 class=\"wp-block-heading\">Komisja Rewizyjna<\/h2>\n\n\n\n<p>Cz\u0142onkowie:<\/p>\n\n\n\n<ol class=\"wp-block-list\">\n<li>Adam Nietupski \u2013 Przewodnicz\u0105cy<\/li>\n\n\n\n<li>Mariusz Karwowski \u2013 Zast\u0119pca Przewodnicz\u0105cego<\/li>\n\n\n\n<li>Joanna Graczewska \u2013 Sekretarz<\/li>\n\n\n\n<li>Anna Kapla \u2013 cz\u0142onek<\/li>\n<\/ol>\n<\/div>\n\n\n\n<div class=\"wp-block-column is-layout-flow wp-block-column-is-layout-flow\">\n<figure class=\"wp-block-image aligncenter size-full is-resized\"><img loading=\"lazy\" decoding=\"async\" width=\"2560\" height=\"1707\" src=\"https:\/\/umrajgrod.pl\/wp-content\/uploads\/2024\/05\/Komisja-Rewizyjna-scaled.jpg\" alt=\"\" class=\"wp-image-44380\" style=\"width:525px;height:335px\" srcset=\"https:\/\/umrajgrod.pl\/wp-content\/uploads\/2024\/05\/Komisja-Rewizyjna-scaled.jpg 2560w, https:\/\/umrajgrod.pl\/wp-content\/uploads\/2024\/05\/Komisja-Rewizyjna-300x200.jpg 300w, https:\/\/umrajgrod.pl\/wp-content\/uploads\/2024\/05\/Komisja-Rewizyjna-1024x683.jpg 1024w, https:\/\/umrajgrod.pl\/wp-content\/uploads\/2024\/05\/Komisja-Rewizyjna-768x512.jpg 768w, https:\/\/umrajgrod.pl\/wp-content\/uploads\/2024\/05\/Komisja-Rewizyjna-1536x1024.jpg 1536w, https:\/\/umrajgrod.pl\/wp-content\/uploads\/2024\/05\/Komisja-Rewizyjna-2048x1365.jpg 2048w, https:\/\/umrajgrod.pl\/wp-content\/uploads\/2024\/05\/Komisja-Rewizyjna-50x33.jpg 50w, https:\/\/umrajgrod.pl\/wp-content\/uploads\/2024\/05\/Komisja-Rewizyjna-1600x1067.jpg 1600w\" sizes=\"auto, (max-width: 2560px) 100vw, 2560px\" \/><\/figure>\n<\/div>\n<\/div>\n","protected":false},"excerpt":{"rendered":"<p>Komisja Skarg Wniosk\u00f3w i Petycji Cz\u0142onkowie: Komisja Finans\u00f3w i Rolnictwa Cz\u0142onkowie: Komisja O\u015bwiaty i Spraw Spo\u0142ecznych Cz\u0142onkowie: Komisja Rewizyjna Cz\u0142onkowie:<\/p>\n","protected":false},"author":5,"featured_media":0,"parent":0,"menu_order":0,"comment_status":"closed","ping_status":"closed","template":"","meta":{"inline_featured_image":false,"site-sidebar-layout":"default","site-content-layout":"","ast-site-content-layout":"default","site-content-style":"default","site-sidebar-style":"default","ast-global-header-display":"","ast-banner-title-visibility":"","ast-main-header-display":"","ast-hfb-above-header-display":"","ast-hfb-below-header-display":"","ast-hfb-mobile-header-display":"","site-post-title":"","ast-breadcrumbs-content":"","ast-featured-img":"","footer-sml-layout":"","ast-disable-related-posts":"","theme-transparent-header-meta":"","adv-header-id-meta":"","stick-header-meta":"","header-above-stick-meta":"","header-main-stick-meta":"","header-below-stick-meta":"","astra-migrate-meta-layouts":"set","ast-page-background-enabled":"default","ast-page-background-meta":{"desktop":{"background-color":"var(--ast-global-color-4)","background-image":"","background-repeat":"repeat","background-position":"center center","background-size":"auto","background-attachment":"scroll","background-type":"","background-media":"","overlay-type":"","overlay-color":"","overlay-opacity":"","overlay-gradient":""},"tablet":{"background-color":"","background-image":"","background-repeat":"repeat","background-position":"center center","background-size":"auto","background-attachment":"scroll","background-type":"","background-media":"","overlay-type":"","overlay-color":"","overlay-opacity":"","overlay-gradient":""},"mobile":{"background-color":"","background-image":"","background-repeat":"repeat","background-position":"center center","background-size":"auto","background-attachment":"scroll","background-type":"","background-media":"","overlay-type":"","overlay-color":"","overlay-opacity":"","overlay-gradient":""}},"ast-content-background-meta":{"desktop":{"background-color":"var(--ast-global-color-5)","background-image":"","background-repeat":"repeat","background-position":"center center","background-size":"auto","background-attachment":"scroll","background-type":"","background-media":"","overlay-type":"","overlay-color":"","overlay-opacity":"","overlay-gradient":""},"tablet":{"background-color":"var(--ast-global-color-5)","background-image":"","background-repeat":"repeat","background-position":"center center","background-size":"auto","background-attachment":"scroll","background-type":"","background-media":"","overlay-type":"","overlay-color":"","overlay-opacity":"","overlay-gradient":""},"mobile":{"background-color":"var(--ast-global-color-5)","background-image":"","background-repeat":"repeat","background-position":"center center","background-size":"auto","background-attachment":"scroll","background-type":"","background-media":"","overlay-type":"","overlay-color":"","overlay-opacity":"","overlay-gradient":""}},"footnotes":""},"class_list":["post-28238","page","type-page","status-publish","hentry"],"_links":{"self":[{"href":"https:\/\/umrajgrod.pl\/en\/wp-json\/wp\/v2\/pages\/28238","targetHints":{"allow":["GET"]}}],"collection":[{"href":"https:\/\/umrajgrod.pl\/en\/wp-json\/wp\/v2\/pages"}],"about":[{"href":"https:\/\/umrajgrod.pl\/en\/wp-json\/wp\/v2\/types\/page"}],"author":[{"embeddable":true,"href":"https:\/\/umrajgrod.pl\/en\/wp-json\/wp\/v2\/users\/5"}],"replies":[{"embeddable":true,"href":"https:\/\/umrajgrod.pl\/en\/wp-json\/wp\/v2\/comments?post=28238"}],"version-history":[{"count":4,"href":"https:\/\/umrajgrod.pl\/en\/wp-json\/wp\/v2\/pages\/28238\/revisions"}],"predecessor-version":[{"id":73654,"href":"https:\/\/umrajgrod.pl\/en\/wp-json\/wp\/v2\/pages\/28238\/revisions\/73654"}],"wp:attachment":[{"href":"https:\/\/umrajgrod.pl\/en\/wp-json\/wp\/v2\/media?parent=28238"}],"curies":[{"name":"wp","href":"https:\/\/api.w.org\/{rel}","templated":true}]}}