{"id":28244,"date":"2023-07-19T15:34:23","date_gmt":"2023-07-19T13:34:23","guid":{"rendered":"https:\/\/umrajgrod.pl\/zespol-szkolno-przedszkolny-w-rajgrodzie\/"},"modified":"2024-08-30T11:24:12","modified_gmt":"2024-08-30T09:24:12","slug":"zespol-szkolno-przedszkolny-w-rajgrodzie","status":"publish","type":"page","link":"https:\/\/umrajgrod.pl\/en\/zespol-szkolno-przedszkolny-w-rajgrodzie\/","title":{"rendered":"ZESP\u00d3\u0141 SZKOLNO-PRZEDSZKOLNY W RAJGRODZIE"},"content":{"rendered":"\n<p class=\"has-text-align-center\"><strong>Szko\u0142a Podstawowa im. Henryka Sienkiewicza w Rajgrodzie<\/strong><\/p>\n\n\n\n<p class=\"has-text-align-center\">adres:\u00a0ul.\u00a0Stanki 14<br>19 \u2013 206 Rajgr\u00f3d<br>telefon\/fax:\u00a086 272 14\u00a016<br>e-mail:\u00a0zps@um.rajgrod.wrotapodlasia.pl<br><a href=\"https:\/\/rajgrod.edu.pl\/\" target=\"_blank\" rel=\"noopener\">https:\/\/rajgrod.edu.pl\/<\/a><\/p>\n\n\n\n<p class=\"has-text-align-center\"><br>Dyrektor:\u00a0<strong>Andrzej Graczewski<\/strong><br>e-mail:\u00a0dyrektor.zsp@um.rajgrod.wrotapodlasia.pl\u00a0<\/p>\n\n\n\n<p>W 1937r. nast\u0105pi\u0142o uroczyste wmurowanie kamienia w\u0119gielnego, kt\u00f3rego dokona\u0142 osobi\u015bcie p\u0142k Jan Jur-Gorzechowski . Jak podaje pani Szyma\u0144ska &#8211; przedwojenna nauczycielka &#8211; we wrze\u015bniu 1939r. mia\u0142o nast\u0105pi\u0107 uroczyste otwarcie szko\u0142y z jednoczesnym nadaniem jej imienia pu\u0142kownika Jana Jur-Gorzechowskiego. Niestety z wiadomych przyczyn uroczysto\u015b\u0107 taka nigdy nie mia\u0142a miejsca a w toku zawieruchy wojennej w 1939r. zniszczeniu uleg\u0142a kancelaria szko\u0142y i sztandar. W 1945r. jako pierwsza w powiecie ruszy\u0142a szko\u0142a w Rajgrodzie. Na pocz\u0105tku 1947r. kierownictwo szko\u0142y obj\u0105\u0142 pan Edmund Krajewski. W kwietniu tego\u017c roku m\u0142odzie\u017c szkolna zasadzi\u0142a drzewkami rajgrodzki rynek. Na pami\u0105tk\u0119 postawienia szko\u0142y na placu ko\u015bcielnym, na frontowej \u015bcianie wymurowany by\u0142 krzy\u017c kilkumetrowej wysoko\u015bci z wizerunkiem Chrystusa. Wizerunek zdj\u0119to w czasie okupacji radzieckiej. Krzy\u017c zosta\u0142 zbity w latach pi\u0119\u0107dziesi\u0105tych. Dnia 20 pa\u017adziernika 1979 r. szkole nadano imi\u0119 Henryka Sienkiewicza.<br><br><strong>Informacje o rejonie , z kt\u00f3rego pochodz\u0105 uczniowie<\/strong><br>Do obwodu szko\u0142y nale\u017c\u0105 miejscowo\u015bci: Rajgr\u00f3d, Ciszewo, Koz\u0142\u00f3wka, Przestrzele, Rybczyzna, Skrodzkie \u2013 Tworki, Stoczek, Tama, Wojdy, Stoczek, Koz\u0142\u00f3wka, Ciszewo, Przestrzele, Skrodzkie, Skrodzkie \u2013 Tworki, Kosi\u0142y, Czarnawie\u015b. Obw\u00f3d szkolny jest to w wi\u0119kszo\u015bci rejon rolniczy bardzo rozleg\u0142y, odleg\u0142o\u015b\u0107 uczni\u00f3w od szko\u0142y si\u0119ga do 18 km. Dowo\u017conych jest 118 uczni\u00f3w. Wi\u0119kszo\u015b\u0107 rolnik\u00f3w specjalizuje si\u0119 w hodowli kr\u00f3w, pozostali rolnicy prowadz\u0105 gospodarstwa bez specjalizacji. Gospodarstwa posiadaj\u0105 powierzchni\u0119 od kilku do kilkudziesi\u0119ciu ha. W ostatnich latach nast\u0119puje szybki rozw\u00f3j agroturystyki i gospodarstw ekologicznych. Mieszka\u0144cy Rajgrodu utrzymuj\u0105 si\u0119 z pracy zarobkowej sta\u0142ej i sezonowej w o\u015brodkach wczasowych. Ponad 20% ludno\u015bci gminy stanowi\u0105 bezrobotni.<br><br><strong>Osi\u0105gni\u0119cia szko\u0142y:<\/strong><br>awanse uczni\u00f3w do etapu rejonowego w konkursie przedmiotowych, finali\u015bci w konkursie matematycznym, wyr\u00f3\u017cnienia w konkursie matematycznym Kangur, I i II miejsce w konkursie literackim \u201eZosta\u0144 Sienkiewiczem XXI\u201d zorganizowany przez organizatora XIV Zlotu Szk\u00f3\u0142 Sienkiewiczowskich, czo\u0142owe miejsca dru\u017cyny w finale wojew\u00f3dzkim Turnieju Pi\u0142ki No\u017cnej \u201eCoca Cola Cup\u201d, VII w finale wojew\u00f3dzkim Turnieju Tenisa Sto\u0142owego o Puchar \u201eKontakt\u00f3w\u201d, V lokata w finale wojew\u00f3dzkim Dru\u017cynowego Turnieju Tenisa Sto\u0142owego, III miejsce w konkursie regionalnym \u201eKa\u017cde miejsce opowiada swoj\u0105 histori\u0119\u201d, Wyr\u00f3\u017cnienie w konkursie historycznym \u201eNajciekawsze wydarzenie historyczne w mojej najbli\u017cszej okolicy\u201d , II miejsce w Powiatowej Lidze Szachowej, uzyskanie certyfikatu \u201eSzko\u0142a przyja\u017ani \u015brodowisku\u201d I i II miejsce w Dekanalnym Przegl\u0105dzie Piosenki Religijno-Patriotycznej, I miejsce w konkursie plastycznym Jan Pawe\u0142 II \u2013 Pasterz \u015awiata \u015aredni wynik ze sprawdzianu zewn\u0119trznego r\u00f3wny ze \u015bredni\u0105 wojew\u00f3dztwa podlaskiego, uczestnictwo w \u201eProgramie profilaktyki zawa\u0142\u00f3w serca i udar\u00f3w m\u00f3zgu \u201eP400M\u201d.<\/p>\n\n\n\n<p><\/p>\n\n\n\n<p><br><strong>Pliki do pobrania:<\/strong><\/p>\n\n\n\n<div class=\"wp-block-file alignleft\"><a id=\"wp-block-file--media-a311d6a9-9c8d-4215-9c2f-19314f49640c\" href=\"https:\/\/umrajgrod.pl\/wp-content\/uploads\/2023\/07\/568f745ad2d18-Dane-ogolne-i-krotka-historia-szkoly.doc\">Dane og\u00f3lne i kr\u00f3tka historia szko\u0142y.pdf<\/a><a href=\"https:\/\/umrajgrod.pl\/wp-content\/uploads\/2023\/07\/568f745ad2d18-Dane-ogolne-i-krotka-historia-szkoly.doc\" class=\"wp-block-file__button wp-element-button\" aria-describedby=\"wp-block-file--media-a311d6a9-9c8d-4215-9c2f-19314f49640c\" download>Pobierz<\/a><\/div>\n","protected":false},"excerpt":{"rendered":"<p>Szko\u0142a Podstawowa im. Henryka Sienkiewicza w Rajgrodzie adres:\u00a0ul.\u00a0Stanki 1419 \u2013 206 Rajgr\u00f3dtelefon\/fax:\u00a086 272 14\u00a016e-mail:\u00a0zps@um.rajgrod.wrotapodlasia.plhttps:\/\/rajgrod.edu.pl\/ Dyrektor:\u00a0Andrzej Graczewskie-mail:\u00a0dyrektor.zsp@um.rajgrod.wrotapodlasia.pl\u00a0 W 1937r. nast\u0105pi\u0142o uroczyste [&hellip;]<\/p>\n","protected":false},"author":5,"featured_media":0,"parent":0,"menu_order":0,"comment_status":"closed","ping_status":"closed","template":"","meta":{"inline_featured_image":false,"site-sidebar-layout":"default","site-content-layout":"","ast-site-content-layout":"default","site-content-style":"default","site-sidebar-style":"default","ast-global-header-display":"","ast-banner-title-visibility":"","ast-main-header-display":"","ast-hfb-above-header-display":"","ast-hfb-below-header-display":"","ast-hfb-mobile-header-display":"","site-post-title":"","ast-breadcrumbs-content":"","ast-featured-img":"","footer-sml-layout":"","ast-disable-related-posts":"","theme-transparent-header-meta":"","adv-header-id-meta":"","stick-header-meta":"","header-above-stick-meta":"","header-main-stick-meta":"","header-below-stick-meta":"","astra-migrate-meta-layouts":"set","ast-page-background-enabled":"default","ast-page-background-meta":{"desktop":{"background-color":"var(--ast-global-color-4)","background-image":"","background-repeat":"repeat","background-position":"center center","background-size":"auto","background-attachment":"scroll","background-type":"","background-media":"","overlay-type":"","overlay-color":"","overlay-opacity":"","overlay-gradient":""},"tablet":{"background-color":"","background-image":"","background-repeat":"repeat","background-position":"center center","background-size":"auto","background-attachment":"scroll","background-type":"","background-media":"","overlay-type":"","overlay-color":"","overlay-opacity":"","overlay-gradient":""},"mobile":{"background-color":"","background-image":"","background-repeat":"repeat","background-position":"center center","background-size":"auto","background-attachment":"scroll","background-type":"","background-media":"","overlay-type":"","overlay-color":"","overlay-opacity":"","overlay-gradient":""}},"ast-content-background-meta":{"desktop":{"background-color":"var(--ast-global-color-5)","background-image":"","background-repeat":"repeat","background-position":"center center","background-size":"auto","background-attachment":"scroll","background-type":"","background-media":"","overlay-type":"","overlay-color":"","overlay-opacity":"","overlay-gradient":""},"tablet":{"background-color":"var(--ast-global-color-5)","background-image":"","background-repeat":"repeat","background-position":"center center","background-size":"auto","background-attachment":"scroll","background-type":"","background-media":"","overlay-type":"","overlay-color":"","overlay-opacity":"","overlay-gradient":""},"mobile":{"background-color":"var(--ast-global-color-5)","background-image":"","background-repeat":"repeat","background-position":"center center","background-size":"auto","background-attachment":"scroll","background-type":"","background-media":"","overlay-type":"","overlay-color":"","overlay-opacity":"","overlay-gradient":""}},"footnotes":""},"class_list":["post-28244","page","type-page","status-publish","hentry"],"_links":{"self":[{"href":"https:\/\/umrajgrod.pl\/en\/wp-json\/wp\/v2\/pages\/28244","targetHints":{"allow":["GET"]}}],"collection":[{"href":"https:\/\/umrajgrod.pl\/en\/wp-json\/wp\/v2\/pages"}],"about":[{"href":"https:\/\/umrajgrod.pl\/en\/wp-json\/wp\/v2\/types\/page"}],"author":[{"embeddable":true,"href":"https:\/\/umrajgrod.pl\/en\/wp-json\/wp\/v2\/users\/5"}],"replies":[{"embeddable":true,"href":"https:\/\/umrajgrod.pl\/en\/wp-json\/wp\/v2\/comments?post=28244"}],"version-history":[{"count":5,"href":"https:\/\/umrajgrod.pl\/en\/wp-json\/wp\/v2\/pages\/28244\/revisions"}],"predecessor-version":[{"id":55936,"href":"https:\/\/umrajgrod.pl\/en\/wp-json\/wp\/v2\/pages\/28244\/revisions\/55936"}],"wp:attachment":[{"href":"https:\/\/umrajgrod.pl\/en\/wp-json\/wp\/v2\/media?parent=28244"}],"curies":[{"name":"wp","href":"https:\/\/api.w.org\/{rel}","templated":true}]}}