{"id":28250,"date":"2023-07-20T09:08:06","date_gmt":"2023-07-20T07:08:06","guid":{"rendered":"https:\/\/umrajgrod.pl\/osrodek-pomocy-spolecznej-w-rajgrodzie\/"},"modified":"2024-08-29T09:15:48","modified_gmt":"2024-08-29T07:15:48","slug":"osrodek-pomocy-spolecznej-w-rajgrodzie","status":"publish","type":"page","link":"https:\/\/umrajgrod.pl\/en\/osrodek-pomocy-spolecznej-w-rajgrodzie\/","title":{"rendered":"O\u015aRODEK POMOCY SPO\u0141ECZNEJ"},"content":{"rendered":"\n<figure class=\"wp-block-gallery has-nested-images columns-default is-cropped wp-block-gallery-1 is-layout-flex wp-block-gallery-is-layout-flex\">\n<figure class=\"wp-block-image size-full\"><img loading=\"lazy\" decoding=\"async\" width=\"2560\" height=\"1920\" data-id=\"55579\" src=\"https:\/\/umrajgrod.pl\/wp-content\/uploads\/2024\/08\/OPS-1-scaled.jpg\" alt=\"\" class=\"wp-image-55579\" srcset=\"https:\/\/umrajgrod.pl\/wp-content\/uploads\/2024\/08\/OPS-1-scaled.jpg 2560w, https:\/\/umrajgrod.pl\/wp-content\/uploads\/2024\/08\/OPS-1-300x225.jpg 300w, https:\/\/umrajgrod.pl\/wp-content\/uploads\/2024\/08\/OPS-1-1024x768.jpg 1024w, https:\/\/umrajgrod.pl\/wp-content\/uploads\/2024\/08\/OPS-1-768x576.jpg 768w, https:\/\/umrajgrod.pl\/wp-content\/uploads\/2024\/08\/OPS-1-1536x1152.jpg 1536w, https:\/\/umrajgrod.pl\/wp-content\/uploads\/2024\/08\/OPS-1-2048x1536.jpg 2048w, https:\/\/umrajgrod.pl\/wp-content\/uploads\/2024\/08\/OPS-1-50x38.jpg 50w, https:\/\/umrajgrod.pl\/wp-content\/uploads\/2024\/08\/OPS-1-1600x1200.jpg 1600w\" sizes=\"auto, (max-width: 2560px) 100vw, 2560px\" \/><\/figure>\n<\/figure>\n\n\n\n<p class=\"has-text-align-center\">ul. Warszawska 9 <br>19-206 Rajgr\u00f3d<\/p>\n\n\n\n<p class=\"has-text-align-center\">czynny: od poniedzia\u0142ku do pi\u0105tku w godzinach 7:00-15:00<\/p>\n\n\n\n<p class=\"has-text-align-center\">Strona www: <a href=\"https:\/\/www.opsrajgrod.cba.pl\/ \" target=\"_blank\" rel=\"noopener\">https:\/\/www.opsrajgrod.cba.pl\/<\/a><\/p>\n\n\n\n<p class=\"has-text-align-center\">telefon: 86 272 18 45<\/p>\n\n\n\n<p class=\"has-text-align-center\">Kierownik: <strong>Joanna Katarzyna Hader<\/strong><\/p>\n","protected":false},"excerpt":{"rendered":"<p>ul. Warszawska 9 19-206 Rajgr\u00f3d czynny: od poniedzia\u0142ku do pi\u0105tku w godzinach 7:00-15:00 Strona www: https:\/\/www.opsrajgrod.cba.pl\/ telefon: 86 272 18 [&hellip;]<\/p>\n","protected":false},"author":5,"featured_media":0,"parent":0,"menu_order":0,"comment_status":"closed","ping_status":"closed","template":"","meta":{"inline_featured_image":false,"site-sidebar-layout":"default","site-content-layout":"","ast-site-content-layout":"default","site-content-style":"default","site-sidebar-style":"default","ast-global-header-display":"","ast-banner-title-visibility":"","ast-main-header-display":"","ast-hfb-above-header-display":"","ast-hfb-below-header-display":"","ast-hfb-mobile-header-display":"","site-post-title":"","ast-breadcrumbs-content":"","ast-featured-img":"","footer-sml-layout":"","ast-disable-related-posts":"","theme-transparent-header-meta":"","adv-header-id-meta":"","stick-header-meta":"","header-above-stick-meta":"","header-main-stick-meta":"","header-below-stick-meta":"","astra-migrate-meta-layouts":"set","ast-page-background-enabled":"default","ast-page-background-meta":{"desktop":{"background-color":"var(--ast-global-color-4)","background-image":"","background-repeat":"repeat","background-position":"center center","background-size":"auto","background-attachment":"scroll","background-type":"","background-media":"","overlay-type":"","overlay-color":"","overlay-opacity":"","overlay-gradient":""},"tablet":{"background-color":"","background-image":"","background-repeat":"repeat","background-position":"center center","background-size":"auto","background-attachment":"scroll","background-type":"","background-media":"","overlay-type":"","overlay-color":"","overlay-opacity":"","overlay-gradient":""},"mobile":{"background-color":"","background-image":"","background-repeat":"repeat","background-position":"center center","background-size":"auto","background-attachment":"scroll","background-type":"","background-media":"","overlay-type":"","overlay-color":"","overlay-opacity":"","overlay-gradient":""}},"ast-content-background-meta":{"desktop":{"background-color":"var(--ast-global-color-5)","background-image":"","background-repeat":"repeat","background-position":"center center","background-size":"auto","background-attachment":"scroll","background-type":"","background-media":"","overlay-type":"","overlay-color":"","overlay-opacity":"","overlay-gradient":""},"tablet":{"background-color":"var(--ast-global-color-5)","background-image":"","background-repeat":"repeat","background-position":"center center","background-size":"auto","background-attachment":"scroll","background-type":"","background-media":"","overlay-type":"","overlay-color":"","overlay-opacity":"","overlay-gradient":""},"mobile":{"background-color":"var(--ast-global-color-5)","background-image":"","background-repeat":"repeat","background-position":"center center","background-size":"auto","background-attachment":"scroll","background-type":"","background-media":"","overlay-type":"","overlay-color":"","overlay-opacity":"","overlay-gradient":""}},"footnotes":""},"class_list":["post-28250","page","type-page","status-publish","hentry"],"_links":{"self":[{"href":"https:\/\/umrajgrod.pl\/en\/wp-json\/wp\/v2\/pages\/28250","targetHints":{"allow":["GET"]}}],"collection":[{"href":"https:\/\/umrajgrod.pl\/en\/wp-json\/wp\/v2\/pages"}],"about":[{"href":"https:\/\/umrajgrod.pl\/en\/wp-json\/wp\/v2\/types\/page"}],"author":[{"embeddable":true,"href":"https:\/\/umrajgrod.pl\/en\/wp-json\/wp\/v2\/users\/5"}],"replies":[{"embeddable":true,"href":"https:\/\/umrajgrod.pl\/en\/wp-json\/wp\/v2\/comments?post=28250"}],"version-history":[{"count":1,"href":"https:\/\/umrajgrod.pl\/en\/wp-json\/wp\/v2\/pages\/28250\/revisions"}],"predecessor-version":[{"id":55591,"href":"https:\/\/umrajgrod.pl\/en\/wp-json\/wp\/v2\/pages\/28250\/revisions\/55591"}],"wp:attachment":[{"href":"https:\/\/umrajgrod.pl\/en\/wp-json\/wp\/v2\/media?parent=28250"}],"curies":[{"name":"wp","href":"https:\/\/api.w.org\/{rel}","templated":true}]}}