{"id":28253,"date":"2023-07-20T09:10:04","date_gmt":"2023-07-20T07:10:04","guid":{"rendered":"https:\/\/umrajgrod.pl\/dom-kultury-w-rajgrodzie\/"},"modified":"2025-06-06T12:59:22","modified_gmt":"2025-06-06T10:59:22","slug":"dom-kultury-w-rajgrodzie","status":"publish","type":"page","link":"https:\/\/umrajgrod.pl\/en\/dom-kultury-w-rajgrodzie\/","title":{"rendered":"DOM KULTURY W RAJGRODZIE"},"content":{"rendered":"<p><strong>POZNAJMY HISTORI\u0118 SIEDZIBY DOMU KULTURY W RAJGRODZIE<\/strong> <br \/>W 1936 roku Zarz\u0105d Miejski w Rajgrodzie ze wzgl\u0119du na du\u017c\u0105, coraz wi\u0119ksz\u0105 liczb\u0119 uczni\u00f3w podj\u0105\u0142 inicjatyw\u0119 budowy nowej szko\u0142y. Inicjatywa spotka\u0142a si\u0119 z pozytywnym odzewem w\u015br\u00f3d mieszka\u0144c\u00f3w i instytucji, do kt\u00f3rych nale\u017ca\u0142y m.in.: Zarz\u0105d Miejski, Parafia i Stra\u017c Graniczna.<\/p>\n<p>Parafi\u0119 reprezentowa\u0142 ks. J\u00f3zef Radwa\u0144ski, miejscowy proboszcz, kt\u00f3ry w\u0142\u0105czy\u0142 si\u0119 r\u00f3wnie\u017c w to przedsi\u0119wzi\u0119cie i zosta\u0142 obrany prezesem Komitetu Budowy nowej szko\u0142y. Pod jej budow\u0119 dokonano zmiany lokalizacji na jedno z najpi\u0119kniejszych miejsc w Rajgrodzie. Pocz\u0105tkowo usytuowanie gmachu szkolnego przewidziano na miejskiej targowicy, po\u0142o\u017conej mi\u0119dzy cmentarzem a rzek\u0105 Jegrzni\u0105 (obecnie Rajgrodzka Kalwaria). W\u0142\u0105czaj\u0105c si\u0119 aktywnie w budow\u0119 nowej szko\u0142y, zaproponowa\u0142 jej umiejscowienie na placu po starym ko\u015bciele i od lat nie funkcjonuj\u0105cym ju\u017c cmentarzu grzebalnym.<\/p>\n<p>Propozycj\u0119 przyj\u0119to i dosz\u0142o do zamiany plac\u00f3w. Rada Parafialna poprosi\u0142a Kuri\u0119 Diecezjaln\u0105 o zgod\u0119 na wynegocjowan\u0105 umow\u0119. Warunkiem transakcji by\u0142o upami\u0119tnienie szczeg\u00f3lnego miejsca pod budow\u0119 szko\u0142y, czyli wmurowanie po wieczne czasy Krzy\u017ca \u015awi\u0119tego na zewn\u0119trznej \u015bcianie szko\u0142y \u2013 co te\u017c uczyniono. Wiele fizycznej pracy w\u0142o\u017cono w przygotowanie placu pod budow\u0119 nowej szko\u0142y. Wzg\u00f3rze po starym ko\u015bciele trzeba by\u0142o splantowa\u0107 i wykonano to za pomoc\u0105 \u0142opat i taczek. Do pracy nieodp\u0142atnie zobowi\u0105zali si\u0119 mieszka\u0144cy Rajgrodu. Przy tej okazji ods\u0142oni\u0142o si\u0119 wiele starych grob\u00f3w; resztki trumien tzw. D\u0142ubanek. W dniu <strong>19 IX 1937 r., odby\u0142o si\u0119 uroczyste podpisanie aktu erekcyjnego i wmurowanie kamienia w\u0119gielnego<\/strong>, w kt\u00f3rym udzia\u0142 wzi\u0119li przedstawiciele Komitetu Budowy tj. J\u00f3zef Radwa\u0144ski, Jan Jur Gorzechowski &#8211; Komendant Stra\u017cy Granicznej, Wac\u0142aw Nies\u0142uchowski &#8211; Burmistrz Rajgrodu. Ze wzgl\u0119du na oszcz\u0119dno\u015bci kamie\u0144 pod fundamenty wy\u0142awiano z dna Jeziora Rajgrodzkiego. Projekt gmachu w stylu modernistycznym z charakterystyczn\u0105 wie\u017c\u0105 stanowi\u0105c\u0105 punkt obserwacyjny opracowa\u0142 In\u017cynier Zdzis\u0142aw \u015awi\u0105tkowski &#8211; Architekt Powiatowy w \u0141om\u017cy (autor m.in. Pa\u0142acu Biskupiego w \u0141om\u017cy, Hali Targowej na ul. Stary Rynek w \u0141om\u017cy). Pieni\u0105dze na ten cel pozyskano z dofinansowania Starostwa Szczuczy\u0144skiego, bilet\u00f3w wst\u0119pu na przedstawienia i bale, a tak\u017ce z funduszu Stra\u017cy Granicznej, kt\u00f3ra by\u0142a protektorem budowy Szko\u0142y Powszechnej w Rajgrodzie. Przy sponsorach budowy szko\u0142y nie spos\u00f3b zapomnie\u0107 o postawie Komendanta Stra\u017cy Granicznej Jana Jura Gorzechowskiego, kt\u00f3ry z w\u0142asnej kieszeni do\u0142o\u017cy\u0142 ostatni\u0105 brakuj\u0105c\u0105 cz\u0119\u015b\u0107 potrzebn\u0105 do uko\u0144czenia budowy. Stra\u017c Graniczna odegra\u0142a istotn\u0105 role w kszta\u0142ceniu rajgrodzkiego spo\u0142ecze\u0144stwa, by\u0142a opiekunem dziatwy szkolnej, przesy\u0142aj\u0105c m.in. paczki i prezenty \u015bwi\u0105teczne, aktywnie w\u0142\u0105czy\u0142a si\u0119 w dzia\u0142ania budowy szko\u0142y, kt\u00f3rej przes\u0105dzi\u0142 Komendant Jan Jur Gorzechowski. Ze wzgl\u0119du na ogromne zaanga\u017cowanie w budow\u0119 i szkolnictwo powszechne w Rajgrodzie zadecydowano o nadaniu imienia komendanta Jana Jura Gorzechowksiego Szkole Powszechnej w Rajgrodzie. We wrze\u015bniu 1939 r. zaplanowano uroczyste otwarcie szko\u0142y z nadaniem imienia genera\u0142a Jana Jura \u2013 Gorzechowskiego. Na czo\u0142owej \u015bcianie budynku wymurowano krzy\u017c, kt\u00f3ry by\u0142 niejako t\u0142em na elewacji, bo w\u0142a\u015bnie na nim zawieszono drewniany krzy\u017c z wizerunkiem ukrzy\u017cowanego Jezusa. Wybuch wojny spowodowa\u0142, \u017ce uroczysto\u015b\u0107 nie mia\u0142a miejsca, a przygotowany sztandar i kancelaria szko\u0142y uleg\u0142y zniszczeniu. W czasie II Wojny \u015awiatowej budynek znajduj\u0105cy si\u0119 przy ulicy Szkolnej 24 (dawniej Ko\u015bcielnej) podczas okupacji sowieckiej pe\u0142ni\u0142 funkcj\u0119 szko\u0142y. W czasie okupacji niemieckiej w budynku zorganizowano spichlerz, na parterze znajdowa\u0142y si\u0119 warsztaty mechaniczne, z przeznaczeniem na napraw\u0119 sprz\u0119tu wojskowego. <\/p>\n<p>Po wojnie, po przeprowadzeniu niezb\u0119dnego remontu, budynek powr\u00f3ci\u0142 do swoich pierwotnych funkcji o\u015bwiatowych. W latach siedemdziesi\u0105tych powi\u0119kszono obiekt dodaj\u0105c budynek sto\u0142\u00f3wki szkolnej wraz z zapleczem sanitarnym. W 1979 roku Szko\u0142a Podstawowa w Rajgrodzie otrzyma\u0142a imi\u0119 Henryka Sienkiewicza oraz sztandar szko\u0142y u\u017cywany do dnia dzisiejszego. <\/p>\n<p>W 2018 roku do budynku przeniesiono <strong>Dom Kultury w Rajgrodzie.<\/strong> Obecnie w pomieszczeniach po by\u0142ych salach lekcyjnych znajduj\u0105 si\u0119 pracownie artystyczne, tudzie\u017c siedziby stowarzysze\u0144: Ko\u0142a Gospody\u0144 Wiejskich, 4. RDH \u201eOra et labora\u201d im. b\u0142. ks. phm. S. W. Frelichowskiego (ZHP) i Towarzystwa Mi\u0142o\u015bnik\u00f3w Rajgrodu, dobudowana \u015bwietlica pe\u0142ni rol\u0119 sali widowiskowej.\u00a0 Od 1.01.2023 roku zabytkowy obiekt sztuki modernizmu znajduj\u0105cy si\u0119 w Rajgrodzie przy ul. Szkolnej 24 pe\u0142ni g\u0142\u00f3wn\u0105 siedzib\u0119 Domu Kultury w Rajgrodzie.<\/p>\n\n\n<figure class=\"wp-block-gallery has-nested-images columns-default is-cropped wp-block-gallery-1 is-layout-flex wp-block-gallery-is-layout-flex\">\n<figure data-wp-context=\"{&quot;imageId&quot;:&quot;69e0a506a3924&quot;}\" data-wp-interactive=\"core\/image\" data-wp-key=\"69e0a506a3924\" class=\"wp-block-image size-full wp-lightbox-container\"><img loading=\"lazy\" decoding=\"async\" width=\"2560\" height=\"1920\" data-wp-class--hide=\"state.isContentHidden\" data-wp-class--show=\"state.isContentVisible\" data-wp-init=\"callbacks.setButtonStyles\" data-wp-on--click=\"actions.showLightbox\" data-wp-on--load=\"callbacks.setButtonStyles\" data-wp-on-window--resize=\"callbacks.setButtonStyles\" data-id=\"54301\" src=\"https:\/\/umrajgrod.pl\/wp-content\/uploads\/2024\/08\/1-scaled.jpg\" alt=\"\" class=\"wp-image-54301\" srcset=\"https:\/\/umrajgrod.pl\/wp-content\/uploads\/2024\/08\/1-scaled.jpg 2560w, https:\/\/umrajgrod.pl\/wp-content\/uploads\/2024\/08\/1-300x225.jpg 300w, https:\/\/umrajgrod.pl\/wp-content\/uploads\/2024\/08\/1-1024x768.jpg 1024w, https:\/\/umrajgrod.pl\/wp-content\/uploads\/2024\/08\/1-768x576.jpg 768w, https:\/\/umrajgrod.pl\/wp-content\/uploads\/2024\/08\/1-1536x1152.jpg 1536w, https:\/\/umrajgrod.pl\/wp-content\/uploads\/2024\/08\/1-2048x1536.jpg 2048w, https:\/\/umrajgrod.pl\/wp-content\/uploads\/2024\/08\/1-50x38.jpg 50w, https:\/\/umrajgrod.pl\/wp-content\/uploads\/2024\/08\/1-1600x1200.jpg 1600w\" sizes=\"auto, (max-width: 2560px) 100vw, 2560px\" \/><button\n\t\t\tclass=\"lightbox-trigger\"\n\t\t\ttype=\"button\"\n\t\t\taria-haspopup=\"dialog\"\n\t\t\taria-label=\"Enlarge\"\n\t\t\tdata-wp-init=\"callbacks.initTriggerButton\"\n\t\t\tdata-wp-on--click=\"actions.showLightbox\"\n\t\t\tdata-wp-style--right=\"state.imageButtonRight\"\n\t\t\tdata-wp-style--top=\"state.imageButtonTop\"\n\t\t>\n\t\t\t<svg xmlns=\"http:\/\/www.w3.org\/2000\/svg\" width=\"12\" height=\"12\" fill=\"none\" viewBox=\"0 0 12 12\">\n\t\t\t\t<path fill=\"#fff\" d=\"M2 0a2 2 0 0 0-2 2v2h1.5V2a.5.5 0 0 1 .5-.5h2V0H2Zm2 10.5H2a.5.5 0 0 1-.5-.5V8H0v2a2 2 0 0 0 2 2h2v-1.5ZM8 12v-1.5h2a.5.5 0 0 0 .5-.5V8H12v2a2 2 0 0 1-2 2H8Zm2-12a2 2 0 0 1 2 2v2h-1.5V2a.5.5 0 0 0-.5-.5H8V0h2Z\" \/>\n\t\t\t<\/svg>\n\t\t<\/button><figcaption class=\"wp-element-caption\">Budynek Domu Kultury &#8211; widok od strony ul. Szkolnej<\/figcaption><\/figure>\n\n\n\n<figure data-wp-context=\"{&quot;imageId&quot;:&quot;69e0a506a45a9&quot;}\" data-wp-interactive=\"core\/image\" data-wp-key=\"69e0a506a45a9\" class=\"wp-block-image size-full wp-lightbox-container\"><img loading=\"lazy\" decoding=\"async\" width=\"2560\" height=\"1920\" data-wp-class--hide=\"state.isContentHidden\" data-wp-class--show=\"state.isContentVisible\" data-wp-init=\"callbacks.setButtonStyles\" data-wp-on--click=\"actions.showLightbox\" data-wp-on--load=\"callbacks.setButtonStyles\" data-wp-on-window--resize=\"callbacks.setButtonStyles\" data-id=\"54307\" src=\"https:\/\/umrajgrod.pl\/wp-content\/uploads\/2024\/08\/2A-scaled.jpg\" alt=\"\" class=\"wp-image-54307\" srcset=\"https:\/\/umrajgrod.pl\/wp-content\/uploads\/2024\/08\/2A-scaled.jpg 2560w, https:\/\/umrajgrod.pl\/wp-content\/uploads\/2024\/08\/2A-300x225.jpg 300w, https:\/\/umrajgrod.pl\/wp-content\/uploads\/2024\/08\/2A-1024x768.jpg 1024w, https:\/\/umrajgrod.pl\/wp-content\/uploads\/2024\/08\/2A-768x576.jpg 768w, https:\/\/umrajgrod.pl\/wp-content\/uploads\/2024\/08\/2A-1536x1152.jpg 1536w, https:\/\/umrajgrod.pl\/wp-content\/uploads\/2024\/08\/2A-2048x1536.jpg 2048w, https:\/\/umrajgrod.pl\/wp-content\/uploads\/2024\/08\/2A-50x38.jpg 50w, https:\/\/umrajgrod.pl\/wp-content\/uploads\/2024\/08\/2A-1600x1200.jpg 1600w\" sizes=\"auto, (max-width: 2560px) 100vw, 2560px\" \/><button\n\t\t\tclass=\"lightbox-trigger\"\n\t\t\ttype=\"button\"\n\t\t\taria-haspopup=\"dialog\"\n\t\t\taria-label=\"Enlarge\"\n\t\t\tdata-wp-init=\"callbacks.initTriggerButton\"\n\t\t\tdata-wp-on--click=\"actions.showLightbox\"\n\t\t\tdata-wp-style--right=\"state.imageButtonRight\"\n\t\t\tdata-wp-style--top=\"state.imageButtonTop\"\n\t\t>\n\t\t\t<svg xmlns=\"http:\/\/www.w3.org\/2000\/svg\" width=\"12\" height=\"12\" fill=\"none\" viewBox=\"0 0 12 12\">\n\t\t\t\t<path fill=\"#fff\" d=\"M2 0a2 2 0 0 0-2 2v2h1.5V2a.5.5 0 0 1 .5-.5h2V0H2Zm2 10.5H2a.5.5 0 0 1-.5-.5V8H0v2a2 2 0 0 0 2 2h2v-1.5ZM8 12v-1.5h2a.5.5 0 0 0 .5-.5V8H12v2a2 2 0 0 1-2 2H8Zm2-12a2 2 0 0 1 2 2v2h-1.5V2a.5.5 0 0 0-.5-.5H8V0h2Z\" \/>\n\t\t\t<\/svg>\n\t\t<\/button><figcaption class=\"wp-element-caption\">\u015acie\u017cka \u0142\u0105cz\u0105ca teren Domu Kultury z Promenad\u0105 wok\u00f3\u0142 jeziora Rajgrodzkiego<\/figcaption><\/figure>\n\n\n\n<figure data-wp-context=\"{&quot;imageId&quot;:&quot;69e0a506a58d5&quot;}\" data-wp-interactive=\"core\/image\" data-wp-key=\"69e0a506a58d5\" class=\"wp-block-image size-full wp-lightbox-container\"><img loading=\"lazy\" decoding=\"async\" width=\"2560\" height=\"1920\" data-wp-class--hide=\"state.isContentHidden\" data-wp-class--show=\"state.isContentVisible\" data-wp-init=\"callbacks.setButtonStyles\" data-wp-on--click=\"actions.showLightbox\" data-wp-on--load=\"callbacks.setButtonStyles\" data-wp-on-window--resize=\"callbacks.setButtonStyles\" data-id=\"54361\" src=\"https:\/\/umrajgrod.pl\/wp-content\/uploads\/2024\/08\/3-1-scaled.jpg\" alt=\"\" class=\"wp-image-54361\" srcset=\"https:\/\/umrajgrod.pl\/wp-content\/uploads\/2024\/08\/3-1-scaled.jpg 2560w, https:\/\/umrajgrod.pl\/wp-content\/uploads\/2024\/08\/3-1-300x225.jpg 300w, https:\/\/umrajgrod.pl\/wp-content\/uploads\/2024\/08\/3-1-1024x768.jpg 1024w, https:\/\/umrajgrod.pl\/wp-content\/uploads\/2024\/08\/3-1-768x576.jpg 768w, https:\/\/umrajgrod.pl\/wp-content\/uploads\/2024\/08\/3-1-1536x1152.jpg 1536w, https:\/\/umrajgrod.pl\/wp-content\/uploads\/2024\/08\/3-1-2048x1536.jpg 2048w, https:\/\/umrajgrod.pl\/wp-content\/uploads\/2024\/08\/3-1-50x38.jpg 50w, https:\/\/umrajgrod.pl\/wp-content\/uploads\/2024\/08\/3-1-1600x1200.jpg 1600w\" sizes=\"auto, (max-width: 2560px) 100vw, 2560px\" \/><button\n\t\t\tclass=\"lightbox-trigger\"\n\t\t\ttype=\"button\"\n\t\t\taria-haspopup=\"dialog\"\n\t\t\taria-label=\"Enlarge\"\n\t\t\tdata-wp-init=\"callbacks.initTriggerButton\"\n\t\t\tdata-wp-on--click=\"actions.showLightbox\"\n\t\t\tdata-wp-style--right=\"state.imageButtonRight\"\n\t\t\tdata-wp-style--top=\"state.imageButtonTop\"\n\t\t>\n\t\t\t<svg xmlns=\"http:\/\/www.w3.org\/2000\/svg\" width=\"12\" height=\"12\" fill=\"none\" viewBox=\"0 0 12 12\">\n\t\t\t\t<path fill=\"#fff\" d=\"M2 0a2 2 0 0 0-2 2v2h1.5V2a.5.5 0 0 1 .5-.5h2V0H2Zm2 10.5H2a.5.5 0 0 1-.5-.5V8H0v2a2 2 0 0 0 2 2h2v-1.5ZM8 12v-1.5h2a.5.5 0 0 0 .5-.5V8H12v2a2 2 0 0 1-2 2H8Zm2-12a2 2 0 0 1 2 2v2h-1.5V2a.5.5 0 0 0-.5-.5H8V0h2Z\" \/>\n\t\t\t<\/svg>\n\t\t<\/button><figcaption class=\"wp-element-caption\">Widok na promenad\u0119 i pomost z dziedzi\u0144ca Domu Kultury<\/figcaption><\/figure>\n\n\n\n<figure data-wp-context=\"{&quot;imageId&quot;:&quot;69e0a506a6380&quot;}\" data-wp-interactive=\"core\/image\" data-wp-key=\"69e0a506a6380\" class=\"wp-block-image size-full wp-lightbox-container\"><img loading=\"lazy\" decoding=\"async\" width=\"2560\" height=\"1920\" data-wp-class--hide=\"state.isContentHidden\" data-wp-class--show=\"state.isContentVisible\" data-wp-init=\"callbacks.setButtonStyles\" data-wp-on--click=\"actions.showLightbox\" data-wp-on--load=\"callbacks.setButtonStyles\" data-wp-on-window--resize=\"callbacks.setButtonStyles\" data-id=\"54355\" src=\"https:\/\/umrajgrod.pl\/wp-content\/uploads\/2024\/08\/4-8-scaled.jpg\" alt=\"\" class=\"wp-image-54355\" srcset=\"https:\/\/umrajgrod.pl\/wp-content\/uploads\/2024\/08\/4-8-scaled.jpg 2560w, https:\/\/umrajgrod.pl\/wp-content\/uploads\/2024\/08\/4-8-300x225.jpg 300w, https:\/\/umrajgrod.pl\/wp-content\/uploads\/2024\/08\/4-8-1024x768.jpg 1024w, https:\/\/umrajgrod.pl\/wp-content\/uploads\/2024\/08\/4-8-768x576.jpg 768w, https:\/\/umrajgrod.pl\/wp-content\/uploads\/2024\/08\/4-8-1536x1152.jpg 1536w, https:\/\/umrajgrod.pl\/wp-content\/uploads\/2024\/08\/4-8-2048x1536.jpg 2048w, https:\/\/umrajgrod.pl\/wp-content\/uploads\/2024\/08\/4-8-50x38.jpg 50w, https:\/\/umrajgrod.pl\/wp-content\/uploads\/2024\/08\/4-8-1600x1200.jpg 1600w\" sizes=\"auto, (max-width: 2560px) 100vw, 2560px\" \/><button\n\t\t\tclass=\"lightbox-trigger\"\n\t\t\ttype=\"button\"\n\t\t\taria-haspopup=\"dialog\"\n\t\t\taria-label=\"Enlarge\"\n\t\t\tdata-wp-init=\"callbacks.initTriggerButton\"\n\t\t\tdata-wp-on--click=\"actions.showLightbox\"\n\t\t\tdata-wp-style--right=\"state.imageButtonRight\"\n\t\t\tdata-wp-style--top=\"state.imageButtonTop\"\n\t\t>\n\t\t\t<svg xmlns=\"http:\/\/www.w3.org\/2000\/svg\" width=\"12\" height=\"12\" fill=\"none\" viewBox=\"0 0 12 12\">\n\t\t\t\t<path fill=\"#fff\" d=\"M2 0a2 2 0 0 0-2 2v2h1.5V2a.5.5 0 0 1 .5-.5h2V0H2Zm2 10.5H2a.5.5 0 0 1-.5-.5V8H0v2a2 2 0 0 0 2 2h2v-1.5ZM8 12v-1.5h2a.5.5 0 0 0 .5-.5V8H12v2a2 2 0 0 1-2 2H8Zm2-12a2 2 0 0 1 2 2v2h-1.5V2a.5.5 0 0 0-.5-.5H8V0h2Z\" \/>\n\t\t\t<\/svg>\n\t\t<\/button><figcaption class=\"wp-element-caption\">Korytarz na 1. poziomie Domu Kultury<\/figcaption><\/figure>\n\n\n\n<figure data-wp-context=\"{&quot;imageId&quot;:&quot;69e0a506a6fe6&quot;}\" data-wp-interactive=\"core\/image\" data-wp-key=\"69e0a506a6fe6\" class=\"wp-block-image size-full wp-lightbox-container\"><img loading=\"lazy\" decoding=\"async\" width=\"2560\" height=\"1920\" data-wp-class--hide=\"state.isContentHidden\" data-wp-class--show=\"state.isContentVisible\" data-wp-init=\"callbacks.setButtonStyles\" data-wp-on--click=\"actions.showLightbox\" data-wp-on--load=\"callbacks.setButtonStyles\" data-wp-on-window--resize=\"callbacks.setButtonStyles\" data-id=\"54349\" src=\"https:\/\/umrajgrod.pl\/wp-content\/uploads\/2024\/08\/5-2-scaled.jpg\" alt=\"\" class=\"wp-image-54349\" srcset=\"https:\/\/umrajgrod.pl\/wp-content\/uploads\/2024\/08\/5-2-scaled.jpg 2560w, https:\/\/umrajgrod.pl\/wp-content\/uploads\/2024\/08\/5-2-300x225.jpg 300w, https:\/\/umrajgrod.pl\/wp-content\/uploads\/2024\/08\/5-2-1024x768.jpg 1024w, https:\/\/umrajgrod.pl\/wp-content\/uploads\/2024\/08\/5-2-768x576.jpg 768w, https:\/\/umrajgrod.pl\/wp-content\/uploads\/2024\/08\/5-2-1536x1152.jpg 1536w, https:\/\/umrajgrod.pl\/wp-content\/uploads\/2024\/08\/5-2-2048x1536.jpg 2048w, https:\/\/umrajgrod.pl\/wp-content\/uploads\/2024\/08\/5-2-50x38.jpg 50w, https:\/\/umrajgrod.pl\/wp-content\/uploads\/2024\/08\/5-2-1600x1200.jpg 1600w\" sizes=\"auto, (max-width: 2560px) 100vw, 2560px\" \/><button\n\t\t\tclass=\"lightbox-trigger\"\n\t\t\ttype=\"button\"\n\t\t\taria-haspopup=\"dialog\"\n\t\t\taria-label=\"Enlarge\"\n\t\t\tdata-wp-init=\"callbacks.initTriggerButton\"\n\t\t\tdata-wp-on--click=\"actions.showLightbox\"\n\t\t\tdata-wp-style--right=\"state.imageButtonRight\"\n\t\t\tdata-wp-style--top=\"state.imageButtonTop\"\n\t\t>\n\t\t\t<svg xmlns=\"http:\/\/www.w3.org\/2000\/svg\" width=\"12\" height=\"12\" fill=\"none\" viewBox=\"0 0 12 12\">\n\t\t\t\t<path fill=\"#fff\" d=\"M2 0a2 2 0 0 0-2 2v2h1.5V2a.5.5 0 0 1 .5-.5h2V0H2Zm2 10.5H2a.5.5 0 0 1-.5-.5V8H0v2a2 2 0 0 0 2 2h2v-1.5ZM8 12v-1.5h2a.5.5 0 0 0 .5-.5V8H12v2a2 2 0 0 1-2 2H8Zm2-12a2 2 0 0 1 2 2v2h-1.5V2a.5.5 0 0 0-.5-.5H8V0h2Z\" \/>\n\t\t\t<\/svg>\n\t\t<\/button><figcaption class=\"wp-element-caption\">Korytarz na 1. poziomie Domu Kultury<\/figcaption><\/figure>\n\n\n\n<figure data-wp-context=\"{&quot;imageId&quot;:&quot;69e0a506a7e73&quot;}\" data-wp-interactive=\"core\/image\" data-wp-key=\"69e0a506a7e73\" class=\"wp-block-image size-full wp-lightbox-container\"><img loading=\"lazy\" decoding=\"async\" width=\"2560\" height=\"1920\" data-wp-class--hide=\"state.isContentHidden\" data-wp-class--show=\"state.isContentVisible\" data-wp-init=\"callbacks.setButtonStyles\" data-wp-on--click=\"actions.showLightbox\" data-wp-on--load=\"callbacks.setButtonStyles\" data-wp-on-window--resize=\"callbacks.setButtonStyles\" data-id=\"54376\" src=\"https:\/\/umrajgrod.pl\/wp-content\/uploads\/2024\/08\/6-3-scaled.jpg\" alt=\"\" class=\"wp-image-54376\" srcset=\"https:\/\/umrajgrod.pl\/wp-content\/uploads\/2024\/08\/6-3-scaled.jpg 2560w, https:\/\/umrajgrod.pl\/wp-content\/uploads\/2024\/08\/6-3-300x225.jpg 300w, https:\/\/umrajgrod.pl\/wp-content\/uploads\/2024\/08\/6-3-1024x768.jpg 1024w, https:\/\/umrajgrod.pl\/wp-content\/uploads\/2024\/08\/6-3-768x576.jpg 768w, https:\/\/umrajgrod.pl\/wp-content\/uploads\/2024\/08\/6-3-1536x1152.jpg 1536w, https:\/\/umrajgrod.pl\/wp-content\/uploads\/2024\/08\/6-3-2048x1536.jpg 2048w, https:\/\/umrajgrod.pl\/wp-content\/uploads\/2024\/08\/6-3-50x38.jpg 50w, https:\/\/umrajgrod.pl\/wp-content\/uploads\/2024\/08\/6-3-1600x1200.jpg 1600w\" sizes=\"auto, (max-width: 2560px) 100vw, 2560px\" \/><button\n\t\t\tclass=\"lightbox-trigger\"\n\t\t\ttype=\"button\"\n\t\t\taria-haspopup=\"dialog\"\n\t\t\taria-label=\"Enlarge\"\n\t\t\tdata-wp-init=\"callbacks.initTriggerButton\"\n\t\t\tdata-wp-on--click=\"actions.showLightbox\"\n\t\t\tdata-wp-style--right=\"state.imageButtonRight\"\n\t\t\tdata-wp-style--top=\"state.imageButtonTop\"\n\t\t>\n\t\t\t<svg xmlns=\"http:\/\/www.w3.org\/2000\/svg\" width=\"12\" height=\"12\" fill=\"none\" viewBox=\"0 0 12 12\">\n\t\t\t\t<path fill=\"#fff\" d=\"M2 0a2 2 0 0 0-2 2v2h1.5V2a.5.5 0 0 1 .5-.5h2V0H2Zm2 10.5H2a.5.5 0 0 1-.5-.5V8H0v2a2 2 0 0 0 2 2h2v-1.5ZM8 12v-1.5h2a.5.5 0 0 0 .5-.5V8H12v2a2 2 0 0 1-2 2H8Zm2-12a2 2 0 0 1 2 2v2h-1.5V2a.5.5 0 0 0-.5-.5H8V0h2Z\" \/>\n\t\t\t<\/svg>\n\t\t<\/button><figcaption class=\"wp-element-caption\">Budynek Domu Kultury &#8211; widok od strony Promenady<\/figcaption><\/figure>\n\n\n\n<figure data-wp-context=\"{&quot;imageId&quot;:&quot;69e0a506a8bd7&quot;}\" data-wp-interactive=\"core\/image\" data-wp-key=\"69e0a506a8bd7\" class=\"wp-block-image size-full wp-lightbox-container\"><img loading=\"lazy\" decoding=\"async\" width=\"2560\" height=\"1920\" data-wp-class--hide=\"state.isContentHidden\" data-wp-class--show=\"state.isContentVisible\" data-wp-init=\"callbacks.setButtonStyles\" data-wp-on--click=\"actions.showLightbox\" data-wp-on--load=\"callbacks.setButtonStyles\" data-wp-on-window--resize=\"callbacks.setButtonStyles\" data-id=\"54382\" src=\"https:\/\/umrajgrod.pl\/wp-content\/uploads\/2024\/08\/6a-scaled.jpg\" alt=\"\" class=\"wp-image-54382\" srcset=\"https:\/\/umrajgrod.pl\/wp-content\/uploads\/2024\/08\/6a-scaled.jpg 2560w, https:\/\/umrajgrod.pl\/wp-content\/uploads\/2024\/08\/6a-300x225.jpg 300w, https:\/\/umrajgrod.pl\/wp-content\/uploads\/2024\/08\/6a-1024x768.jpg 1024w, https:\/\/umrajgrod.pl\/wp-content\/uploads\/2024\/08\/6a-768x576.jpg 768w, https:\/\/umrajgrod.pl\/wp-content\/uploads\/2024\/08\/6a-1536x1152.jpg 1536w, https:\/\/umrajgrod.pl\/wp-content\/uploads\/2024\/08\/6a-2048x1536.jpg 2048w, https:\/\/umrajgrod.pl\/wp-content\/uploads\/2024\/08\/6a-50x38.jpg 50w, https:\/\/umrajgrod.pl\/wp-content\/uploads\/2024\/08\/6a-1600x1200.jpg 1600w\" sizes=\"auto, (max-width: 2560px) 100vw, 2560px\" \/><button\n\t\t\tclass=\"lightbox-trigger\"\n\t\t\ttype=\"button\"\n\t\t\taria-haspopup=\"dialog\"\n\t\t\taria-label=\"Enlarge\"\n\t\t\tdata-wp-init=\"callbacks.initTriggerButton\"\n\t\t\tdata-wp-on--click=\"actions.showLightbox\"\n\t\t\tdata-wp-style--right=\"state.imageButtonRight\"\n\t\t\tdata-wp-style--top=\"state.imageButtonTop\"\n\t\t>\n\t\t\t<svg xmlns=\"http:\/\/www.w3.org\/2000\/svg\" width=\"12\" height=\"12\" fill=\"none\" viewBox=\"0 0 12 12\">\n\t\t\t\t<path fill=\"#fff\" d=\"M2 0a2 2 0 0 0-2 2v2h1.5V2a.5.5 0 0 1 .5-.5h2V0H2Zm2 10.5H2a.5.5 0 0 1-.5-.5V8H0v2a2 2 0 0 0 2 2h2v-1.5ZM8 12v-1.5h2a.5.5 0 0 0 .5-.5V8H12v2a2 2 0 0 1-2 2H8Zm2-12a2 2 0 0 1 2 2v2h-1.5V2a.5.5 0 0 0-.5-.5H8V0h2Z\" \/>\n\t\t\t<\/svg>\n\t\t<\/button><figcaption class=\"wp-element-caption\">Budynek Domu Kultury &#8211; widok od strony Promenady wok\u00f3\u0142 jeziora Rajgrodzkiego<\/figcaption><\/figure>\n<\/figure>\n\n\n\n<p class=\"has-text-align-center\"><strong>DOM KULTURY W RAJGRODZIE<\/strong><br>ul. Szkolna 24<br>19-206 Rajgr\u00f3d <br>telefon: 661-418-313 <br>e-mail: dk@umrajgrod.pl<br><br><strong>FB: <a href=\"https:\/\/www.facebook.com\/domkulturyrajgrod\" target=\"_blank\" rel=\"noopener\">https:\/\/www.facebook.com\/domkulturyrajgrod<\/a><\/strong><\/p>\n\n\n\n<p class=\"has-text-align-center\">NIP: 719-100-65-59<\/p>\n\n\n\n<p class=\"has-text-align-center\">REGON: 45-10-87-486<\/p>\n\n\n\n<p class=\"has-text-align-center\">Dyrektor Domu Kultury: <strong>Kacper Bu\u0107ko<\/strong><\/p>\n","protected":false},"excerpt":{"rendered":"<p>POZNAJMY HISTORI\u0118 SIEDZIBY DOMU KULTURY W RAJGRODZIE W 1936 roku Zarz\u0105d Miejski w Rajgrodzie ze wzgl\u0119du na du\u017c\u0105, coraz wi\u0119ksz\u0105 [&hellip;]<\/p>\n","protected":false},"author":5,"featured_media":0,"parent":0,"menu_order":0,"comment_status":"closed","ping_status":"closed","template":"","meta":{"inline_featured_image":false,"site-sidebar-layout":"default","site-content-layout":"","ast-site-content-layout":"default","site-content-style":"default","site-sidebar-style":"default","ast-global-header-display":"","ast-banner-title-visibility":"","ast-main-header-display":"","ast-hfb-above-header-display":"","ast-hfb-below-header-display":"","ast-hfb-mobile-header-display":"","site-post-title":"","ast-breadcrumbs-content":"","ast-featured-img":"","footer-sml-layout":"","ast-disable-related-posts":"","theme-transparent-header-meta":"","adv-header-id-meta":"","stick-header-meta":"","header-above-stick-meta":"","header-main-stick-meta":"","header-below-stick-meta":"","astra-migrate-meta-layouts":"set","ast-page-background-enabled":"default","ast-page-background-meta":{"desktop":{"background-color":"var(--ast-global-color-4)","background-image":"","background-repeat":"repeat","background-position":"center center","background-size":"auto","background-attachment":"scroll","background-type":"","background-media":"","overlay-type":"","overlay-color":"","overlay-opacity":"","overlay-gradient":""},"tablet":{"background-color":"","background-image":"","background-repeat":"repeat","background-position":"center center","background-size":"auto","background-attachment":"scroll","background-type":"","background-media":"","overlay-type":"","overlay-color":"","overlay-opacity":"","overlay-gradient":""},"mobile":{"background-color":"","background-image":"","background-repeat":"repeat","background-position":"center center","background-size":"auto","background-attachment":"scroll","background-type":"","background-media":"","overlay-type":"","overlay-color":"","overlay-opacity":"","overlay-gradient":""}},"ast-content-background-meta":{"desktop":{"background-color":"var(--ast-global-color-5)","background-image":"","background-repeat":"repeat","background-position":"center center","background-size":"auto","background-attachment":"scroll","background-type":"","background-media":"","overlay-type":"","overlay-color":"","overlay-opacity":"","overlay-gradient":""},"tablet":{"background-color":"var(--ast-global-color-5)","background-image":"","background-repeat":"repeat","background-position":"center center","background-size":"auto","background-attachment":"scroll","background-type":"","background-media":"","overlay-type":"","overlay-color":"","overlay-opacity":"","overlay-gradient":""},"mobile":{"background-color":"var(--ast-global-color-5)","background-image":"","background-repeat":"repeat","background-position":"center center","background-size":"auto","background-attachment":"scroll","background-type":"","background-media":"","overlay-type":"","overlay-color":"","overlay-opacity":"","overlay-gradient":""}},"footnotes":""},"class_list":["post-28253","page","type-page","status-publish","hentry"],"_links":{"self":[{"href":"https:\/\/umrajgrod.pl\/en\/wp-json\/wp\/v2\/pages\/28253","targetHints":{"allow":["GET"]}}],"collection":[{"href":"https:\/\/umrajgrod.pl\/en\/wp-json\/wp\/v2\/pages"}],"about":[{"href":"https:\/\/umrajgrod.pl\/en\/wp-json\/wp\/v2\/types\/page"}],"author":[{"embeddable":true,"href":"https:\/\/umrajgrod.pl\/en\/wp-json\/wp\/v2\/users\/5"}],"replies":[{"embeddable":true,"href":"https:\/\/umrajgrod.pl\/en\/wp-json\/wp\/v2\/comments?post=28253"}],"version-history":[{"count":9,"href":"https:\/\/umrajgrod.pl\/en\/wp-json\/wp\/v2\/pages\/28253\/revisions"}],"predecessor-version":[{"id":70696,"href":"https:\/\/umrajgrod.pl\/en\/wp-json\/wp\/v2\/pages\/28253\/revisions\/70696"}],"wp:attachment":[{"href":"https:\/\/umrajgrod.pl\/en\/wp-json\/wp\/v2\/media?parent=28253"}],"curies":[{"name":"wp","href":"https:\/\/api.w.org\/{rel}","templated":true}]}}