{"id":28256,"date":"2023-07-20T09:11:48","date_gmt":"2023-07-20T07:11:48","guid":{"rendered":"https:\/\/umrajgrod.pl\/zaklad-gospodarki-komunalnej-i-mieszkaniowej-w-rajgrodzie\/"},"modified":"2024-08-29T09:15:18","modified_gmt":"2024-08-29T07:15:18","slug":"zaklad-gospodarki-komunalnej-i-mieszkaniowej-w-rajgrodzie","status":"publish","type":"page","link":"https:\/\/umrajgrod.pl\/en\/zaklad-gospodarki-komunalnej-i-mieszkaniowej-w-rajgrodzie\/","title":{"rendered":"ZAK\u0141AD GOSPODARKI KOMUNALNEJ I MIESZKANIOWEJ"},"content":{"rendered":"\n<figure class=\"wp-block-gallery has-nested-images columns-default is-cropped wp-block-gallery-1 is-layout-flex wp-block-gallery-is-layout-flex\">\n<figure class=\"wp-block-image size-full\"><img loading=\"lazy\" decoding=\"async\" width=\"2560\" height=\"1920\" data-id=\"55558\" src=\"https:\/\/umrajgrod.pl\/wp-content\/uploads\/2024\/08\/1-3-scaled.jpg\" alt=\"\" class=\"wp-image-55558\" srcset=\"https:\/\/umrajgrod.pl\/wp-content\/uploads\/2024\/08\/1-3-scaled.jpg 2560w, https:\/\/umrajgrod.pl\/wp-content\/uploads\/2024\/08\/1-3-300x225.jpg 300w, https:\/\/umrajgrod.pl\/wp-content\/uploads\/2024\/08\/1-3-1024x768.jpg 1024w, https:\/\/umrajgrod.pl\/wp-content\/uploads\/2024\/08\/1-3-768x576.jpg 768w, https:\/\/umrajgrod.pl\/wp-content\/uploads\/2024\/08\/1-3-1536x1152.jpg 1536w, https:\/\/umrajgrod.pl\/wp-content\/uploads\/2024\/08\/1-3-2048x1536.jpg 2048w, https:\/\/umrajgrod.pl\/wp-content\/uploads\/2024\/08\/1-3-50x38.jpg 50w, https:\/\/umrajgrod.pl\/wp-content\/uploads\/2024\/08\/1-3-1600x1200.jpg 1600w\" sizes=\"auto, (max-width: 2560px) 100vw, 2560px\" \/><\/figure>\n<\/figure>\n\n\n\n<p class=\"has-text-align-center\">ul. Warszawska 2A <br>19-206 Rajgr\u00f3d<\/p>\n\n\n\n<p class=\"has-text-align-center\">czynne: od poniedzia\u0142ku do pi\u0105tku w godzinach 7:00-15:00<\/p>\n\n\n\n<p class=\"has-text-align-center\">telefon\/fax: 86 272 17 90<\/p>\n\n\n\n<p class=\"has-text-align-center\">Dyrektor: <strong>Marek Kostrzewski<\/strong><\/p>\n","protected":false},"excerpt":{"rendered":"<p>ul. Warszawska 2A 19-206 Rajgr\u00f3d czynne: od poniedzia\u0142ku do pi\u0105tku w godzinach 7:00-15:00 telefon\/fax: 86 272 17 90 Dyrektor: Marek [&hellip;]<\/p>\n","protected":false},"author":5,"featured_media":0,"parent":0,"menu_order":0,"comment_status":"closed","ping_status":"closed","template":"","meta":{"inline_featured_image":false,"site-sidebar-layout":"default","site-content-layout":"","ast-site-content-layout":"default","site-content-style":"default","site-sidebar-style":"default","ast-global-header-display":"","ast-banner-title-visibility":"","ast-main-header-display":"","ast-hfb-above-header-display":"","ast-hfb-below-header-display":"","ast-hfb-mobile-header-display":"","site-post-title":"","ast-breadcrumbs-content":"","ast-featured-img":"","footer-sml-layout":"","ast-disable-related-posts":"","theme-transparent-header-meta":"","adv-header-id-meta":"","stick-header-meta":"","header-above-stick-meta":"","header-main-stick-meta":"","header-below-stick-meta":"","astra-migrate-meta-layouts":"set","ast-page-background-enabled":"default","ast-page-background-meta":{"desktop":{"background-color":"var(--ast-global-color-4)","background-image":"","background-repeat":"repeat","background-position":"center center","background-size":"auto","background-attachment":"scroll","background-type":"","background-media":"","overlay-type":"","overlay-color":"","overlay-opacity":"","overlay-gradient":""},"tablet":{"background-color":"","background-image":"","background-repeat":"repeat","background-position":"center center","background-size":"auto","background-attachment":"scroll","background-type":"","background-media":"","overlay-type":"","overlay-color":"","overlay-opacity":"","overlay-gradient":""},"mobile":{"background-color":"","background-image":"","background-repeat":"repeat","background-position":"center center","background-size":"auto","background-attachment":"scroll","background-type":"","background-media":"","overlay-type":"","overlay-color":"","overlay-opacity":"","overlay-gradient":""}},"ast-content-background-meta":{"desktop":{"background-color":"var(--ast-global-color-5)","background-image":"","background-repeat":"repeat","background-position":"center center","background-size":"auto","background-attachment":"scroll","background-type":"","background-media":"","overlay-type":"","overlay-color":"","overlay-opacity":"","overlay-gradient":""},"tablet":{"background-color":"var(--ast-global-color-5)","background-image":"","background-repeat":"repeat","background-position":"center center","background-size":"auto","background-attachment":"scroll","background-type":"","background-media":"","overlay-type":"","overlay-color":"","overlay-opacity":"","overlay-gradient":""},"mobile":{"background-color":"var(--ast-global-color-5)","background-image":"","background-repeat":"repeat","background-position":"center center","background-size":"auto","background-attachment":"scroll","background-type":"","background-media":"","overlay-type":"","overlay-color":"","overlay-opacity":"","overlay-gradient":""}},"footnotes":""},"class_list":["post-28256","page","type-page","status-publish","hentry"],"_links":{"self":[{"href":"https:\/\/umrajgrod.pl\/en\/wp-json\/wp\/v2\/pages\/28256","targetHints":{"allow":["GET"]}}],"collection":[{"href":"https:\/\/umrajgrod.pl\/en\/wp-json\/wp\/v2\/pages"}],"about":[{"href":"https:\/\/umrajgrod.pl\/en\/wp-json\/wp\/v2\/types\/page"}],"author":[{"embeddable":true,"href":"https:\/\/umrajgrod.pl\/en\/wp-json\/wp\/v2\/users\/5"}],"replies":[{"embeddable":true,"href":"https:\/\/umrajgrod.pl\/en\/wp-json\/wp\/v2\/comments?post=28256"}],"version-history":[{"count":2,"href":"https:\/\/umrajgrod.pl\/en\/wp-json\/wp\/v2\/pages\/28256\/revisions"}],"predecessor-version":[{"id":55585,"href":"https:\/\/umrajgrod.pl\/en\/wp-json\/wp\/v2\/pages\/28256\/revisions\/55585"}],"wp:attachment":[{"href":"https:\/\/umrajgrod.pl\/en\/wp-json\/wp\/v2\/media?parent=28256"}],"curies":[{"name":"wp","href":"https:\/\/api.w.org\/{rel}","templated":true}]}}