{"id":28268,"date":"2023-07-19T16:12:28","date_gmt":"2023-07-19T14:12:28","guid":{"rendered":"https:\/\/umrajgrod.pl\/solectwa\/"},"modified":"2025-01-03T10:30:11","modified_gmt":"2025-01-03T09:30:11","slug":"solectwa","status":"publish","type":"page","link":"https:\/\/umrajgrod.pl\/en\/solectwa\/","title":{"rendered":"SO\u0141ECTWA"},"content":{"rendered":"\n<p><strong>Ewidencja So\u0142tys\u00f3w z terenu Gminy Rajgr\u00f3d w kadencji 2024-29<\/strong><\/p>\n\n\n\n<figure class=\"wp-block-table\"><table><tbody><tr><td><strong>Lp.<\/strong><\/td><td><strong>So\u0142ectwo<\/strong><\/td><td><strong>So\u0142tys<\/strong><\/td><\/tr><tr><td>1<\/td><td>Be\u0142da<\/td><td>Janina Bagi\u0144ska<\/td><\/tr><tr><td>2<\/td><td>Biebrza<\/td><td>Agnieszka Mierzejewska<\/td><\/tr><tr><td>3<\/td><td>Bukowo<\/td><td>Mariusz Pie\u0144czykowski<\/td><\/tr><tr><td>4<\/td><td>Ciszewo<\/td><td>Marzena P\u0142o\u0144ska<\/td><\/tr><tr><td>5<\/td><td>Czarna Wie\u015b<\/td><td>Emilia Gregorowicz<\/td><\/tr><tr><td>6<\/td><td>Danowo<\/td><td>Wies\u0142aw Mroziewski<\/td><\/tr><tr><td>7<\/td><td>Karczewo<\/td><td>Katarzyna Fiedorow<\/td><\/tr><tr><td>8<\/td><td>Karwowo<\/td><td>Ewa Karwowska<\/td><\/tr><tr><td>9<\/td><td>Ko\u0142aki<\/td><td>Joanna Ossowska<\/td><\/tr><tr><td>10<\/td><td>Kosi\u0142y<\/td><td>Dariusz Muczy\u0144ski<\/td><\/tr><tr><td>11<\/td><td>Kos\u00f3wka<\/td><td>Dorota Bukowska<\/td><\/tr><tr><td>12<\/td><td>Koz\u0142\u00f3wka<\/td><td>Czes\u0142aw Karwowski<\/td><\/tr><tr><td>13<\/td><td>Kuligi<\/td><td>Marta Kalicka<\/td><\/tr><tr><td>14<\/td><td>\u0141azarze<\/td><td>Adrian Wi\u015bniewski<\/td><\/tr><tr><td>15<\/td><td>Miecze<\/td><td>Marzena Sikorska<\/td><\/tr><tr><td>16<\/td><td>Orzech\u00f3wka<\/td><td>Krzysztof Lotkowski<\/td><\/tr><tr><td>17<\/td><td>Pie\u0144czykowo<\/td><td>Helena Santorowska<\/td><\/tr><tr><td>18<\/td><td>Pie\u0144czyk\u00f3wek<\/td><td>Tomasz Graczewski<\/td><\/tr><tr><td>19<\/td><td>Przestrzele<\/td><td>Leszek Cebeli\u0144ski<\/td><\/tr><tr><td>20<\/td><td>Rybczyzna<\/td><td>Joanna Mulewska<\/td><\/tr><tr><td>21<\/td><td>Rydzewo<\/td><td>Magdalena Gryczan<\/td><\/tr><tr><td>22<\/td><td>Skrodzkie<\/td><td>Tomasz Kownacki<\/td><\/tr><tr><td>23<\/td><td>Stoczek<\/td><td>Jan Deluga<\/td><\/tr><tr><td>24<\/td><td>So\u0142ki<\/td><td>Danuta Bujnowska<\/td><\/tr><tr><td>25<\/td><td>Tama<\/td><td>Helena Chwali\u0144ska<\/td><\/tr><tr><td>26<\/td><td>Turczyn<\/td><td>Adam Kuczy\u0144ski<\/td><\/tr><tr><td>27<\/td><td>Wojdy<\/td><td>Agnieszka O\u0142dak<\/td><\/tr><tr><td>28<\/td><td>Wo\u017anawie\u015b I<\/td><td>Pawe\u0142 Kiersznowski<\/td><\/tr><tr><td>29<\/td><td>Wo\u017anawie\u015b II<\/td><td>Alicja Matysiewicz<\/td><\/tr><tr><td>30<\/td><td>W\u00f3lka Ma\u0142a<\/td><td>Irena Babul<\/td><\/tr><tr><td>31<\/td><td>W\u00f3lka Piotrowska<\/td><td>Ewa Zyskowska<\/td><\/tr><\/tbody><\/table><\/figure>\n","protected":false},"excerpt":{"rendered":"<p>Ewidencja So\u0142tys\u00f3w z terenu Gminy Rajgr\u00f3d w kadencji 2024-29 Lp. So\u0142ectwo So\u0142tys 1 Be\u0142da Janina Bagi\u0144ska 2 Biebrza Agnieszka Mierzejewska [&hellip;]<\/p>\n","protected":false},"author":5,"featured_media":0,"parent":0,"menu_order":0,"comment_status":"closed","ping_status":"closed","template":"","meta":{"inline_featured_image":false,"site-sidebar-layout":"default","site-content-layout":"","ast-site-content-layout":"default","site-content-style":"default","site-sidebar-style":"default","ast-global-header-display":"","ast-banner-title-visibility":"","ast-main-header-display":"","ast-hfb-above-header-display":"","ast-hfb-below-header-display":"","ast-hfb-mobile-header-display":"","site-post-title":"","ast-breadcrumbs-content":"","ast-featured-img":"","footer-sml-layout":"","ast-disable-related-posts":"","theme-transparent-header-meta":"","adv-header-id-meta":"","stick-header-meta":"","header-above-stick-meta":"","header-main-stick-meta":"","header-below-stick-meta":"","astra-migrate-meta-layouts":"set","ast-page-background-enabled":"default","ast-page-background-meta":{"desktop":{"background-color":"var(--ast-global-color-4)","background-image":"","background-repeat":"repeat","background-position":"center center","background-size":"auto","background-attachment":"scroll","background-type":"","background-media":"","overlay-type":"","overlay-color":"","overlay-opacity":"","overlay-gradient":""},"tablet":{"background-color":"","background-image":"","background-repeat":"repeat","background-position":"center center","background-size":"auto","background-attachment":"scroll","background-type":"","background-media":"","overlay-type":"","overlay-color":"","overlay-opacity":"","overlay-gradient":""},"mobile":{"background-color":"","background-image":"","background-repeat":"repeat","background-position":"center center","background-size":"auto","background-attachment":"scroll","background-type":"","background-media":"","overlay-type":"","overlay-color":"","overlay-opacity":"","overlay-gradient":""}},"ast-content-background-meta":{"desktop":{"background-color":"var(--ast-global-color-5)","background-image":"","background-repeat":"repeat","background-position":"center center","background-size":"auto","background-attachment":"scroll","background-type":"","background-media":"","overlay-type":"","overlay-color":"","overlay-opacity":"","overlay-gradient":""},"tablet":{"background-color":"var(--ast-global-color-5)","background-image":"","background-repeat":"repeat","background-position":"center center","background-size":"auto","background-attachment":"scroll","background-type":"","background-media":"","overlay-type":"","overlay-color":"","overlay-opacity":"","overlay-gradient":""},"mobile":{"background-color":"var(--ast-global-color-5)","background-image":"","background-repeat":"repeat","background-position":"center center","background-size":"auto","background-attachment":"scroll","background-type":"","background-media":"","overlay-type":"","overlay-color":"","overlay-opacity":"","overlay-gradient":""}},"footnotes":""},"class_list":["post-28268","page","type-page","status-publish","hentry"],"_links":{"self":[{"href":"https:\/\/umrajgrod.pl\/en\/wp-json\/wp\/v2\/pages\/28268","targetHints":{"allow":["GET"]}}],"collection":[{"href":"https:\/\/umrajgrod.pl\/en\/wp-json\/wp\/v2\/pages"}],"about":[{"href":"https:\/\/umrajgrod.pl\/en\/wp-json\/wp\/v2\/types\/page"}],"author":[{"embeddable":true,"href":"https:\/\/umrajgrod.pl\/en\/wp-json\/wp\/v2\/users\/5"}],"replies":[{"embeddable":true,"href":"https:\/\/umrajgrod.pl\/en\/wp-json\/wp\/v2\/comments?post=28268"}],"version-history":[{"count":6,"href":"https:\/\/umrajgrod.pl\/en\/wp-json\/wp\/v2\/pages\/28268\/revisions"}],"predecessor-version":[{"id":64312,"href":"https:\/\/umrajgrod.pl\/en\/wp-json\/wp\/v2\/pages\/28268\/revisions\/64312"}],"wp:attachment":[{"href":"https:\/\/umrajgrod.pl\/en\/wp-json\/wp\/v2\/media?parent=28268"}],"curies":[{"name":"wp","href":"https:\/\/api.w.org\/{rel}","templated":true}]}}