{"id":28271,"date":"2023-08-24T17:05:24","date_gmt":"2023-08-24T15:05:24","guid":{"rendered":"https:\/\/umrajgrod.pl\/swietlice-wiejskie\/"},"modified":"2025-08-26T13:18:21","modified_gmt":"2025-08-26T11:18:21","slug":"swietlice-wiejskie","status":"publish","type":"page","link":"https:\/\/umrajgrod.pl\/en\/swietlice-wiejskie\/","title":{"rendered":"\u015aWIETLICE WIEJSKIE"},"content":{"rendered":"\n<div class=\"wp-block-columns is-layout-flex wp-container-core-columns-is-layout-28f84493 wp-block-columns-is-layout-flex\">\n<div class=\"wp-block-column is-layout-flow wp-block-column-is-layout-flow\">\n<figure class=\"wp-block-image size-full\"><img loading=\"lazy\" decoding=\"async\" width=\"1024\" height=\"768\" src=\"https:\/\/umrajgrod.pl\/wp-content\/uploads\/2023\/08\/Belda-1.jpg\" alt=\"\" class=\"wp-image-23885\" srcset=\"https:\/\/umrajgrod.pl\/wp-content\/uploads\/2023\/08\/Belda-1.jpg 1024w, https:\/\/umrajgrod.pl\/wp-content\/uploads\/2023\/08\/Belda-1-300x225.jpg 300w, https:\/\/umrajgrod.pl\/wp-content\/uploads\/2023\/08\/Belda-1-768x576.jpg 768w\" sizes=\"auto, (max-width: 1024px) 100vw, 1024px\" \/><\/figure>\n<\/div>\n\n\n\n<div class=\"wp-block-column is-layout-flow wp-block-column-is-layout-flow\">\n<h3 class=\"wp-block-heading\"><strong>BE\u0141DA<\/strong><\/h3>\n\n\n\n<div class=\"wp-block-buttons is-layout-flex wp-block-buttons-is-layout-flex\">\n<div class=\"wp-block-button\"><a class=\"wp-block-button__link wp-element-button\" href=\"https:\/\/umrajgrod.pl\/swietlica-wiejska-w-beldzie\/\">Zobacz<\/a><\/div>\n<\/div>\n\n\n\n<div class=\"wp-block-buttons is-layout-flex wp-block-buttons-is-layout-flex\">\n<div class=\"wp-block-button\"><a class=\"wp-block-button__link wp-element-button\" href=\"https:\/\/umrajgrod.pl\/wynajem-swietlicy-w-beldzie\/\">Wynajem<\/a><\/div>\n<\/div>\n\n\n\n<div class=\"wp-block-buttons is-layout-flex wp-block-buttons-is-layout-flex\">\n<div class=\"wp-block-button\"><a class=\"wp-block-button__link wp-element-button\" href=\"https:\/\/umrajgrod.pl\/rozliczenie-roczne-swietlicy-belda\/\">Rozliczenie<\/a><\/div>\n<\/div>\n<\/div>\n<\/div>\n\n\n\n<div class=\"wp-block-columns is-layout-flex wp-container-core-columns-is-layout-28f84493 wp-block-columns-is-layout-flex\">\n<div class=\"wp-block-column is-layout-flow wp-block-column-is-layout-flow\">\n<figure class=\"wp-block-image size-full\"><img loading=\"lazy\" decoding=\"async\" width=\"640\" height=\"427\" src=\"https:\/\/umrajgrod.pl\/wp-content\/uploads\/2023\/08\/Biebrza-1.jpg\" alt=\"\" class=\"wp-image-23891\" srcset=\"https:\/\/umrajgrod.pl\/wp-content\/uploads\/2023\/08\/Biebrza-1.jpg 640w, https:\/\/umrajgrod.pl\/wp-content\/uploads\/2023\/08\/Biebrza-1-300x200.jpg 300w\" sizes=\"auto, (max-width: 640px) 100vw, 640px\" \/><\/figure>\n<\/div>\n\n\n\n<div class=\"wp-block-column is-layout-flow wp-block-column-is-layout-flow\">\n<h3 class=\"wp-block-heading\"><strong>BIEBRZA<\/strong><\/h3>\n\n\n\n<div class=\"wp-block-buttons is-layout-flex wp-block-buttons-is-layout-flex\">\n<div class=\"wp-block-button\"><a class=\"wp-block-button__link wp-element-button\" href=\"https:\/\/umrajgrod.pl\/swietlica-wiejska-w-biebrzy\/\">Zobacz<\/a><\/div>\n<\/div>\n\n\n\n<div class=\"wp-block-buttons is-layout-flex wp-block-buttons-is-layout-flex\">\n<div class=\"wp-block-button\"><a class=\"wp-block-button__link wp-element-button\" href=\"https:\/\/umrajgrod.pl\/wynajem-swietlicy-w-biebrzy\/\">Wynajem<\/a><\/div>\n<\/div>\n\n\n\n<div class=\"wp-block-buttons is-layout-flex wp-block-buttons-is-layout-flex\">\n<div class=\"wp-block-button\"><a class=\"wp-block-button__link wp-element-button\" href=\"https:\/\/umrajgrod.pl\/rozliczenie-roczne-swietlicy-biebrza\/\">Rozliczenie<\/a><\/div>\n<\/div>\n<\/div>\n<\/div>\n\n\n\n<div class=\"wp-block-columns is-layout-flex wp-container-core-columns-is-layout-28f84493 wp-block-columns-is-layout-flex\">\n<div class=\"wp-block-column is-layout-flow wp-block-column-is-layout-flow\">\n<figure class=\"wp-block-image size-large\"><img loading=\"lazy\" decoding=\"async\" width=\"1024\" height=\"577\" src=\"https:\/\/umrajgrod.pl\/wp-content\/uploads\/2023\/08\/Kosowka-1-1024x577.jpg\" alt=\"\" class=\"wp-image-23897\" srcset=\"https:\/\/umrajgrod.pl\/wp-content\/uploads\/2023\/08\/Kosowka-1-1024x577.jpg 1024w, https:\/\/umrajgrod.pl\/wp-content\/uploads\/2023\/08\/Kosowka-1-300x169.jpg 300w, https:\/\/umrajgrod.pl\/wp-content\/uploads\/2023\/08\/Kosowka-1-768x433.jpg 768w, https:\/\/umrajgrod.pl\/wp-content\/uploads\/2023\/08\/Kosowka-1-1536x866.jpg 1536w, https:\/\/umrajgrod.pl\/wp-content\/uploads\/2023\/08\/Kosowka-1-2048x1155.jpg 2048w\" sizes=\"auto, (max-width: 1024px) 100vw, 1024px\" \/><\/figure>\n<\/div>\n\n\n\n<div class=\"wp-block-column is-layout-flow wp-block-column-is-layout-flow\">\n<h3 class=\"wp-block-heading\"><strong>KOS\u00d3WKA<\/strong><\/h3>\n\n\n\n<div class=\"wp-block-buttons is-layout-flex wp-block-buttons-is-layout-flex\">\n<div class=\"wp-block-button\"><a class=\"wp-block-button__link wp-element-button\" href=\"https:\/\/umrajgrod.pl\/swietlica-wiejska-w-kosowce\/\">Zobacz<\/a><\/div>\n<\/div>\n\n\n\n<div class=\"wp-block-buttons is-layout-flex wp-block-buttons-is-layout-flex\">\n<div class=\"wp-block-button\"><a class=\"wp-block-button__link wp-element-button\" href=\"https:\/\/umrajgrod.pl\/wynajem-swietlicy-w-kosowce\/\">Wynajem<\/a><\/div>\n<\/div>\n\n\n\n<div class=\"wp-block-buttons is-layout-flex wp-block-buttons-is-layout-flex\">\n<div class=\"wp-block-button\"><a class=\"wp-block-button__link wp-element-button\" href=\"https:\/\/umrajgrod.pl\/rozliczenie-roczne-swietlicy-kosowka\/\">Rozliczenie<\/a><\/div>\n<\/div>\n<\/div>\n<\/div>\n\n\n\n<div class=\"wp-block-media-text is-stacked-on-mobile\"><figure class=\"wp-block-media-text__media\"><img loading=\"lazy\" decoding=\"async\" width=\"1024\" height=\"768\" src=\"https:\/\/umrajgrod.pl\/wp-content\/uploads\/2024\/09\/miecze-1-1024x768.jpg\" alt=\"\" class=\"wp-image-57631 size-full\" srcset=\"https:\/\/umrajgrod.pl\/wp-content\/uploads\/2024\/09\/miecze-1-1024x768.jpg 1024w, https:\/\/umrajgrod.pl\/wp-content\/uploads\/2024\/09\/miecze-1-300x225.jpg 300w, https:\/\/umrajgrod.pl\/wp-content\/uploads\/2024\/09\/miecze-1-768x576.jpg 768w, https:\/\/umrajgrod.pl\/wp-content\/uploads\/2024\/09\/miecze-1-1536x1152.jpg 1536w, https:\/\/umrajgrod.pl\/wp-content\/uploads\/2024\/09\/miecze-1-2048x1536.jpg 2048w, https:\/\/umrajgrod.pl\/wp-content\/uploads\/2024\/09\/miecze-1-50x38.jpg 50w, https:\/\/umrajgrod.pl\/wp-content\/uploads\/2024\/09\/miecze-1-1600x1200.jpg 1600w\" sizes=\"auto, (max-width: 1024px) 100vw, 1024px\" \/><\/figure><div class=\"wp-block-media-text__content\">\n<p class=\"has-large-font-size\"><strong>MIECZE<\/strong><\/p>\n\n\n\n<div class=\"wp-block-buttons is-layout-flex wp-block-buttons-is-layout-flex\">\n<div class=\"wp-block-button\"><a class=\"wp-block-button__link wp-element-button\" href=\"https:\/\/umrajgrod.pl\/swietlica-wiejska-w-mieczach\/\">Zobacz<\/a><\/div>\n<\/div>\n\n\n\n<div class=\"wp-block-buttons is-layout-flex wp-block-buttons-is-layout-flex\">\n<div class=\"wp-block-button\"><a class=\"wp-block-button__link wp-element-button\" href=\"https:\/\/umrajgrod.pl\/wynajem-swietlicy-w-mieczach\/\">Wynajem<\/a><\/div>\n<\/div>\n\n\n\n<div class=\"wp-block-buttons is-layout-flex wp-block-buttons-is-layout-flex\">\n<div class=\"wp-block-button\"><a class=\"wp-block-button__link wp-element-button\" href=\"https:\/\/umrajgrod.pl\/rozliczenie-roczne-swietlicy-miecze\/\">Rozliczenie<\/a><\/div>\n<\/div>\n<\/div><\/div>\n\n\n\n<div class=\"wp-block-columns is-layout-flex wp-container-core-columns-is-layout-28f84493 wp-block-columns-is-layout-flex\">\n<div class=\"wp-block-column is-layout-flow wp-block-column-is-layout-flow\">\n<figure class=\"wp-block-image size-large\"><img loading=\"lazy\" decoding=\"async\" width=\"1024\" height=\"683\" src=\"https:\/\/umrajgrod.pl\/wp-content\/uploads\/2023\/08\/Pienczykowo-1-1024x683.jpg\" alt=\"\" class=\"wp-image-23903\" srcset=\"https:\/\/umrajgrod.pl\/wp-content\/uploads\/2023\/08\/Pienczykowo-1-1024x683.jpg 1024w, https:\/\/umrajgrod.pl\/wp-content\/uploads\/2023\/08\/Pienczykowo-1-300x200.jpg 300w, https:\/\/umrajgrod.pl\/wp-content\/uploads\/2023\/08\/Pienczykowo-1-768x512.jpg 768w, https:\/\/umrajgrod.pl\/wp-content\/uploads\/2023\/08\/Pienczykowo-1.jpg 1200w\" sizes=\"auto, (max-width: 1024px) 100vw, 1024px\" \/><\/figure>\n<\/div>\n\n\n\n<div class=\"wp-block-column is-layout-flow wp-block-column-is-layout-flow\">\n<h3 class=\"wp-block-heading\"><strong>PIE\u0143CZYKOWO<\/strong><\/h3>\n\n\n\n<div class=\"wp-block-buttons is-layout-flex wp-block-buttons-is-layout-flex\">\n<div class=\"wp-block-button\"><a class=\"wp-block-button__link wp-element-button\" href=\"https:\/\/umrajgrod.pl\/swietlica-wiejska-w-pienczykowie\/\">Zobacz<\/a><\/div>\n<\/div>\n\n\n\n<div class=\"wp-block-buttons is-layout-flex wp-block-buttons-is-layout-flex\">\n<div class=\"wp-block-button\"><a class=\"wp-block-button__link wp-element-button\" href=\"https:\/\/umrajgrod.pl\/wynajem-swietlicy-w-pienczykowie\/\">Wynajem<\/a><\/div>\n<\/div>\n\n\n\n<div class=\"wp-block-buttons is-layout-flex wp-block-buttons-is-layout-flex\">\n<div class=\"wp-block-button\"><a class=\"wp-block-button__link wp-element-button\" href=\"https:\/\/umrajgrod.pl\/rozliczenie-roczne-swietlicy-pienczykowo\/\">Rozliczenie<\/a><\/div>\n<\/div>\n<\/div>\n<\/div>\n\n\n\n<div class=\"wp-block-columns is-layout-flex wp-container-core-columns-is-layout-28f84493 wp-block-columns-is-layout-flex\">\n<div class=\"wp-block-column is-layout-flow wp-block-column-is-layout-flow\">\n<figure data-wp-context=\"{&quot;imageId&quot;:&quot;69ea77d057e13&quot;}\" data-wp-interactive=\"core\/image\" data-wp-key=\"69ea77d057e13\" class=\"wp-block-image size-full wp-lightbox-container\"><img loading=\"lazy\" decoding=\"async\" width=\"2016\" height=\"1512\" data-wp-class--hide=\"state.isContentHidden\" data-wp-class--show=\"state.isContentVisible\" data-wp-init=\"callbacks.setButtonStyles\" data-wp-on--click=\"actions.showLightbox\" data-wp-on--load=\"callbacks.setButtonStyles\" data-wp-on-window--resize=\"callbacks.setButtonStyles\" src=\"https:\/\/umrajgrod.pl\/wp-content\/uploads\/2024\/09\/rydzewo.jpg\" alt=\"\" class=\"wp-image-57154\" srcset=\"https:\/\/umrajgrod.pl\/wp-content\/uploads\/2024\/09\/rydzewo.jpg 2016w, https:\/\/umrajgrod.pl\/wp-content\/uploads\/2024\/09\/rydzewo-300x225.jpg 300w, https:\/\/umrajgrod.pl\/wp-content\/uploads\/2024\/09\/rydzewo-1024x768.jpg 1024w, https:\/\/umrajgrod.pl\/wp-content\/uploads\/2024\/09\/rydzewo-768x576.jpg 768w, https:\/\/umrajgrod.pl\/wp-content\/uploads\/2024\/09\/rydzewo-1536x1152.jpg 1536w, https:\/\/umrajgrod.pl\/wp-content\/uploads\/2024\/09\/rydzewo-50x38.jpg 50w, https:\/\/umrajgrod.pl\/wp-content\/uploads\/2024\/09\/rydzewo-1600x1200.jpg 1600w\" sizes=\"auto, (max-width: 2016px) 100vw, 2016px\" \/><button\n\t\t\tclass=\"lightbox-trigger\"\n\t\t\ttype=\"button\"\n\t\t\taria-haspopup=\"dialog\"\n\t\t\taria-label=\"Enlarge\"\n\t\t\tdata-wp-init=\"callbacks.initTriggerButton\"\n\t\t\tdata-wp-on--click=\"actions.showLightbox\"\n\t\t\tdata-wp-style--right=\"state.imageButtonRight\"\n\t\t\tdata-wp-style--top=\"state.imageButtonTop\"\n\t\t>\n\t\t\t<svg xmlns=\"http:\/\/www.w3.org\/2000\/svg\" width=\"12\" height=\"12\" fill=\"none\" viewBox=\"0 0 12 12\">\n\t\t\t\t<path fill=\"#fff\" d=\"M2 0a2 2 0 0 0-2 2v2h1.5V2a.5.5 0 0 1 .5-.5h2V0H2Zm2 10.5H2a.5.5 0 0 1-.5-.5V8H0v2a2 2 0 0 0 2 2h2v-1.5ZM8 12v-1.5h2a.5.5 0 0 0 .5-.5V8H12v2a2 2 0 0 1-2 2H8Zm2-12a2 2 0 0 1 2 2v2h-1.5V2a.5.5 0 0 0-.5-.5H8V0h2Z\" \/>\n\t\t\t<\/svg>\n\t\t<\/button><\/figure>\n<\/div>\n\n\n\n<div class=\"wp-block-column is-layout-flow wp-block-column-is-layout-flow\">\n<h3 class=\"wp-block-heading\"><strong>\u015aWIETLICA WIEJSKA W RYDZEWIE<\/strong><\/h3>\n\n\n\n<div class=\"wp-block-buttons is-layout-flex wp-block-buttons-is-layout-flex\">\n<div class=\"wp-block-button\"><a class=\"wp-block-button__link wp-element-button\" href=\"https:\/\/umrajgrod.pl\/swietlica-wiejska-w-rydzewie\/\">Zobacz<\/a><\/div>\n<\/div>\n\n\n\n<div class=\"wp-block-buttons is-layout-flex wp-block-buttons-is-layout-flex\">\n<div class=\"wp-block-button\"><a class=\"wp-block-button__link wp-element-button\" href=\"https:\/\/umrajgrod.pl\/wynajem-swietlicy-w-rydzewie\/\">Wynajem<\/a><\/div>\n<\/div>\n\n\n\n<div class=\"wp-block-buttons is-layout-flex wp-block-buttons-is-layout-flex\">\n<div class=\"wp-block-button\"><a class=\"wp-block-button__link wp-element-button\" href=\"https:\/\/umrajgrod.pl\/rozliczenie-roczne-swietlicy-rydzewo\/\">Rozliczenie<\/a><\/div>\n<\/div>\n<\/div>\n<\/div>\n\n\n\n<div class=\"wp-block-columns is-layout-flex wp-container-core-columns-is-layout-28f84493 wp-block-columns-is-layout-flex\">\n<div class=\"wp-block-column is-layout-flow wp-block-column-is-layout-flow\">\n<figure class=\"wp-block-image size-large\"><img loading=\"lazy\" decoding=\"async\" width=\"1024\" height=\"768\" src=\"https:\/\/umrajgrod.pl\/wp-content\/uploads\/2023\/08\/Remiza-1-1024x768.jpg\" alt=\"\" class=\"wp-image-23915\" srcset=\"https:\/\/umrajgrod.pl\/wp-content\/uploads\/2023\/08\/Remiza-1-1024x768.jpg 1024w, https:\/\/umrajgrod.pl\/wp-content\/uploads\/2023\/08\/Remiza-1-300x225.jpg 300w, https:\/\/umrajgrod.pl\/wp-content\/uploads\/2023\/08\/Remiza-1-768x576.jpg 768w, https:\/\/umrajgrod.pl\/wp-content\/uploads\/2023\/08\/Remiza-1-1536x1152.jpg 1536w, https:\/\/umrajgrod.pl\/wp-content\/uploads\/2023\/08\/Remiza-1-2048x1536.jpg 2048w\" sizes=\"auto, (max-width: 1024px) 100vw, 1024px\" \/><\/figure>\n<\/div>\n\n\n\n<div class=\"wp-block-column is-layout-flow wp-block-column-is-layout-flow\">\n<h3 class=\"wp-block-heading\"><strong>\u015aWIETLICA WIEJSKA W WO\u0179NEJWSI<\/strong><\/h3>\n\n\n\n<div class=\"wp-block-buttons is-layout-flex wp-block-buttons-is-layout-flex\">\n<div class=\"wp-block-button\"><a class=\"wp-block-button__link wp-element-button\" href=\"https:\/\/umrajgrod.pl\/swietlica-wiejska-w-woznejwsi\/\">Zobacz<\/a><\/div>\n<\/div>\n\n\n\n<div class=\"wp-block-buttons is-layout-flex wp-block-buttons-is-layout-flex\">\n<div class=\"wp-block-button\"><a class=\"wp-block-button__link wp-element-button\" href=\"https:\/\/umrajgrod.pl\/wynajem-swietlicy-w-woznejwsi\/\">Wynajem<\/a><\/div>\n<\/div>\n\n\n\n<div class=\"wp-block-buttons is-layout-flex wp-block-buttons-is-layout-flex\">\n<div class=\"wp-block-button\"><a class=\"wp-block-button__link wp-element-button\" href=\"https:\/\/umrajgrod.pl\/rozliczenie-roczne-swietlicy-woznawies\/\">Rozliczenie<\/a><\/div>\n<\/div>\n<\/div>\n<\/div>\n\n\n\n<p><\/p>\n\n\n\n<p><\/p>\n","protected":false},"excerpt":{"rendered":"<p>BE\u0141DA BIEBRZA KOS\u00d3WKA PIE\u0143CZYKOWO \u015aWIETLICA WIEJSKA W RYDZEWIE \u015aWIETLICA WIEJSKA W WO\u0179NEJWSI<\/p>\n","protected":false},"author":4,"featured_media":0,"parent":0,"menu_order":0,"comment_status":"closed","ping_status":"closed","template":"","meta":{"inline_featured_image":false,"site-sidebar-layout":"default","site-content-layout":"","ast-site-content-layout":"default","site-content-style":"default","site-sidebar-style":"default","ast-global-header-display":"","ast-banner-title-visibility":"","ast-main-header-display":"","ast-hfb-above-header-display":"","ast-hfb-below-header-display":"","ast-hfb-mobile-header-display":"","site-post-title":"","ast-breadcrumbs-content":"","ast-featured-img":"","footer-sml-layout":"","ast-disable-related-posts":"","theme-transparent-header-meta":"","adv-header-id-meta":"","stick-header-meta":"","header-above-stick-meta":"","header-main-stick-meta":"","header-below-stick-meta":"","astra-migrate-meta-layouts":"set","ast-page-background-enabled":"default","ast-page-background-meta":{"desktop":{"background-color":"var(--ast-global-color-4)","background-image":"","background-repeat":"repeat","background-position":"center center","background-size":"auto","background-attachment":"scroll","background-type":"","background-media":"","overlay-type":"","overlay-color":"","overlay-opacity":"","overlay-gradient":""},"tablet":{"background-color":"","background-image":"","background-repeat":"repeat","background-position":"center center","background-size":"auto","background-attachment":"scroll","background-type":"","background-media":"","overlay-type":"","overlay-color":"","overlay-opacity":"","overlay-gradient":""},"mobile":{"background-color":"","background-image":"","background-repeat":"repeat","background-position":"center center","background-size":"auto","background-attachment":"scroll","background-type":"","background-media":"","overlay-type":"","overlay-color":"","overlay-opacity":"","overlay-gradient":""}},"ast-content-background-meta":{"desktop":{"background-color":"var(--ast-global-color-5)","background-image":"","background-repeat":"repeat","background-position":"center center","background-size":"auto","background-attachment":"scroll","background-type":"","background-media":"","overlay-type":"","overlay-color":"","overlay-opacity":"","overlay-gradient":""},"tablet":{"background-color":"var(--ast-global-color-5)","background-image":"","background-repeat":"repeat","background-position":"center center","background-size":"auto","background-attachment":"scroll","background-type":"","background-media":"","overlay-type":"","overlay-color":"","overlay-opacity":"","overlay-gradient":""},"mobile":{"background-color":"var(--ast-global-color-5)","background-image":"","background-repeat":"repeat","background-position":"center center","background-size":"auto","background-attachment":"scroll","background-type":"","background-media":"","overlay-type":"","overlay-color":"","overlay-opacity":"","overlay-gradient":""}},"footnotes":""},"class_list":["post-28271","page","type-page","status-publish","hentry"],"_links":{"self":[{"href":"https:\/\/umrajgrod.pl\/en\/wp-json\/wp\/v2\/pages\/28271","targetHints":{"allow":["GET"]}}],"collection":[{"href":"https:\/\/umrajgrod.pl\/en\/wp-json\/wp\/v2\/pages"}],"about":[{"href":"https:\/\/umrajgrod.pl\/en\/wp-json\/wp\/v2\/types\/page"}],"author":[{"embeddable":true,"href":"https:\/\/umrajgrod.pl\/en\/wp-json\/wp\/v2\/users\/4"}],"replies":[{"embeddable":true,"href":"https:\/\/umrajgrod.pl\/en\/wp-json\/wp\/v2\/comments?post=28271"}],"version-history":[{"count":20,"href":"https:\/\/umrajgrod.pl\/en\/wp-json\/wp\/v2\/pages\/28271\/revisions"}],"predecessor-version":[{"id":76045,"href":"https:\/\/umrajgrod.pl\/en\/wp-json\/wp\/v2\/pages\/28271\/revisions\/76045"}],"wp:attachment":[{"href":"https:\/\/umrajgrod.pl\/en\/wp-json\/wp\/v2\/media?parent=28271"}],"curies":[{"name":"wp","href":"https:\/\/api.w.org\/{rel}","templated":true}]}}