{"id":28274,"date":"2023-08-23T15:20:41","date_gmt":"2023-08-23T13:20:41","guid":{"rendered":"https:\/\/umrajgrod.pl\/filmy\/"},"modified":"2024-01-04T09:37:15","modified_gmt":"2024-01-04T08:37:15","slug":"filmy","status":"publish","type":"page","link":"https:\/\/umrajgrod.pl\/en\/filmy\/","title":{"rendered":"Filmy"},"content":{"rendered":"\n<h2 class=\"wp-block-heading\">Film Promuj\u0105cy Gmin\u0119 Rajgr\u00f3d<\/h2>\n\n\n\n<div class=\"wp-block-columns is-layout-flex wp-container-core-columns-is-layout-28f84493 wp-block-columns-is-layout-flex\">\n<div class=\"wp-block-column is-layout-flow wp-block-column-is-layout-flow\">\n<figure class=\"wp-block-image size-full\"><a href=\"https:\/\/umrajgrod.pl\/film-promujacy-gmine-rajgrod\/\"><img loading=\"lazy\" decoding=\"async\" width=\"640\" height=\"362\" src=\"https:\/\/umrajgrod.pl\/wp-content\/uploads\/2023\/08\/5b58370a2b5b3-Dok2.jpg\" alt=\"\" class=\"wp-image-22745\" srcset=\"https:\/\/umrajgrod.pl\/wp-content\/uploads\/2023\/08\/5b58370a2b5b3-Dok2.jpg 640w, https:\/\/umrajgrod.pl\/wp-content\/uploads\/2023\/08\/5b58370a2b5b3-Dok2-300x170.jpg 300w\" sizes=\"auto, (max-width: 640px) 100vw, 640px\" \/><\/a><\/figure>\n<\/div>\n\n\n\n<div class=\"wp-block-column is-layout-flow wp-block-column-is-layout-flow\">\n<p>Drodzy mieszka\u0144cy, tury\u015bci oraz mi\u0142o\u015bnicy naszego pi\u0119knego Rajgrodu! Mamy zaszczyt zaprezentowa\u0107 Pa\u0144stwu film oraz spot promuj\u0105ce Gmin\u0119 Rajgr\u00f3d.<\/p>\n\n\n\n<div class=\"wp-block-buttons is-layout-flex wp-block-buttons-is-layout-flex\">\n<div class=\"wp-block-button\"><a class=\"wp-block-button__link wp-element-button\" href=\"https:\/\/umrajgrod.pl\/film-promujacy-gmine-rajgrod\/\">Zobacz<\/a><\/div>\n<\/div>\n<\/div>\n<\/div>\n\n\n\n<h2 class=\"wp-block-heading\">YouTube &#8211; kana\u0142 Urz\u0119du Miejskiego w Rajgrodzie<\/h2>\n\n\n\n<div class=\"wp-block-columns is-layout-flex wp-container-core-columns-is-layout-28f84493 wp-block-columns-is-layout-flex\">\n<div class=\"wp-block-column is-layout-flow wp-block-column-is-layout-flow\">\n<figure class=\"wp-block-image size-full\"><a href=\"https:\/\/www.youtube.com\/@GminaRajgrod_podlaskie\/featured\" target=\"_blank\" rel=\"noopener\"><img loading=\"lazy\" decoding=\"async\" width=\"800\" height=\"460\" src=\"https:\/\/umrajgrod.pl\/wp-content\/uploads\/2023\/08\/56d0965524dc2-Prezentacja1.jpg\" alt=\"\" class=\"wp-image-22721\" srcset=\"https:\/\/umrajgrod.pl\/wp-content\/uploads\/2023\/08\/56d0965524dc2-Prezentacja1.jpg 800w, https:\/\/umrajgrod.pl\/wp-content\/uploads\/2023\/08\/56d0965524dc2-Prezentacja1-300x173.jpg 300w, https:\/\/umrajgrod.pl\/wp-content\/uploads\/2023\/08\/56d0965524dc2-Prezentacja1-768x442.jpg 768w\" sizes=\"auto, (max-width: 800px) 100vw, 800px\" \/><\/a><\/figure>\n<\/div>\n\n\n\n<div class=\"wp-block-column is-layout-flow wp-block-column-is-layout-flow\">\n<p>Prezentacja najciekawszych miejsc w Rajgrodzie stworzona zosta\u0142a w ramach realizacji przez Powiat Grajewski projektu &#8220;Rewitalizacja zabytkowego centrum miejscowo\u015bci Rajgr\u00f3d poprzez remont chodnik\u00f3w i parking\u00f3w, jako obszaru zale\u017cnego od rybactwa&#8221;<\/p>\n\n\n\n<div class=\"wp-block-buttons is-layout-flex wp-block-buttons-is-layout-flex\">\n<div class=\"wp-block-button\"><a class=\"wp-block-button__link wp-element-button\" href=\"https:\/\/www.youtube.com\/@GminaRajgrod_podlaskie\/featured\" target=\"_blank\" rel=\"noopener\">Zobacz<\/a><\/div>\n<\/div>\n<\/div>\n<\/div>\n","protected":false},"excerpt":{"rendered":"<p>Film Promuj\u0105cy Gmin\u0119 Rajgr\u00f3d Drodzy mieszka\u0144cy, tury\u015bci oraz mi\u0142o\u015bnicy naszego pi\u0119knego Rajgrodu! Mamy zaszczyt zaprezentowa\u0107 Pa\u0144stwu film oraz spot promuj\u0105ce [&hellip;]<\/p>\n","protected":false},"author":4,"featured_media":0,"parent":0,"menu_order":0,"comment_status":"closed","ping_status":"closed","template":"","meta":{"inline_featured_image":false,"site-sidebar-layout":"default","site-content-layout":"","ast-site-content-layout":"default","site-content-style":"default","site-sidebar-style":"default","ast-global-header-display":"","ast-banner-title-visibility":"","ast-main-header-display":"","ast-hfb-above-header-display":"","ast-hfb-below-header-display":"","ast-hfb-mobile-header-display":"","site-post-title":"","ast-breadcrumbs-content":"","ast-featured-img":"","footer-sml-layout":"","ast-disable-related-posts":"","theme-transparent-header-meta":"","adv-header-id-meta":"","stick-header-meta":"","header-above-stick-meta":"","header-main-stick-meta":"","header-below-stick-meta":"","astra-migrate-meta-layouts":"set","ast-page-background-enabled":"default","ast-page-background-meta":{"desktop":{"background-color":"var(--ast-global-color-4)","background-image":"","background-repeat":"repeat","background-position":"center center","background-size":"auto","background-attachment":"scroll","background-type":"","background-media":"","overlay-type":"","overlay-color":"","overlay-opacity":"","overlay-gradient":""},"tablet":{"background-color":"","background-image":"","background-repeat":"repeat","background-position":"center center","background-size":"auto","background-attachment":"scroll","background-type":"","background-media":"","overlay-type":"","overlay-color":"","overlay-opacity":"","overlay-gradient":""},"mobile":{"background-color":"","background-image":"","background-repeat":"repeat","background-position":"center center","background-size":"auto","background-attachment":"scroll","background-type":"","background-media":"","overlay-type":"","overlay-color":"","overlay-opacity":"","overlay-gradient":""}},"ast-content-background-meta":{"desktop":{"background-color":"var(--ast-global-color-5)","background-image":"","background-repeat":"repeat","background-position":"center center","background-size":"auto","background-attachment":"scroll","background-type":"","background-media":"","overlay-type":"","overlay-color":"","overlay-opacity":"","overlay-gradient":""},"tablet":{"background-color":"var(--ast-global-color-5)","background-image":"","background-repeat":"repeat","background-position":"center center","background-size":"auto","background-attachment":"scroll","background-type":"","background-media":"","overlay-type":"","overlay-color":"","overlay-opacity":"","overlay-gradient":""},"mobile":{"background-color":"var(--ast-global-color-5)","background-image":"","background-repeat":"repeat","background-position":"center center","background-size":"auto","background-attachment":"scroll","background-type":"","background-media":"","overlay-type":"","overlay-color":"","overlay-opacity":"","overlay-gradient":""}},"footnotes":""},"class_list":["post-28274","page","type-page","status-publish","hentry"],"_links":{"self":[{"href":"https:\/\/umrajgrod.pl\/en\/wp-json\/wp\/v2\/pages\/28274","targetHints":{"allow":["GET"]}}],"collection":[{"href":"https:\/\/umrajgrod.pl\/en\/wp-json\/wp\/v2\/pages"}],"about":[{"href":"https:\/\/umrajgrod.pl\/en\/wp-json\/wp\/v2\/types\/page"}],"author":[{"embeddable":true,"href":"https:\/\/umrajgrod.pl\/en\/wp-json\/wp\/v2\/users\/4"}],"replies":[{"embeddable":true,"href":"https:\/\/umrajgrod.pl\/en\/wp-json\/wp\/v2\/comments?post=28274"}],"version-history":[{"count":4,"href":"https:\/\/umrajgrod.pl\/en\/wp-json\/wp\/v2\/pages\/28274\/revisions"}],"predecessor-version":[{"id":38089,"href":"https:\/\/umrajgrod.pl\/en\/wp-json\/wp\/v2\/pages\/28274\/revisions\/38089"}],"wp:attachment":[{"href":"https:\/\/umrajgrod.pl\/en\/wp-json\/wp\/v2\/media?parent=28274"}],"curies":[{"name":"wp","href":"https:\/\/api.w.org\/{rel}","templated":true}]}}