{"id":28289,"date":"2023-08-24T11:46:15","date_gmt":"2023-08-24T09:46:15","guid":{"rendered":"https:\/\/umrajgrod.pl\/deklaracja-dostepnosci\/"},"modified":"2026-03-12T08:24:37","modified_gmt":"2026-03-12T07:24:37","slug":"deklaracja-dostepnosci","status":"publish","type":"page","link":"https:\/\/umrajgrod.pl\/en\/deklaracja-dostepnosci\/","title":{"rendered":"Deklaracja dost\u0119pno\u015bci"},"content":{"rendered":"\n<ul class=\"wp-block-list\">\n<li><\/li>\n<\/ul>\n\n\n\n<div>\n                    <h2 id=\"a11y-deklaracja\">Deklaracja dost\u0119pno\u015bci<\/h2>\n                    <section id=\"a11y-wstep\">\n                        <p><span id=\"a11y-podmiot\">Urz\u0105d Miejski w Rajgrodzie<\/span> zobowi\u0105zuje si\u0119 zapewni\u0107 dost\u0119pno\u015b\u0107 swojej\n                            <span id=\"a11y-zakres\">strony internetowej<\/span> zgodnie z ustaw\u0105 z dnia 4 kwietnia 2019 r. o dost\u0119pno\u015bci cyfrowej stron internetowych i aplikacji mobilnych podmiot\u00f3w publicznych.<\/p>\n                        <p>Deklaracja dost\u0119pno\u015bci dotyczy strony <a href=\"https:\/\/umrajgrod.pl\" title=\"Link do strony domowej\" id=\"a11y-url\">Serwis internetowy Urz\u0105du Miejskiego w Rajgrodzie<\/a>.<\/p>\n                    <\/section>\n                    <ul>\n                        <li>Data publikacji strony internetowej: <time id=\"a11y-data-publikacja\" datetime=\"2023-10-26\">\n                            26 pa\u017adziernik 2023 r.<\/time>\n                        <\/li>\n                        <li>Data ostatniej istotnej aktualizacji: <time id=\"a11y-data-aktualizacja\" datetime=\"2023-10-26\">\n                            26 pa\u017adziernik 2023 r.<\/time>\n                        <\/li>\n                    <\/ul>\n                    <h2>Stan dost\u0119pno\u015bci cyfrowej<\/h2>\n\n<!-- Dynamiczne generowanie tre\u015bci dla strony internetowej lub aplikacji mobilnej -->\n                    \n            <p id=\"a11y-status\">Ta strona internetowa jest cz\u0119\u015bciowo zgodna z za\u0142\u0105cznikiem do ustawy o dost\u0119pno\u015bci cyfrowej z dnia 4 kwietnia 2019 r. o dost\u0119pno\u015bci cyfrowej stron internetowych i aplikacji mobilnych podmiot\u00f3w publicznych z powodu niezgodno\u015bci lub wy\u0142\u0105cze\u0144 wymienionych poni\u017cej.<\/p>\n            \n\n                    \n<h2>Niedost\u0119pne tre\u015bci<\/h2>\n        \n        <h3>Nadmierne koszty<\/h3>\n        <p id=\"a11y-ocena\">Zdarzaj\u0105 si\u0119 przypadki braku tekstu alternatywnego dla niekt\u00f3rych obraz\u00f3w. Niekt\u00f3re przyciski nie posiadaj\u0105 tekstu opisowego. Wyst\u0119puj\u0105 b\u0142\u0119dy kontrastowe. Zdarzaj\u0105 si\u0119 przypadki zdublowanego tekstu alternatywnego oraz link\u00f3w.<\/p>\n\n\n        \n\n\n\n                    <h2>Przygotowanie deklaracji dost\u0119pno\u015bci<\/h2>\n                    <h3>Przygotowanie deklaracji dost\u0119pno\u015bci i jej aktualizacja<\/h3>\n                    <ul>\n                        <li>Data sporz\u0105dzenia deklaracji:\n                            <time id=\"a11y-data-sporzadzenie\" datetime=\"2023-10-26\">\n                                26 pa\u017adziernik 2023 r.<\/time>\n                        <\/li>\n                        <li>Data ostatniego przegl\u0105du deklaracji:\n                            <time id=\"a11y-data-przeglad\" datetime=\"2026-03-12\">\n                                12 marzec 2026 r.<\/time>\n                        <\/li>\n                    <\/ul>\n\n                    \n            <p>Deklaracj\u0119 sporz\u0105dzili\u015bmy na podstawie samooceny w oparciu o <a href=\"https:\/\/www.gov.pl\/attachment\/1a3e2bb5-6d60-4897-ac2f-07a8e91e70ed\" target=\"_blank\" rel=\"noopener\">List\u0119 kontroln\u0105 do badania dost\u0119pno\u015bci cyfrowej strony internetowej v. 2.2 (docx, 0,12MB)<\/a>.<\/p>\n            \n\n                    \n                    <!-- Informacje dodatkowe -->\n            <h2>Udogodnienia, ograniczenia i inne informacje<\/h2>        \n            <ul id=\"a11y-skroty-klawiaturowe\">\n                <li>Dok\u0142adamy wszelkich stara\u0144 aby nasz serwis umrajgrod.pl by\u0142 zgodny z ustaw\u0105 z dnia 4 kwietnia 2019 r. o dost\u0119pno\u015bci cyfrowej stron internetowych i aplikacji mobilnych podmiot\u00f3w publicznych.<\/li>\n            <\/ul>\n            \n\n                    \n\n                    <h2>Informacje zwrotne i dane kontaktowe<\/h2>\n                    <p>Wszystkie problemy z dost\u0119pno\u015bci\u0105 cyfrow\u0105 tej strony internetowej mo\u017cesz zg\u0142osi\u0107 do <span id=\"a11y-kontakt\">Piotr Hubert Matysiewicz<\/span> \u2014 mailowo <a id=\"a11y-email\" href=\"mailto:hmatysiewicz@umrajgrod.pl\">hmatysiewicz@umrajgrod.pl<\/a>\n                        lub telefonicznie <a href=\"tel:862721957\" id=\"a11y-telefon\">862721957<\/a>.\n                    <\/p>\n                    <p>Ka\u017cdy ma prawo wyst\u0105pi\u0107 z \u017c\u0105daniem zapewnienia dost\u0119pno\u015bci cyfrowej tej strony internetowej lub jej element\u00f3w.<\/p>\n\n                    <p>Zg\u0142aszaj\u0105c takie \u017c\u0105danie, podaj:<\/p>\n                    <ul>\n                        <li>swoje imi\u0119 i nazwisko,<\/li>\n                        <li>swoje dane kontaktowe (np. numer telefonu, e-mail),<\/li>\n                        <li>dok\u0142adny adres strony internetowej, na kt\u00f3rej jest niedost\u0119pny cyfrowo element lub tre\u015b\u0107,<\/li>\n                        <li>opis na czym polega problem i jaki spos\u00f3b jego rozwi\u0105zania by\u0142by dla Ciebie najwygodniejszy.<\/li>\n                    <\/ul>\n\n                    <p>Na Twoje zg\u0142oszenie odpowiemy najszybciej jak to mo\u017cliwe, nie p\u00f3\u017aniej ni\u017c w ci\u0105gu 7 dni od jego otrzymania.<\/p>\n\n                    <p>Je\u017celi ten termin b\u0119dzie dla nas zbyt kr\u00f3tki, poinformujemy Ci\u0119 o tym. W tej informacji podamy nowy termin, do kt\u00f3rego poprawimy zg\u0142oszone przez Ciebie b\u0142\u0119dy lub przygotujemy informacje w alternatywny spos\u00f3b. Ten nowy termin nie b\u0119dzie d\u0142u\u017cszy ni\u017c 2 miesi\u0105ce.<\/p>\n\n                    <p>Je\u017celi nie b\u0119dziemy w stanie zapewni\u0107 dost\u0119pno\u015bci cyfrowej strony internetowej lub tre\u015bci, wskazanej w Twoim \u017c\u0105daniu, zaproponujemy Ci dost\u0119p do nich w alternatywny spos\u00f3b.<\/p>\n\n                    <section id=\"a11y-procedura\">\n                        <h3>Obs\u0142uga wniosk\u00f3w i skarg zwi\u0105zanych z dost\u0119pno\u015bci\u0105<\/h3>\n                        <p>Je\u017celi w odpowiedzi na Tw\u00f3j wniosek o zapewnienie dost\u0119pno\u015bci cyfrowej, odm\u00f3wimy zapewnienia \u017c\u0105danej przez Ciebie dost\u0119pno\u015bci cyfrowej, a Ty nie zgadzasz si\u0119 z t\u0105 odmow\u0105, masz prawo z\u0142o\u017cy\u0107 skarg\u0119.<\/p>\n                        <p>Skarg\u0119 masz prawo z\u0142o\u017cy\u0107 tak\u017ce, je\u015bli nie zgadzasz si\u0119 na skorzystanie z alternatywnego sposobu dost\u0119pu, kt\u00f3ry zaproponowali\u015bmy Ci w odpowiedzi na Tw\u00f3j wniosek o zapewnienie dost\u0119pno\u015bci cyfrowej.<\/p>\n                        <a href=\"https:\/\/www.gov.pl\/web\/gov\/zloz-wniosek-o-zapewnienie-dostepnosci-cyfrowej-strony-internetowej-lub-aplikacji-mobilnej\" target=\"_blank\" rel=\"noopener\">\n                            Pomocne mog\u0105 by\u0107 informacje, kt\u00f3re mo\u017cna znale\u017a\u0107 na rz\u0105dowym portalu gov.pl<\/a>.\n                        <p>Mo\u017cesz tak\u017ce poinformowa\u0107 o tej sytuacji <a href=\"https:\/\/bip.brpo.gov.pl\/\" target=\"_blank\" rel=\"noopener\"> Rzecznika Praw Obywatelskich<\/a> i poprosi\u0107 o interwencj\u0119 w Twojej sprawie<\/p>\n                    <\/section>\n\n                    \n            <h2>Pozosta\u0142e informacje<\/h2>\n\n            \n\n            \n                <section id=\"a11y-architektura\">\n                    <h3>Dost\u0119pno\u015b\u0107 architektoniczna<\/h3>\n                    <h4>ul. Warszawska 32, 19-206 Rajgr\u00f3d<\/h4>\n\n                    \n                        <p>Opis dost\u0119pno\u015bci wej\u015bcia do budynku: Na parkingu za budynkiem znajduje si\u0119 jedno miejsce parkingowe przeznaczone dla os\u00f3b niepe\u0142nosprawnych. Do wej\u015bcia g\u0142\u00f3wnego prowadz\u0105 schody sk\u0142adaj\u0105ce si\u0119 z 4 stopni zabezpieczone barierkami oraz pochylnia. Budynek Urz\u0119du Miejskiego sk\u0142ada si\u0119 z 3 kondygnacji \u2013 parter i 2 pi\u0119tra. Na parterze po lewej stronie od wej\u015bcia znajduje si\u0119 punkt informacyjny, w kt\u00f3rym osoby ze szczeg\u00f3lnymi potrzebami mog\u0105 zg\u0142asza\u0107 potrzeb\u0119 komunikacji z poszczeg\u00f3lnymi pracownikami bez konieczno\u015bci przemieszczania si\u0119 na wy\u017csze pi\u0119tra.\nOpis dost\u0119pno\u015bci pomieszcze\u0144, korytarzy i schod\u00f3w: Komunikacja z poziomu parteru na kolejne pi\u0119tra schodami, brak windy oraz platformy przyschodowej. \u0141azienka oraz pomieszczenia znajduj\u0105ce si\u0119 na parterze budynku dostosowane do potrzeb os\u00f3b niepe\u0142nosprawnych.<\/p>\n                        \n                <\/section>\n                \n\n            \n                <section id=\"a11y-komunikacja\">\n                    <h3>Dost\u0119pno\u015b\u0107 komunikacyjno-informacyjna<\/h3>\n                    <p>Opis dost\u0119pno\u015bci komunikacyjnej:<\/p>\n                    <p>Brak informacji g\u0142osowych oraz p\u0119tli indukcyjnej. W budynku nie ma oznacze\u0144 w Alfabecie Braille\u2019a ani oznacze\u0144 kontrastowych lub w druku powi\u0119kszonym dla os\u00f3b niewidomych i s\u0142abo widz\u0105cych.\nDo budynku i wszystkich jego pomieszcze\u0144 mo\u017cna wej\u015b\u0107 z psem asystuj\u0105cym i psem przewodnikiem.\nUrz\u0105d zapewnia mo\u017cliwo\u015b\u0107 skorzystania z us\u0142ug t\u0142umacza j\u0119zyka migowego.<\/p>\n                <\/section>\n                \n            \n                <\/div>\n\n\n\n<p><\/p>\n","protected":false},"excerpt":{"rendered":"<p>Deklaracja dost\u0119pno\u015bci Urz\u0105d Miejski w Rajgrodzie zobowi\u0105zuje si\u0119 zapewni\u0107 dost\u0119pno\u015b\u0107 swojej strony internetowej zgodnie z ustaw\u0105 z dnia 4 kwietnia [&hellip;]<\/p>\n","protected":false},"author":4,"featured_media":0,"parent":0,"menu_order":0,"comment_status":"closed","ping_status":"closed","template":"","meta":{"inline_featured_image":false,"site-sidebar-layout":"default","site-content-layout":"","ast-site-content-layout":"default","site-content-style":"default","site-sidebar-style":"default","ast-global-header-display":"","ast-banner-title-visibility":"","ast-main-header-display":"","ast-hfb-above-header-display":"","ast-hfb-below-header-display":"","ast-hfb-mobile-header-display":"","site-post-title":"","ast-breadcrumbs-content":"","ast-featured-img":"","footer-sml-layout":"","ast-disable-related-posts":"","theme-transparent-header-meta":"","adv-header-id-meta":"","stick-header-meta":"","header-above-stick-meta":"","header-main-stick-meta":"","header-below-stick-meta":"","astra-migrate-meta-layouts":"set","ast-page-background-enabled":"default","ast-page-background-meta":{"desktop":{"background-color":"var(--ast-global-color-4)","background-image":"","background-repeat":"repeat","background-position":"center center","background-size":"auto","background-attachment":"scroll","background-type":"","background-media":"","overlay-type":"","overlay-color":"","overlay-opacity":"","overlay-gradient":""},"tablet":{"background-color":"","background-image":"","background-repeat":"repeat","background-position":"center center","background-size":"auto","background-attachment":"scroll","background-type":"","background-media":"","overlay-type":"","overlay-color":"","overlay-opacity":"","overlay-gradient":""},"mobile":{"background-color":"","background-image":"","background-repeat":"repeat","background-position":"center center","background-size":"auto","background-attachment":"scroll","background-type":"","background-media":"","overlay-type":"","overlay-color":"","overlay-opacity":"","overlay-gradient":""}},"ast-content-background-meta":{"desktop":{"background-color":"var(--ast-global-color-5)","background-image":"","background-repeat":"repeat","background-position":"center center","background-size":"auto","background-attachment":"scroll","background-type":"","background-media":"","overlay-type":"","overlay-color":"","overlay-opacity":"","overlay-gradient":""},"tablet":{"background-color":"var(--ast-global-color-5)","background-image":"","background-repeat":"repeat","background-position":"center center","background-size":"auto","background-attachment":"scroll","background-type":"","background-media":"","overlay-type":"","overlay-color":"","overlay-opacity":"","overlay-gradient":""},"mobile":{"background-color":"var(--ast-global-color-5)","background-image":"","background-repeat":"repeat","background-position":"center center","background-size":"auto","background-attachment":"scroll","background-type":"","background-media":"","overlay-type":"","overlay-color":"","overlay-opacity":"","overlay-gradient":""}},"footnotes":""},"class_list":["post-28289","page","type-page","status-publish","hentry"],"_links":{"self":[{"href":"https:\/\/umrajgrod.pl\/en\/wp-json\/wp\/v2\/pages\/28289","targetHints":{"allow":["GET"]}}],"collection":[{"href":"https:\/\/umrajgrod.pl\/en\/wp-json\/wp\/v2\/pages"}],"about":[{"href":"https:\/\/umrajgrod.pl\/en\/wp-json\/wp\/v2\/types\/page"}],"author":[{"embeddable":true,"href":"https:\/\/umrajgrod.pl\/en\/wp-json\/wp\/v2\/users\/4"}],"replies":[{"embeddable":true,"href":"https:\/\/umrajgrod.pl\/en\/wp-json\/wp\/v2\/comments?post=28289"}],"version-history":[{"count":5,"href":"https:\/\/umrajgrod.pl\/en\/wp-json\/wp\/v2\/pages\/28289\/revisions"}],"predecessor-version":[{"id":84901,"href":"https:\/\/umrajgrod.pl\/en\/wp-json\/wp\/v2\/pages\/28289\/revisions\/84901"}],"wp:attachment":[{"href":"https:\/\/umrajgrod.pl\/en\/wp-json\/wp\/v2\/media?parent=28289"}],"curies":[{"name":"wp","href":"https:\/\/api.w.org\/{rel}","templated":true}]}}